{"id":10536,"date":"2023-06-08T10:23:48","date_gmt":"2023-06-08T08:23:48","guid":{"rendered":"https:\/\/heimatland-um.eu\/?page_id=10536"},"modified":"2023-07-19T12:51:55","modified_gmt":"2023-07-19T10:51:55","slug":"gesetzblatt-nummer-1848-nr-11-strassen-im-kreis-soldin-neumark-0-2","status":"publish","type":"page","link":"https:\/\/heimatland-um.eu\/?page_id=10536","title":{"rendered":"Gesetzblatt 1848 Nr. 2942 &#038; 2943 &#8211; Stra\u00dfen im Kreis Soldin\/Neumark [0]"},"content":{"rendered":"<div class=\"su-spacer\" style=\"height:15px\"><\/div>\n\n\n\n<p>Allerh\u00f6chste Kabinetsorder vom 20. Februar 1848., betreffend die den St\u00e4nden des Soldiner Kreises bewilligten fiskalischen Vorrechte in Bezug auf den Bau und die Unterhaltung der in diesem Kreis fallenden Theile der Stra\u00dfen<br>1) von C\u00fcstrin (Kostrzyn) \u00fcber Neudamm (D\u0119bno), Soldin (My\u015blib\u00f3rz), Lippehne (Lipiany) und Pyritz (Pyrzyce) nach Stettin (Szczecin),<br>2) von Soldin \u00fcber Sch\u00f6nflie\u00df (Trzci\u0144sko Zdr\u00f3j) und K\u00f6nigsberg (Chojna) nach Schwedt (\u015awiecie) und<br>3) von Landsberg (Gorz\u00f3w Wielkopolski) \u00fcber Berlinchen (Barlinek) und Bernstein (Pe\u0142czyce) nach Stargard (Stargard Szczeci\u0144ski)<\/p>\n\n\n<div class=\"su-spacer\" style=\"height:15px\"><\/div>\n\n\n\n\t\t<div class=\"wppdfemb-frame-container-1\" style=\"-webkit-overflow-scrolling:auto;\">\n\t\t\t<iframe class=\"pdfembed-iframe nonfullscreen wppdf-emb-iframe-1\"\n\t\t\t\tsrc=\"https:\/\/heimatland-um.eu\/?pdfemb-data=eyJwZGZJRCI6MTA1MzgsImluZGV4IjoxLCJwZGZlbWItc2VydmV1cmwiOiJodHRwcyUzQSUyRiUyRmhlaW1hdGxhbmQtdW0uZXUlMkZ3cC1jb250ZW50JTJGdXBsb2FkcyUyRnNlY3VyZXBkZnMlMkYyMDIzJTJGMDYlMkZHQl8xMV8xODQ4LTAyLTIwX1N0cmFzc2VuX0hVTS5wZGYiLCJ3bV90ZXh0IjoiZDNkM0xtaGxhVzFoZEd4aGJtUXRkVzB1WkdVTkNnMEtlM1Z6WlhKdVlXMWxmUTBLRFFwM2QzY3VhR1ZwYldGMGJHRnVaQzExYlM1a1pRPT0ifQ\"\n\t\t\t\t\t\t\t\tdata-pdf-id=\"10538\"\n\t\t\t\tdata-pdf-index=\"1\"\n\t\t\t\tstyle=\"border:none;width:100%;max-width:100%;height:100vh;\"\n\t\t\t\tscrolling=\"yes\">\n\t\t\t<\/iframe>\n\t\t<\/div>\n\n\t\t\n<p class=\"wp-block-pdfemb-pdf-embedder-viewer\"><\/p>\n\n\n<div class=\"su-spacer\" style=\"height:15px\"><\/div>\n\n\n<div class=\"su-divider su-divider-style-default\" style=\"margin:0px 0;border-width:1px;border-color:#999999\"><a href=\"#\" style=\"color:#999999\">Nach oben<\/a><\/div>\n<div class=\"gsp_post_data\" \r\n\t            data-post_type=\"page\" \r\n\t            data-cat=\"\" \r\n\t            data-modified=\"120\"\r\n\t            data-created=\"1686219828\"\r\n\t            data-title=\"Gesetzblatt 1848 Nr. 2942 &#038; 2943 &#8211; Stra\u00dfen im Kreis Soldin\/Neumark [0]\" \r\n\t            data-home=\"https:\/\/heimatland-um.eu\"><\/div>","protected":false},"excerpt":{"rendered":"<p>Allerh\u00f6chste Kabinetsorder vom 20. Februar 1848., betreffend die den St\u00e4nden des Soldiner Kreises bewilligten fiskalischen Vorrechte in Bezug auf den Bau und die Unterhaltung der in diesem Kreis fallenden Theile der Stra\u00dfen1) von C\u00fcstrin (Kostrzyn) \u00fcber Neudamm (D\u0119bno), Soldin (My\u015blib\u00f3rz), Lippehne (Lipiany) und Pyritz (Pyrzyce) nach Stettin (Szczecin),2) von Soldin \u00fcber Sch\u00f6nflie\u00df (Trzci\u0144sko Zdr\u00f3j) und K\u00f6nigsberg (Chojna) nach Schwedt (\u015awiecie) <a class=\"read-more\" href=\"https:\/\/heimatland-um.eu\/?page_id=10536\">weiterlesen<\/a><\/p>\n","protected":false},"author":1,"featured_media":0,"parent":10529,"menu_order":0,"comment_status":"closed","ping_status":"closed","template":"","meta":{"ngg_post_thumbnail":0,"footnotes":""},"folder":[],"class_list":["post-10536","page","type-page","status-publish","hentry"],"_links":{"self":[{"href":"https:\/\/heimatland-um.eu\/index.php?rest_route=\/wp\/v2\/pages\/10536","targetHints":{"allow":["GET"]}}],"collection":[{"href":"https:\/\/heimatland-um.eu\/index.php?rest_route=\/wp\/v2\/pages"}],"about":[{"href":"https:\/\/heimatland-um.eu\/index.php?rest_route=\/wp\/v2\/types\/page"}],"author":[{"embeddable":true,"href":"https:\/\/heimatland-um.eu\/index.php?rest_route=\/wp\/v2\/users\/1"}],"replies":[{"embeddable":true,"href":"https:\/\/heimatland-um.eu\/index.php?rest_route=%2Fwp%2Fv2%2Fcomments&post=10536"}],"version-history":[{"count":13,"href":"https:\/\/heimatland-um.eu\/index.php?rest_route=\/wp\/v2\/pages\/10536\/revisions"}],"predecessor-version":[{"id":10862,"href":"https:\/\/heimatland-um.eu\/index.php?rest_route=\/wp\/v2\/pages\/10536\/revisions\/10862"}],"up":[{"embeddable":true,"href":"https:\/\/heimatland-um.eu\/index.php?rest_route=\/wp\/v2\/pages\/10529"}],"wp:attachment":[{"href":"https:\/\/heimatland-um.eu\/index.php?rest_route=%2Fwp%2Fv2%2Fmedia&parent=10536"}],"wp:term":[{"taxonomy":"folder","embeddable":true,"href":"https:\/\/heimatland-um.eu\/index.php?rest_route=%2Fwp%2Fv2%2Ffolder&post=10536"}],"curies":[{"name":"wp","href":"https:\/\/api.w.org\/{rel}","templated":true}]}}