{"id":10563,"date":"2023-06-08T10:23:48","date_gmt":"2023-06-08T08:23:48","guid":{"rendered":"https:\/\/heimatland-um.eu\/?page_id=10563"},"modified":"2023-06-08T11:28:31","modified_gmt":"2023-06-08T09:28:31","slug":"gesetzblatt-nummer-1848-nr-11-strassen-im-kreis-soldin-neumark-0-3-2-2","status":"publish","type":"page","link":"https:\/\/heimatland-um.eu\/?page_id=10563","title":{"rendered":"Gesetzblatt 1868 Nr. 7166 &#8211; Tarife f\u00fcr die Benutzung der Oderbr\u00fccke bei Schwedt [0]"},"content":{"rendered":"<div class=\"su-spacer\" style=\"height:15px\"><\/div>\n\n\n\n<p>Allerh\u00f6chster Erla\u00df vom 29. Juni 1868., betreffend die Genehmigung des Tarifs (Zoll), nach welchem die Abgabe f\u00fcr die Benutzung der Oderbr\u00fccke bei Schwedt zu erheben ist.<\/p>\n\n\n<div class=\"su-spacer\" style=\"height:15px\"><\/div>\n\n\n\n\t\t<div class=\"wppdfemb-frame-container-1\" style=\"-webkit-overflow-scrolling:auto;\">\n\t\t\t<iframe class=\"pdfembed-iframe nonfullscreen wppdf-emb-iframe-1\"\n\t\t\t\tsrc=\"https:\/\/heimatland-um.eu\/?pdfemb-data=eyJwZGZJRCI6MTA1NjQsImluZGV4IjoxLCJwZGZlbWItc2VydmV1cmwiOiJodHRwcyUzQSUyRiUyRmhlaW1hdGxhbmQtdW0uZXUlMkZ3cC1jb250ZW50JTJGdXBsb2FkcyUyRnNlY3VyZXBkZnMlMkYyMDIzJTJGMDYlMkZHQl81M18xODY4LTA2LTI5X0JydWVja2VfSFVNLnBkZiIsIndtX3RleHQiOiJkM2QzTG1obGFXMWhkR3hoYm1RdGRXMHVaR1VOQ2cwS2UzVnpaWEp1WVcxbGZRMEtEUXAzZDNjdWFHVnBiV0YwYkdGdVpDMTFiUzVrWlE9PSJ9\"\n\t\t\t\t\t\t\t\tdata-pdf-id=\"10564\"\n\t\t\t\tdata-pdf-index=\"1\"\n\t\t\t\tstyle=\"border:none;width:100%;max-width:100%;height:100vh;\"\n\t\t\t\tscrolling=\"yes\">\n\t\t\t<\/iframe>\n\t\t<\/div>\n\n\t\t\n<p class=\"wp-block-pdfemb-pdf-embedder-viewer\"><\/p>\n\n\n<div class=\"su-spacer\" style=\"height:15px\"><\/div>\n\n\n<div class=\"su-divider su-divider-style-default\" style=\"margin:0px 0;border-width:1px;border-color:#999999\"><a href=\"#\" style=\"color:#999999\">Nach oben<\/a><\/div>\n<div class=\"gsp_post_data\" \r\n\t            data-post_type=\"page\" \r\n\t            data-cat=\"\" \r\n\t            data-modified=\"120\"\r\n\t            data-created=\"1686219828\"\r\n\t            data-title=\"Gesetzblatt 1868 Nr. 7166 &#8211; Tarife f\u00fcr die Benutzung der Oderbr\u00fccke bei Schwedt [0]\" \r\n\t            data-home=\"https:\/\/heimatland-um.eu\"><\/div>","protected":false},"excerpt":{"rendered":"<p>Allerh\u00f6chster Erla\u00df vom 29. Juni 1868., betreffend die Genehmigung des Tarifs (Zoll), nach welchem die Abgabe f\u00fcr die Benutzung der Oderbr\u00fccke bei Schwedt zu erheben ist.<\/p>\n","protected":false},"author":1,"featured_media":0,"parent":10529,"menu_order":0,"comment_status":"closed","ping_status":"closed","template":"","meta":{"ngg_post_thumbnail":0,"footnotes":""},"folder":[],"class_list":["post-10563","page","type-page","status-publish","hentry"],"_links":{"self":[{"href":"https:\/\/heimatland-um.eu\/index.php?rest_route=\/wp\/v2\/pages\/10563","targetHints":{"allow":["GET"]}}],"collection":[{"href":"https:\/\/heimatland-um.eu\/index.php?rest_route=\/wp\/v2\/pages"}],"about":[{"href":"https:\/\/heimatland-um.eu\/index.php?rest_route=\/wp\/v2\/types\/page"}],"author":[{"embeddable":true,"href":"https:\/\/heimatland-um.eu\/index.php?rest_route=\/wp\/v2\/users\/1"}],"replies":[{"embeddable":true,"href":"https:\/\/heimatland-um.eu\/index.php?rest_route=%2Fwp%2Fv2%2Fcomments&post=10563"}],"version-history":[{"count":1,"href":"https:\/\/heimatland-um.eu\/index.php?rest_route=\/wp\/v2\/pages\/10563\/revisions"}],"predecessor-version":[{"id":10565,"href":"https:\/\/heimatland-um.eu\/index.php?rest_route=\/wp\/v2\/pages\/10563\/revisions\/10565"}],"up":[{"embeddable":true,"href":"https:\/\/heimatland-um.eu\/index.php?rest_route=\/wp\/v2\/pages\/10529"}],"wp:attachment":[{"href":"https:\/\/heimatland-um.eu\/index.php?rest_route=%2Fwp%2Fv2%2Fmedia&parent=10563"}],"wp:term":[{"taxonomy":"folder","embeddable":true,"href":"https:\/\/heimatland-um.eu\/index.php?rest_route=%2Fwp%2Fv2%2Ffolder&post=10563"}],"curies":[{"name":"wp","href":"https:\/\/api.w.org\/{rel}","templated":true}]}}