{"id":10600,"date":"2019-12-09T17:18:40","date_gmt":"2019-12-09T16:18:40","guid":{"rendered":"https:\/\/heimatland-um.eu\/?page_id=10600"},"modified":"2023-06-18T14:13:28","modified_gmt":"2023-06-18T12:13:28","slug":"das-markgrafenschloss-zu-schwedt-2-3","status":"publish","type":"page","link":"https:\/\/heimatland-um.eu\/?page_id=10600","title":{"rendered":"Diverse &#8211; Bericht \u00fcber die 56. Hauptversammlung des Botanischen Vereins der Provinz Brandenburg zu Schwedt \/ 1892 [0]"},"content":{"rendered":"<div class=\"su-tabs su-tabs-style-default su-tabs-mobile-stack\" data-active=\"2\" data-scroll-offset=\"0\" data-anchor-in-url=\"no\"><div class=\"su-tabs-nav\"><span class=\"\" data-url=\"https:\/\/heimatland-um.eu\/?page_id=166\" data-target=\"self\" tabindex=\"0\" role=\"button\">Schwedt<\/span><span class=\"\" data-url=\"https:\/\/heimatland-um.eu\/?page_id=74\" data-target=\"\" tabindex=\"0\" role=\"button\">Beschreibungen<\/span><\/div><div class=\"su-tabs-panes\"><div class=\"su-tabs-pane su-u-clearfix su-u-trim\" data-title=\"Schwedt\">Wechseln zu &#8230;<\/div>\n<div class=\"su-tabs-pane su-u-clearfix su-u-trim\" data-title=\"Beschreibungen\">Sie befinden sich hier!<\/div><\/div><\/div>\n\n\n<div class=\"su-spacer\" style=\"height:15px\"><\/div>\n\n\n\n<p>Inklusive 34. Fr\u00fchjahrsversammlung (Wochenende um den 12.06.1892) mit botanischer Beschreibung des Parkes Monplaisir, des Schlo\u00dfgartens und der Umgebung der Stadt Schwedt. (Rollmannsberg, Briesensee, Briesenberg, Flemsdorf, Karlsberg, Orobanchenh\u00fcgel, Pagelsee, Dreeschberg, Tal der Liebe, Niederkr\u00e4nig, Schwalbenberg, Hohenkr\u00e4nig, Sch\u00e4ferberg, Niedersaaten, Meglitze, Niederhof), 13 S.\/ 1892<\/p>\n\n\n<div class=\"su-spacer\" style=\"height:15px\"><\/div>\n\n\n\n<iframe frameborder=\"0\" scrolling=\"no\" style=\"border:0px\" src=\"https:\/\/books.google.de\/books?id=6qjtAAAAMAAJ&#038;newbks=1&#038;newbks_redir=0&#038;dq=schwedt%20monplaisir&#038;hl=de&#038;pg=RA1-PR1&#038;output=embed\" width=100% height=950><\/iframe>\n\n\n<div class=\"su-divider su-divider-style-default\" style=\"margin:0px 0;border-width:1px;border-color:#999999\"><a href=\"#\" style=\"color:#999999\">Nach oben<\/a><\/div>\n<div class=\"gsp_post_data\" \r\n\t            data-post_type=\"page\" \r\n\t            data-cat=\"\" \r\n\t            data-modified=\"120\"\r\n\t            data-created=\"1575911920\"\r\n\t            data-title=\"Diverse &#8211; Bericht \u00fcber die 56. Hauptversammlung des Botanischen Vereins der Provinz Brandenburg zu Schwedt \/ 1892 [0]\" \r\n\t            data-home=\"https:\/\/heimatland-um.eu\"><\/div>","protected":false},"excerpt":{"rendered":"<p>Inklusive 34. Fr\u00fchjahrsversammlung (Wochenende um den 12.06.1892) mit botanischer Beschreibung des Parkes Monplaisir, des Schlo\u00dfgartens und der Umgebung der Stadt Schwedt. (Rollmannsberg, Briesensee, Briesenberg, Flemsdorf, Karlsberg, Orobanchenh\u00fcgel, Pagelsee, Dreeschberg, Tal der Liebe, Niederkr\u00e4nig, Schwalbenberg, Hohenkr\u00e4nig, Sch\u00e4ferberg, Niedersaaten, Meglitze, Niederhof), 13 S.\/ 1892<\/p>\n","protected":false},"author":1,"featured_media":0,"parent":2324,"menu_order":0,"comment_status":"open","ping_status":"closed","template":"","meta":{"ngg_post_thumbnail":0,"footnotes":""},"folder":[],"class_list":["post-10600","page","type-page","status-publish","hentry"],"_links":{"self":[{"href":"https:\/\/heimatland-um.eu\/index.php?rest_route=\/wp\/v2\/pages\/10600","targetHints":{"allow":["GET"]}}],"collection":[{"href":"https:\/\/heimatland-um.eu\/index.php?rest_route=\/wp\/v2\/pages"}],"about":[{"href":"https:\/\/heimatland-um.eu\/index.php?rest_route=\/wp\/v2\/types\/page"}],"author":[{"embeddable":true,"href":"https:\/\/heimatland-um.eu\/index.php?rest_route=\/wp\/v2\/users\/1"}],"replies":[{"embeddable":true,"href":"https:\/\/heimatland-um.eu\/index.php?rest_route=%2Fwp%2Fv2%2Fcomments&post=10600"}],"version-history":[{"count":5,"href":"https:\/\/heimatland-um.eu\/index.php?rest_route=\/wp\/v2\/pages\/10600\/revisions"}],"predecessor-version":[{"id":10605,"href":"https:\/\/heimatland-um.eu\/index.php?rest_route=\/wp\/v2\/pages\/10600\/revisions\/10605"}],"up":[{"embeddable":true,"href":"https:\/\/heimatland-um.eu\/index.php?rest_route=\/wp\/v2\/pages\/2324"}],"wp:attachment":[{"href":"https:\/\/heimatland-um.eu\/index.php?rest_route=%2Fwp%2Fv2%2Fmedia&parent=10600"}],"wp:term":[{"taxonomy":"folder","embeddable":true,"href":"https:\/\/heimatland-um.eu\/index.php?rest_route=%2Fwp%2Fv2%2Ffolder&post=10600"}],"curies":[{"name":"wp","href":"https:\/\/api.w.org\/{rel}","templated":true}]}}