{"id":10606,"date":"2020-04-24T13:05:09","date_gmt":"2020-04-24T11:05:09","guid":{"rendered":"https:\/\/heimatland-um.eu\/?page_id=10606"},"modified":"2025-07-07T12:50:20","modified_gmt":"2025-07-07T10:50:20","slug":"warhafftige-relation-wegen-der-goettlichen-victori-wieder-die-kayserl-und-cursaechsische-armeen-1636-0-2","status":"publish","type":"page","link":"https:\/\/heimatland-um.eu\/?page_id=10606","title":{"rendered":"Schreiber &#8211; Gustav Adolf&#8217;s Feldlager und Verschanzungen bei Schwedt \/ 1900 [0]"},"content":{"rendered":"<div class=\"su-tabs su-tabs-style-default su-tabs-mobile-stack\" data-active=\"2\" data-scroll-offset=\"0\" data-anchor-in-url=\"no\"><div class=\"su-tabs-nav\"><span class=\"\" data-url=\"https:\/\/heimatland-um.eu\/?page_id=166\" data-target=\"self\" tabindex=\"0\" role=\"button\">Schwedt<\/span><span class=\"\" data-url=\"https:\/\/heimatland-um.eu\/?page_id=6321\" data-target=\"\" tabindex=\"0\" role=\"button\">Milit\u00e4r &amp; Krieg<\/span><\/div><div class=\"su-tabs-panes\"><div class=\"su-tabs-pane su-u-clearfix su-u-trim\" data-title=\"Schwedt\">Wechseln zu &#8230;<\/div>\n<div class=\"su-tabs-pane su-u-clearfix su-u-trim\" data-title=\"Milit\u00e4r &amp; Krieg\">Sie befinden sich hier!<\/div><\/div><\/div>\n\n\n<div class=\"su-spacer\" style=\"height:15px\"><\/div>\n\n\n\n<p>Felix Schreiber, Gustav Adolf&#8217;s Feldlager und Verschanzungen bei Schwedt a. O., 35 S. \/ 1900 &#8211; hier die Originalausgabe von 1900 mit einigen Skizzen und Abbildungen,<br><br>nochmal von Erich Westermann in den Schwedter Heimatbl\u00e4ttern 1931 erschienen in 8 Teilen (<strong><a rel=\"noreferrer noopener\" href=\"https:\/\/heimatland-um.eu\/?page_id=6516\" target=\"_blank\">hier online lesbar<\/a><\/strong> bei entsprechendem Zugriff)<br><br>Wir besitzen eine Kopie des Originales, k\u00f6nnen es aber bis auf Weiteres nicht einscannen. Deshalb verweisen wir hier auf die Ausgabe der Universit\u00e4t in D\u00fcsseldorf und in den Schwedter Heimatbl\u00e4ttern.<br><br>Ausgabe direkt hier lesen oder bei der Quelle: <strong><a rel=\"noreferrer noopener\" href=\"https:\/\/digital.ulb.hhu.de\/ulbdsp\/periodical\/pageview\/7217760\" target=\"_blank\">Universit\u00e4ts- und Landesbibliothek D\u00fcsseldorf<\/a><\/strong><\/p>\n\n\n<div class=\"su-spacer\" style=\"height:15px\"><\/div>\n\n\n\n\t\t<div class=\"wppdfemb-frame-container-1\" style=\"-webkit-overflow-scrolling:auto;\">\n\t\t\t<iframe class=\"pdfembed-iframe nonfullscreen wppdf-emb-iframe-1\"\n\t\t\t\tsrc=\"https:\/\/heimatland-um.eu\/?pdfemb-data=eyJwZGZJRCI6MTA2MDgsImluZGV4IjoxLCJwZGZlbWItc2VydmV1cmwiOiJodHRwcyUzQSUyRiUyRmhlaW1hdGxhbmQtdW0uZXUlMkZ3cC1jb250ZW50JTJGdXBsb2FkcyUyRnNlY3VyZXBkZnMlMkYyMDIzJTJGMDYlMkZHdXN0YXYtQWRvbGZzLUZlbGRsYWdlci11bmQtVmVyc2NoYW56dW5nZW4tYmVpLVNjaHdlZHRfSFVNLnBkZiIsIndtX3RleHQiOiJkM2QzTG1obGFXMWhkR3hoYm1RdGRXMHVaR1VOQ2cwS2UzVnpaWEp1WVcxbGZRMEtEUXAzZDNjdWFHVnBiV0YwYkdGdVpDMTFiUzVrWlE9PSJ9\"\n\t\t\t\t\t\t\t\tdata-pdf-id=\"10608\"\n\t\t\t\tdata-pdf-index=\"1\"\n\t\t\t\tstyle=\"border:none;width:100%;max-width:100%;height:100vh;\"\n\t\t\t\tscrolling=\"yes\">\n\t\t\t<\/iframe>\n\t\t<\/div>\n\n\t\t\n<p class=\"wp-block-pdfemb-pdf-embedder-viewer\"><\/p>\n\n\n<div class=\"su-divider su-divider-style-default\" style=\"margin:0px 0;border-width:1px;border-color:#999999\"><a href=\"#\" style=\"color:#999999\">Nach oben<\/a><\/div>\n<div class=\"gsp_post_data\" \r\n\t            data-post_type=\"page\" \r\n\t            data-cat=\"\" \r\n\t            data-modified=\"120\"\r\n\t            data-created=\"1587733509\"\r\n\t            data-title=\"Schreiber &#8211; Gustav Adolf&#8217;s Feldlager und Verschanzungen bei Schwedt \/ 1900 [0]\" \r\n\t            data-home=\"https:\/\/heimatland-um.eu\"><\/div>","protected":false},"excerpt":{"rendered":"<p>Felix Schreiber, Gustav Adolf&#8217;s Feldlager und Verschanzungen bei Schwedt a. O., 35 S. \/ 1900 &#8211; hier die Originalausgabe von 1900 mit einigen Skizzen und Abbildungen, nochmal von Erich Westermann in den Schwedter Heimatbl\u00e4ttern 1931 erschienen in 8 Teilen (hier online lesbar bei entsprechendem Zugriff) Wir besitzen eine Kopie des Originales, k\u00f6nnen es aber bis auf Weiteres nicht einscannen. Deshalb <a class=\"read-more\" href=\"https:\/\/heimatland-um.eu\/?page_id=10606\">weiterlesen<\/a><\/p>\n","protected":false},"author":1,"featured_media":0,"parent":6321,"menu_order":10,"comment_status":"open","ping_status":"closed","template":"","meta":{"ngg_post_thumbnail":0,"footnotes":""},"folder":[],"class_list":["post-10606","page","type-page","status-publish","hentry"],"_links":{"self":[{"href":"https:\/\/heimatland-um.eu\/index.php?rest_route=\/wp\/v2\/pages\/10606","targetHints":{"allow":["GET"]}}],"collection":[{"href":"https:\/\/heimatland-um.eu\/index.php?rest_route=\/wp\/v2\/pages"}],"about":[{"href":"https:\/\/heimatland-um.eu\/index.php?rest_route=\/wp\/v2\/types\/page"}],"author":[{"embeddable":true,"href":"https:\/\/heimatland-um.eu\/index.php?rest_route=\/wp\/v2\/users\/1"}],"replies":[{"embeddable":true,"href":"https:\/\/heimatland-um.eu\/index.php?rest_route=%2Fwp%2Fv2%2Fcomments&post=10606"}],"version-history":[{"count":7,"href":"https:\/\/heimatland-um.eu\/index.php?rest_route=\/wp\/v2\/pages\/10606\/revisions"}],"predecessor-version":[{"id":11725,"href":"https:\/\/heimatland-um.eu\/index.php?rest_route=\/wp\/v2\/pages\/10606\/revisions\/11725"}],"up":[{"embeddable":true,"href":"https:\/\/heimatland-um.eu\/index.php?rest_route=\/wp\/v2\/pages\/6321"}],"wp:attachment":[{"href":"https:\/\/heimatland-um.eu\/index.php?rest_route=%2Fwp%2Fv2%2Fmedia&parent=10606"}],"wp:term":[{"taxonomy":"folder","embeddable":true,"href":"https:\/\/heimatland-um.eu\/index.php?rest_route=%2Fwp%2Fv2%2Ffolder&post=10606"}],"curies":[{"name":"wp","href":"https:\/\/api.w.org\/{rel}","templated":true}]}}