{"id":10638,"date":"2020-02-24T16:37:11","date_gmt":"2020-02-24T15:37:11","guid":{"rendered":"https:\/\/heimatland-um.eu\/?page_id=10638"},"modified":"2024-12-11T13:43:54","modified_gmt":"2024-12-11T12:43:54","slug":"dokumente-2","status":"publish","type":"page","link":"https:\/\/heimatland-um.eu\/?page_id=10638","title":{"rendered":"Schwedt &#8211; Historische Videos"},"content":{"rendered":"\n<p><\/p>\n\n\n<div class=\"su-tabs su-tabs-style-default su-tabs-mobile-stack\" data-active=\"2\" data-scroll-offset=\"0\" data-anchor-in-url=\"no\"><div class=\"su-tabs-nav\"><span class=\"\" data-url=\"https:\/\/heimatland-um.eu\/?page_id=166\" data-target=\"self\" tabindex=\"0\" role=\"button\">Schwedt<\/span><span class=\"\" data-url=\"https:\/\/heimatland-um.eu\/?page_id=10638\" data-target=\"\" tabindex=\"0\" role=\"button\">Schwedt - Historische Videos<\/span><\/div><div class=\"su-tabs-panes\"><div class=\"su-tabs-pane su-u-clearfix su-u-trim\" data-title=\"Schwedt\">Wechseln zu &#8230;<\/div>\n<div class=\"su-tabs-pane su-u-clearfix su-u-trim\" data-title=\"Schwedt - Historische Videos\">Sie befinden sich hier!<\/div><\/div><\/div>\n\n\n\n<p>Diese Rubrik wird gerade \u00fcberarbeitet und mit unserem Youtube-Kanal unter <a href=\"https:\/\/www.youtube.com\/@heimatlanduckermark\" target=\"_blank\" rel=\"noreferrer noopener nofollow\"><strong><em>https:\/\/www.youtube.com\/@heimatlanduckermark<\/em><\/strong><\/a> verkn\u00fcpft. So k\u00f6nnen Sie \u00fcber den Kanal die Videos \u00fcber einen SMART-TV auf einem gr\u00f6\u00dferen Bildschirm genie\u00dfen. Au\u00dferdem bekommen Sie \u00fcber unsere Favoritenliste weitere interessante Video-Informationen.<\/p>\n\n\n\n<!-- Page-list plugin v.5.9 wordpress.org\/plugins\/page-list\/ -->\n<ul class=\"page-list \">\n<li class=\"page_item page-item-10677\"><a href=\"https:\/\/heimatland-um.eu\/?page_id=10677\">Abzug des Reiterregimentes 1937 \/ [0]<\/a><\/li>\n<li class=\"page_item page-item-10702\"><a href=\"https:\/\/heimatland-um.eu\/?page_id=10702\">Gro\u00dfe Schwimm\u00fcbung 1935 [0]<\/a><\/li>\n<li class=\"page_item page-item-10640\"><a href=\"https:\/\/heimatland-um.eu\/?page_id=10640\">Mein Regiment &#8211; meine Schwadron 1937 \/ Ausschnitt [0]<\/a><\/li>\n<li class=\"page_item page-item-10696\"><a href=\"https:\/\/heimatland-um.eu\/?page_id=10696\">Mein Regiment &#8211; meine Schwadron 1937 \/ Reiterlied [0]<\/a><\/li>\n<li class=\"page_item page-item-10707\"><a href=\"https:\/\/heimatland-um.eu\/?page_id=10707\">Reiterlied Studiofassung [0]<\/a><\/li>\n<li class=\"page_item page-item-10659\"><a href=\"https:\/\/heimatland-um.eu\/?page_id=10659\">Schiffe Klettern 1934 \/ Ausschnitt [0]<\/a><\/li>\n\n<\/ul>\n\n\n<div class=\"su-spacer\" style=\"height:15px\"><\/div>\n\n\n\n<p>Hier die Videos auf unserem Youtube-Kanal.<\/p>\n\n\n<ul class=\"su-feed\"><li><a href=\"https:\/\/www.youtube.com\/watch?v=MgVYe9MdkAg\" target=\"_blank\" title=\"\">Die evangelische Stadtkirche Sankt Katharinen in Schwedt<\/a><\/li><li><a href=\"https:\/\/www.youtube.com\/watch?v=kpEoEkkeVV4\" target=\"_blank\" title=\"\">Schwedt - Historische Ansichtskarten Teil 1<\/a><\/li><li><a href=\"https:\/\/www.youtube.com\/watch?v=ACE2uvVYep4\" target=\"_blank\" title=\"\">Bericht \u00fcber die Beseitigung des Schwedter Stadtschlosses im Jahre 1962<\/a><\/li><li><a href=\"https:\/\/www.youtube.com\/watch?v=5KPej_PDfKE\" target=\"_blank\" title=\"\">Schwedt\/Oder Abzug des Kavallerie-Regimentes Nr. 6 - 1937<\/a><\/li><li><a href=\"https:\/\/www.youtube.com\/watch?v=JYu1xgpw7Hc\" target=\"_blank\" title=\"\">Schwedt Eine Perle der Uckermark Teil 4 - 1942<\/a><\/li><li><a href=\"https:\/\/www.youtube.com\/watch?v=he_LR4KzN20\" target=\"_blank\" title=\"\">Schwedt Eine Perle der Uckermark Teil 3 - 1942<\/a><\/li><li><a href=\"https:\/\/www.youtube.com\/watch?v=q829UmEpwJQ\" target=\"_blank\" title=\"\">Schwedt Eine Perle der Uckermark Teil 2 - 1942<\/a><\/li><li><a href=\"https:\/\/www.youtube.com\/watch?v=Ze8rJjyWmjc\" target=\"_blank\" title=\"\">Schwedt Eine Perle der Uckermark Teil 1 - 1942<\/a><\/li><li><a href=\"https:\/\/www.youtube.com\/watch?v=jHGxLtGXjPI\" target=\"_blank\" title=\"\">Schwedter Schlo\u00df aus &quot;Schiffe klettern&quot; 1934<\/a><\/li><li><a href=\"https:\/\/www.youtube.com\/watch?v=ycJEX41Ns-8\" target=\"_blank\" title=\"\">Leporellos von Schwedt<\/a><\/li><\/ul>\n\n\n<div class=\"su-divider su-divider-style-default\" style=\"margin:0px 0;border-width:1px;border-color:#999999\"><a href=\"#\" style=\"color:#999999\">Nach oben<\/a><\/div>\n\n\n\n<p><\/p>\n<div class=\"gsp_post_data\" \r\n\t            data-post_type=\"page\" \r\n\t            data-cat=\"\" \r\n\t            data-modified=\"120\"\r\n\t            data-created=\"1582562231\"\r\n\t            data-title=\"Schwedt &#8211; Historische Videos\" \r\n\t            data-home=\"https:\/\/heimatland-um.eu\"><\/div>","protected":false},"excerpt":{"rendered":"<p>Diese Rubrik wird gerade \u00fcberarbeitet und mit unserem Youtube-Kanal unter https:\/\/www.youtube.com\/@heimatlanduckermark verkn\u00fcpft. So k\u00f6nnen Sie \u00fcber den Kanal die Videos \u00fcber einen SMART-TV auf einem gr\u00f6\u00dferen Bildschirm genie\u00dfen. Au\u00dferdem bekommen Sie \u00fcber unsere Favoritenliste weitere interessante Video-Informationen. Hier die Videos auf unserem Youtube-Kanal.<\/p>\n","protected":false},"author":1,"featured_media":0,"parent":166,"menu_order":3,"comment_status":"closed","ping_status":"closed","template":"","meta":{"ngg_post_thumbnail":0,"footnotes":""},"folder":[],"class_list":["post-10638","page","type-page","status-publish","hentry"],"_links":{"self":[{"href":"https:\/\/heimatland-um.eu\/index.php?rest_route=\/wp\/v2\/pages\/10638","targetHints":{"allow":["GET"]}}],"collection":[{"href":"https:\/\/heimatland-um.eu\/index.php?rest_route=\/wp\/v2\/pages"}],"about":[{"href":"https:\/\/heimatland-um.eu\/index.php?rest_route=\/wp\/v2\/types\/page"}],"author":[{"embeddable":true,"href":"https:\/\/heimatland-um.eu\/index.php?rest_route=\/wp\/v2\/users\/1"}],"replies":[{"embeddable":true,"href":"https:\/\/heimatland-um.eu\/index.php?rest_route=%2Fwp%2Fv2%2Fcomments&post=10638"}],"version-history":[{"count":10,"href":"https:\/\/heimatland-um.eu\/index.php?rest_route=\/wp\/v2\/pages\/10638\/revisions"}],"predecessor-version":[{"id":11406,"href":"https:\/\/heimatland-um.eu\/index.php?rest_route=\/wp\/v2\/pages\/10638\/revisions\/11406"}],"up":[{"embeddable":true,"href":"https:\/\/heimatland-um.eu\/index.php?rest_route=\/wp\/v2\/pages\/166"}],"wp:attachment":[{"href":"https:\/\/heimatland-um.eu\/index.php?rest_route=%2Fwp%2Fv2%2Fmedia&parent=10638"}],"wp:term":[{"taxonomy":"folder","embeddable":true,"href":"https:\/\/heimatland-um.eu\/index.php?rest_route=%2Fwp%2Fv2%2Ffolder&post=10638"}],"curies":[{"name":"wp","href":"https:\/\/api.w.org\/{rel}","templated":true}]}}