{"id":10640,"date":"2023-07-05T14:17:27","date_gmt":"2023-07-05T12:17:27","guid":{"rendered":"https:\/\/heimatland-um.eu\/?page_id=10640"},"modified":"2024-12-11T13:28:10","modified_gmt":"2024-12-11T12:28:10","slug":"mein-regiment-meine-schwadron-1937-ausschnitt-0-5","status":"publish","type":"page","link":"https:\/\/heimatland-um.eu\/?page_id=10640","title":{"rendered":"Mein Regiment &#8211; meine Schwadron 1937 \/ Ausschnitt [0]"},"content":{"rendered":"\n<figure class=\"wp-block-video\"><video height=\"368\" style=\"aspect-ratio: 480 \/ 368;\" width=\"480\" controls src=\"https:\/\/heimatland-um.eu\/wp-content\/uploads\/2023\/07\/Reiter_Markgraf1.mp4\"><\/video><figcaption class=\"wp-element-caption\">Ausschnit 1:09 min mit Erz\u00e4hlungen \u00fcber den &#8222;Tollen Markgrafen&#8220; vor dem Schwedter Schlo\u00df (Quelle: Bundesarchiv, Datei Hausarchiv))<\/figcaption><\/figure>\n\n\n\n<h3 class=\"wp-block-heading\">Director<\/h3>\n\n\n\n<ul class=\"wp-block-list\">\n<li><a href=\"https:\/\/www.filmportal.de\/en\/person\/paul-lieberenz_f30d5a166629300ae03053d50b37399b\" target=\"_blank\" rel=\"noreferrer noopener\">Paul Lieberenz<\/a><\/li>\n<\/ul>\n\n\n\n<h3 class=\"wp-block-heading\">Production company<\/h3>\n\n\n\n<ul class=\"wp-block-list\">\n<li><a href=\"https:\/\/www.filmportal.de\/en\/node\/177363\" target=\"_blank\" rel=\"noreferrer noopener\">Paul Lieberenz Film-Produktion (Berlin)<\/a><\/li>\n<\/ul>\n\n\n\n<h3 class=\"wp-block-heading\">Producer<\/h3>\n\n\n\n<ul class=\"wp-block-list\">\n<li><a href=\"https:\/\/www.filmportal.de\/en\/person\/paul-lieberenz_f30d5a166629300ae03053d50b37399b\" target=\"_blank\" rel=\"noreferrer noopener\">Paul Lieberenz<\/a><\/li>\n<\/ul>\n\n\n\n<p>Duration:<\/p>\n\n\n\n<p>635 m, 23 min<\/p>\n\n\n\n<p>Format:<\/p>\n\n\n\n<p>35mm, 1:1,33<\/p>\n\n\n\n<p>Video\/Audio:<\/p>\n\n\n\n<p>s\/w<\/p>\n\n\n\n<p>Censorship\/Age rating:<\/p>\n\n\n\n<p>Zensur (DE): 15.11.1937, B.46770, Jugendfrei, volksbildend, Feiertagsverbot<\/p>\n\n\n\n<p>Screening:<\/p>\n\n\n\n<p>Auff\u00fchrung (DE): 11.02.1938, Berlin, Ufa-Palast am Zoo<\/p>\n\n\n<div class=\"su-spacer\" style=\"height:15px\"><\/div>\n\n\n\n<p>Quelle: <strong><em><a href=\"https:\/\/www.filmportal.de\/en\/movie\/mein-regiment-meine-schwadron_\" target=\"_blank\" rel=\"noreferrer noopener\">www.filmportal.de<\/a><\/em><\/strong><\/p>\n\n\n<div class=\"su-divider su-divider-style-default\" style=\"margin:0px 0;border-width:1px;border-color:#999999\"><a href=\"#\" style=\"color:#999999\">Nach oben<\/a><\/div>\n<div class=\"gsp_post_data\" \r\n\t            data-post_type=\"page\" \r\n\t            data-cat=\"\" \r\n\t            data-modified=\"120\"\r\n\t            data-created=\"1688566647\"\r\n\t            data-title=\"Mein Regiment &#8211; meine Schwadron 1937 \/ Ausschnitt [0]\" \r\n\t            data-home=\"https:\/\/heimatland-um.eu\"><\/div>","protected":false},"excerpt":{"rendered":"<p>Director Production company Producer Duration: 635 m, 23 min Format: 35mm, 1:1,33 Video\/Audio: s\/w Censorship\/Age rating: Zensur (DE): 15.11.1937, B.46770, Jugendfrei, volksbildend, Feiertagsverbot Screening: Auff\u00fchrung (DE): 11.02.1938, Berlin, Ufa-Palast am Zoo Quelle: www.filmportal.de<\/p>\n","protected":false},"author":1,"featured_media":0,"parent":10638,"menu_order":0,"comment_status":"closed","ping_status":"closed","template":"","meta":{"ngg_post_thumbnail":0,"footnotes":""},"folder":[],"class_list":["post-10640","page","type-page","status-publish","hentry"],"_links":{"self":[{"href":"https:\/\/heimatland-um.eu\/index.php?rest_route=\/wp\/v2\/pages\/10640","targetHints":{"allow":["GET"]}}],"collection":[{"href":"https:\/\/heimatland-um.eu\/index.php?rest_route=\/wp\/v2\/pages"}],"about":[{"href":"https:\/\/heimatland-um.eu\/index.php?rest_route=\/wp\/v2\/types\/page"}],"author":[{"embeddable":true,"href":"https:\/\/heimatland-um.eu\/index.php?rest_route=\/wp\/v2\/users\/1"}],"replies":[{"embeddable":true,"href":"https:\/\/heimatland-um.eu\/index.php?rest_route=%2Fwp%2Fv2%2Fcomments&post=10640"}],"version-history":[{"count":9,"href":"https:\/\/heimatland-um.eu\/index.php?rest_route=\/wp\/v2\/pages\/10640\/revisions"}],"predecessor-version":[{"id":11402,"href":"https:\/\/heimatland-um.eu\/index.php?rest_route=\/wp\/v2\/pages\/10640\/revisions\/11402"}],"up":[{"embeddable":true,"href":"https:\/\/heimatland-um.eu\/index.php?rest_route=\/wp\/v2\/pages\/10638"}],"wp:attachment":[{"href":"https:\/\/heimatland-um.eu\/index.php?rest_route=%2Fwp%2Fv2%2Fmedia&parent=10640"}],"wp:term":[{"taxonomy":"folder","embeddable":true,"href":"https:\/\/heimatland-um.eu\/index.php?rest_route=%2Fwp%2Fv2%2Ffolder&post=10640"}],"curies":[{"name":"wp","href":"https:\/\/api.w.org\/{rel}","templated":true}]}}