{"id":10696,"date":"2023-07-05T14:17:27","date_gmt":"2023-07-05T12:17:27","guid":{"rendered":"https:\/\/heimatland-um.eu\/?page_id=10696"},"modified":"2024-12-11T13:27:28","modified_gmt":"2024-12-11T12:27:28","slug":"mein-regiment-meine-schwadron-1937-ausschnitt-0-3","status":"publish","type":"page","link":"https:\/\/heimatland-um.eu\/?page_id=10696","title":{"rendered":"Mein Regiment &#8211; meine Schwadron 1937 \/ Reiterlied [0]"},"content":{"rendered":"\n<figure class=\"wp-block-video\"><video height=\"368\" style=\"aspect-ratio: 480 \/ 368;\" width=\"480\" controls src=\"https:\/\/heimatland-um.eu\/wp-content\/uploads\/2023\/07\/Reiterlied_Mein_Regiment.mp4\"><\/video><figcaption class=\"wp-element-caption\">&#8222;Reiterlied&#8220; Mein Regiment &#8211; meine Schwadron Lied &amp; Text Bronsart von Schellendorff (Quelle: Bundesarchiv, Datei Hausarchiv)<\/figcaption><\/figure>\n\n\n<div class=\"su-spacer\" style=\"height:15px\"><\/div>\n\n\n\n<p>Das sogenannte Reiterlied gab dem Film &#8222;Mein Regiment meine Schwadron&#8220; seinen Namen. Es hat im Ganzen 7 Strophen. Gesungen werden im Film nur die Erste und letzte Strophe. Die Entstehungszeit kann erst nach 1935 angesetzt werden, da die im Text genannten 6 Schwadronen erst ab 1935 in Schwedt stationiert waren.<\/p>\n\n\n\n<p><br>Schwedter Reiterlied<\/p>\n\n\n\n<p><br>1.) Gr\u00fcn ist das Land ! Weit ist das Land !<br>Wiesen und W\u00e4lder am Oderstrand !<br>Dort liegt vertr\u00e4umt am schimmernden Strom<br>im Sonnenschein eine Garnison !<br>Wer sind diese tapferen Streiter ?<br>Es ist das Regiment der Schwedter Reiter !<br>Schwadron an Schwadron, sechs an der Zahl !<br>Im kleinen Schwedt dort im Odertal !<\/p>\n\n\n\n<p><br>2.) Und voller Stolz jede Schwadron<br>f\u00fchrt ihre ruhmreiche Tradition !<br>Schwedter Dragoner ! Adlerbewehrt !<br>Und mit dem alten Dragonerschwert !<br>Aus Bromberg zu Pferd die Grenadiere !<br>Aus Pasewalk die K\u00f6nigin-K\u00fcrassiere !<br>Aus Gnesen, jetzt in Polens Hand,<br>Zw\u00f6lfte Dragoner, \u201evon Arnim\u201c genannt !<\/p>\n\n\n\n<p><br>3.) Morgens schon fr\u00fch, D\u00e4mmerung noch graut,<br>Blasen Trompeten so hell und so laut;<br>Geht\u00b4s durch die Stadt, wer wollt\u00b4da nicht mit ?<br>Schwadron auf Schwadron mit klirrendem Schritt !<br>So reiten wir Seite an Seite<br>Zum Exerzieren in die gr\u00fcne Weite !<br>Das Auge blitzt, Huffschlag erdr\u00f6hnt !<br>Die Rosse schnauben, so sind wir\u00b4s gew\u00f6hnt !<\/p>\n\n\n\n<p><br>4.) Geht es bestaubt mittags dann heim,<br>Lacht hoch vom Himmel der Sonnenschein !<br>Und \u201eS\u00e4bel auf !\u201c Der Chef jetzt winkt !<br>O seht, wie das nun in der Sonne blinkt !<br>Die Schlo\u00dffreiheit rauf geht\u00b4s ins St\u00e4dtchen,<br>Und nebenher da gehen die kleinen M\u00e4dchen.<br>Doch geradeaus ein jeder sieht,<br>Und die Musik spielt ein lustiges Lied !<\/p>\n\n\n\n<p><br>5.) Und ist der Dienst abends dann aus,<br>Geht\u00b4s zu Marie in die Stadt hinaus !<br>Denn so ein Ku\u00df ist ein Genu\u00df,<br>Und niemals gibt\u00b4s bei Marie Verdru\u00df !<br>Stets sagt sie: \u201eAch, k\u00fcsse doch weiter,<br>Ich bin ja doch so stolz auf meinen Reiter !\u201c<br>Doch der hat nur Urlaub bis neun,<br>Mu\u00df p\u00fcnktlich in der Kaserne sein.<\/p>\n\n\n\n<p><br>6.) Und \u00fcber das Kasernenbereich<br>klingt durch die Nacht nun der Zapfenstreich !<br>Mond geht jetzt auf, spiegelt sich im Strom,<br>Und nacheinanderergl\u00e4nzen schon<br>Die Sterne am Himmel, dem weiten.<br>Und hinterm Tor h\u00f6rt man den Posten schreiten !<br>Dragoner, Grenadier und auch die K\u00fcrassier !<br>Alle Schwedter Reiter ! Nun schlafen wir !<\/p>\n\n\n\n<p><br>7.) Mein Regiment, dir schw\u00f6r\u00b4ich Treu\u00b4!<br>Heute und morgen und immer aufs neu\u00b4!<br>Und geht es einst zu blutigem Strau\u00df,<br>So zieh\u00b4n wir mit freudigem Herzen hinaus,<br>dem Feinde entgegenzureiten,<br>Bis in den Tod f\u00fcr\u00b4s Vaterland zu streiten !<br>Stolz sind wir, treu der Tradition:<br>Mein Regiment ! Und meine Schwadron !<\/p>\n\n\n<div class=\"su-divider su-divider-style-default\" style=\"margin:0px 0;border-width:1px;border-color:#999999\"><a href=\"#\" style=\"color:#999999\">Nach oben<\/a><\/div>\n<div class=\"gsp_post_data\" \r\n\t            data-post_type=\"page\" \r\n\t            data-cat=\"\" \r\n\t            data-modified=\"120\"\r\n\t            data-created=\"1688566647\"\r\n\t            data-title=\"Mein Regiment &#8211; meine Schwadron 1937 \/ Reiterlied [0]\" \r\n\t            data-home=\"https:\/\/heimatland-um.eu\"><\/div>","protected":false},"excerpt":{"rendered":"<p>Das sogenannte Reiterlied gab dem Film &#8222;Mein Regiment meine Schwadron&#8220; seinen Namen. Es hat im Ganzen 7 Strophen. Gesungen werden im Film nur die Erste und letzte Strophe. Die Entstehungszeit kann erst nach 1935 angesetzt werden, da die im Text genannten 6 Schwadronen erst ab 1935 in Schwedt stationiert waren. Schwedter Reiterlied 1.) Gr\u00fcn ist das Land ! Weit ist <a class=\"read-more\" href=\"https:\/\/heimatland-um.eu\/?page_id=10696\">weiterlesen<\/a><\/p>\n","protected":false},"author":1,"featured_media":0,"parent":10638,"menu_order":0,"comment_status":"closed","ping_status":"closed","template":"","meta":{"ngg_post_thumbnail":0,"footnotes":""},"folder":[],"class_list":["post-10696","page","type-page","status-publish","hentry"],"_links":{"self":[{"href":"https:\/\/heimatland-um.eu\/index.php?rest_route=\/wp\/v2\/pages\/10696","targetHints":{"allow":["GET"]}}],"collection":[{"href":"https:\/\/heimatland-um.eu\/index.php?rest_route=\/wp\/v2\/pages"}],"about":[{"href":"https:\/\/heimatland-um.eu\/index.php?rest_route=\/wp\/v2\/types\/page"}],"author":[{"embeddable":true,"href":"https:\/\/heimatland-um.eu\/index.php?rest_route=\/wp\/v2\/users\/1"}],"replies":[{"embeddable":true,"href":"https:\/\/heimatland-um.eu\/index.php?rest_route=%2Fwp%2Fv2%2Fcomments&post=10696"}],"version-history":[{"count":8,"href":"https:\/\/heimatland-um.eu\/index.php?rest_route=\/wp\/v2\/pages\/10696\/revisions"}],"predecessor-version":[{"id":11401,"href":"https:\/\/heimatland-um.eu\/index.php?rest_route=\/wp\/v2\/pages\/10696\/revisions\/11401"}],"up":[{"embeddable":true,"href":"https:\/\/heimatland-um.eu\/index.php?rest_route=\/wp\/v2\/pages\/10638"}],"wp:attachment":[{"href":"https:\/\/heimatland-um.eu\/index.php?rest_route=%2Fwp%2Fv2%2Fmedia&parent=10696"}],"wp:term":[{"taxonomy":"folder","embeddable":true,"href":"https:\/\/heimatland-um.eu\/index.php?rest_route=%2Fwp%2Fv2%2Ffolder&post=10696"}],"curies":[{"name":"wp","href":"https:\/\/api.w.org\/{rel}","templated":true}]}}