{"id":11689,"date":"2025-05-08T18:51:02","date_gmt":"2025-05-08T16:51:02","guid":{"rendered":"https:\/\/heimatland-um.eu\/?page_id=11689"},"modified":"2025-07-07T12:50:20","modified_gmt":"2025-07-07T10:50:20","slug":"personendatenbank-4","status":"publish","type":"page","link":"https:\/\/heimatland-um.eu\/?page_id=11689","title":{"rendered":"1842 Adre\u00dfkalender Schwedt [0]"},"content":{"rendered":"\n<figure class=\"wp-block-table\"><table><tbody><tr><td class=\"has-text-align-center\" data-align=\"center\"><a href=\"https:\/\/heimatland-um.eu\/?page_id=10\">Hauptarchiv<\/a><\/td><td class=\"has-text-align-center\" data-align=\"center\"><a href=\"https:\/\/heimatland-um.eu\/?page_id=4731\">Ansichtskartenarchiv<\/a><\/td><td class=\"has-text-align-center\" data-align=\"center\"><mark style=\"background-color:rgba(0, 0, 0, 0)\" class=\"has-inline-color has-very-dark-gray-color\"><a href=\"https:\/\/heimatland-um.eu\/?page_id=5102\">Fotoarchiv<\/a><\/mark><\/td><td class=\"has-text-align-center\" data-align=\"center\"><a href=\"https:\/\/heimatland-um.eu\/?page_id=4955\">Zeitungsarchiv<\/a><\/td><td class=\"has-text-align-center\" data-align=\"center\"><mark style=\"background-color:rgba(0, 0, 0, 0)\" class=\"has-inline-color has-very-dark-gray-color\"><a href=\"https:\/\/heimatland-um.eu\/?page_id=5104\">Genealogiearchiv<\/a><\/mark><\/td><\/tr><\/tbody><\/table><figcaption class=\"wp-element-caption\"><br><\/figcaption><\/figure>\n\n\n<div class=\"su-spacer\" style=\"height:15px\"><\/div>\n\n\n\n<p>Ein Auszug aus dem Adre\u00df-Kalender f\u00fcr die k\u00f6nigl. Haupt- und Residenzst\u00e4dte Berlin und Potsdam, desgleichen f\u00fcr Brandenburg, Charlottenburg, Frankfurt, Neu-Ruppin, Oranienburg, Prenzlow, Schwedt und Spandow, auf das Jahr 1842. Erschienen: Berlin: Heymanns, 1819 &#8211; 1914<br>Quelle: <strong><em><a href=\"https:\/\/digital.zlb.de\/viewer\/resolver?urn=urn:nbn:de:kobv:109-1-11944938\" target=\"_blank\" rel=\"noreferrer noopener\">Zentral- und Landesbibliothek Berlin<\/a><\/em><\/strong>, 2016<\/p>\n\n\n<div class=\"su-spacer\" style=\"height:15px\"><\/div>\n\n\n\n\t\t<div class=\"wppdfemb-frame-container-1\" style=\"-webkit-overflow-scrolling:auto;\">\n\t\t\t<iframe class=\"pdfembed-iframe nonfullscreen wppdf-emb-iframe-1\"\n\t\t\t\tsrc=\"https:\/\/heimatland-um.eu\/?pdfemb-data=eyJwZGZJRCI6MTE2OTAsImluZGV4IjoxLCJwZGZlbWItc2VydmV1cmwiOiJodHRwcyUzQSUyRiUyRmhlaW1hdGxhbmQtdW0uZXUlMkZ3cC1jb250ZW50JTJGdXBsb2FkcyUyRnNlY3VyZXBkZnMlMkYyMDI1JTJGMDclMkZBZHJlc3NrYWxlbmRlci1TY2h3ZWR0XzE4NDJfSFVNLnBkZiIsIndtX3RleHQiOiJkM2QzTG1obGFXMWhkR3hoYm1RdGRXMHVaR1VOQ2cwS2UzVnpaWEp1WVcxbGZRMEtEUXAzZDNjdWFHVnBiV0YwYkdGdVpDMTFiUzVrWlE9PSJ9\"\n\t\t\t\t\t\t\t\tdata-pdf-id=\"11690\"\n\t\t\t\tdata-pdf-index=\"1\"\n\t\t\t\tstyle=\"border:none;width:100%;max-width:100%;height:100vh;\"\n\t\t\t\tscrolling=\"yes\">\n\t\t\t<\/iframe>\n\t\t<\/div>\n\n\t\t\n\n<div class=\"su-divider su-divider-style-default\" style=\"margin:0px 0;border-width:1px;border-color:#999999\"><a href=\"#\" style=\"color:#999999\">Nach oben<\/a><\/div>\n<div class=\"gsp_post_data\" \r\n\t            data-post_type=\"page\" \r\n\t            data-cat=\"\" \r\n\t            data-modified=\"120\"\r\n\t            data-created=\"1746730262\"\r\n\t            data-title=\"1842 Adre\u00dfkalender Schwedt [0]\" \r\n\t            data-home=\"https:\/\/heimatland-um.eu\"><\/div>","protected":false},"excerpt":{"rendered":"<p>Ein Auszug aus dem Adre\u00df-Kalender f\u00fcr die k\u00f6nigl. Haupt- und Residenzst\u00e4dte Berlin und Potsdam, desgleichen f\u00fcr Brandenburg, Charlottenburg, Frankfurt, Neu-Ruppin, Oranienburg, Prenzlow, Schwedt und Spandow, auf das Jahr 1842. Erschienen: Berlin: Heymanns, 1819 &#8211; 1914Quelle: Zentral- und Landesbibliothek Berlin, 2016<\/p>\n","protected":false},"author":1,"featured_media":1477,"parent":5104,"menu_order":0,"comment_status":"open","ping_status":"closed","template":"","meta":{"ngg_post_thumbnail":0,"footnotes":""},"folder":[],"class_list":["post-11689","page","type-page","status-publish","has-post-thumbnail","hentry"],"_links":{"self":[{"href":"https:\/\/heimatland-um.eu\/index.php?rest_route=\/wp\/v2\/pages\/11689","targetHints":{"allow":["GET"]}}],"collection":[{"href":"https:\/\/heimatland-um.eu\/index.php?rest_route=\/wp\/v2\/pages"}],"about":[{"href":"https:\/\/heimatland-um.eu\/index.php?rest_route=\/wp\/v2\/types\/page"}],"author":[{"embeddable":true,"href":"https:\/\/heimatland-um.eu\/index.php?rest_route=\/wp\/v2\/users\/1"}],"replies":[{"embeddable":true,"href":"https:\/\/heimatland-um.eu\/index.php?rest_route=%2Fwp%2Fv2%2Fcomments&post=11689"}],"version-history":[{"count":6,"href":"https:\/\/heimatland-um.eu\/index.php?rest_route=\/wp\/v2\/pages\/11689\/revisions"}],"predecessor-version":[{"id":11726,"href":"https:\/\/heimatland-um.eu\/index.php?rest_route=\/wp\/v2\/pages\/11689\/revisions\/11726"}],"up":[{"embeddable":true,"href":"https:\/\/heimatland-um.eu\/index.php?rest_route=\/wp\/v2\/pages\/5104"}],"wp:featuredmedia":[{"embeddable":true,"href":"https:\/\/heimatland-um.eu\/index.php?rest_route=\/wp\/v2\/media\/1477"}],"wp:attachment":[{"href":"https:\/\/heimatland-um.eu\/index.php?rest_route=%2Fwp%2Fv2%2Fmedia&parent=11689"}],"wp:term":[{"taxonomy":"folder","embeddable":true,"href":"https:\/\/heimatland-um.eu\/index.php?rest_route=%2Fwp%2Fv2%2Ffolder&post=11689"}],"curies":[{"name":"wp","href":"https:\/\/api.w.org\/{rel}","templated":true}]}}