{"id":11803,"date":"2025-07-15T11:11:31","date_gmt":"2025-07-15T09:11:31","guid":{"rendered":"https:\/\/heimatland-um.eu\/?page_id=11803"},"modified":"2025-07-15T15:05:06","modified_gmt":"2025-07-15T13:05:06","slug":"doerfer-rittergueter-vorwerke","status":"publish","type":"page","link":"https:\/\/heimatland-um.eu\/?page_id=11803","title":{"rendered":"D\u00f6rfer, Ritterg\u00fcter &amp; Vorwerke"},"content":{"rendered":"<div class=\"su-spacer\" style=\"height:15px\"><\/div>\n\n\n\n<p>Hier finden Sie 3 Linklisten zu Orten und Siedlungspl\u00e4tzen in der Region. Die Sortierung war sehr schwierig, da etliche Orte die Zugeh\u00f6rigkeit wechselten und sich z.B. der Rentamtbezirk Schwedt \u00fcber alle 3 Teilregionen erstreckte. Deshalb ist dieser auch in allen 3 Registern eingef\u00fcgt. Es soll auch keine vollst\u00e4ndige Liste sein sondern nur kleinere Orte im n\u00e4heren Umkreis erfassen. Selbst der selbstgesteckte Rahmen von 20 km Umkreis konnte nicht gehalten werden. Der Vollst\u00e4ndigkeit halber wurden auch noch einige wichtige St\u00e4dte eingef\u00fcgt. Bitte benutzen Sie innerhalb der verlinkten Schriften auch noch einmal die Suchfunktion, da Orte auch in Bezug zu anderen Ereignissen genannt werden. Wir weisen auch auf mehrfache Ortsnamen hin. So befinden sich im Umkreis 3 x Woltersdorf, 3 x Pinnow und historisch oft verwechselte D\u00f6rfer wie Heinersdorf (Schwedt) und Heinrichsdorf (Greifenhagen\/Gryfino), die Beide in alten Urkunden als Hinricksdorp erscheinen. Das Heinersdorfer (Schwedt) Forstrevier ist Pommern zugeordnet weil es unter Pommern von Berghaus aufgef\u00fchrt ist. Was er dazu schreibt kann man <a href=\"https:\/\/books.google.de\/books?id=jcoAAAAAcAAJ&amp;hl=de&amp;pg=PA217#v=onepage&amp;q&amp;f=false\" target=\"_blank\" rel=\"noreferrer noopener\"><strong>hier lesen<\/strong><\/a>.<br>Nat\u00fcrlich ist es auch so, da\u00df die Neumark einst \u00fcber Jahrhunderte zur Mark Brandenburg geh\u00f6rte, heute allerdings durch die Grenze zu Polen an Oder und Nei\u00dfe davon abgekoppelt ist. Deshalb wurde die Neumark separat aufgef\u00fchrt und die Orte auch mit den heute polnischen Namen versehen. Da Pommern bereits vor 1945 in Preu\u00dfen aufging und es um die n\u00e4here Umgebung von Schwedt geht, wurde auf eine Aufteilung verzichtet.<br>Die Tabellen sind noch in der Bearbeitung und weisen einige Unstimmigkeiten auf. Wir arbeiten daran und sind f\u00fcr Hinweise sehr dankbar.<br><\/p>\n\n\n<div class=\"su-spacer\" style=\"height:15px\"><\/div>\n\n\n\n<!-- Page-list plugin v.5.9 wordpress.org\/plugins\/page-list\/ -->\n<ul class=\"page-list \">\n<li class=\"page_item page-item-7371\"><a href=\"https:\/\/heimatland-um.eu\/?page_id=7371\">Brandenburg &#8211; D\u00f6rfer, Ritterg\u00fcter &#038; Vorwerke<\/a><\/li>\n<li class=\"page_item page-item-7374\"><a href=\"https:\/\/heimatland-um.eu\/?page_id=7374\">Neumark &#8211; D\u00f6rfer, Ritterg\u00fcter &#038; Vorwerke<\/a><\/li>\n<li class=\"page_item page-item-7368\"><a href=\"https:\/\/heimatland-um.eu\/?page_id=7368\">Pommern &#8211; D\u00f6rfer, Ritterg\u00fcter &#038; Vorwerke<\/a><\/li>\n\n<\/ul>\n<div class=\"gsp_post_data\" \r\n\t            data-post_type=\"page\" \r\n\t            data-cat=\"\" \r\n\t            data-modified=\"120\"\r\n\t            data-created=\"1752577891\"\r\n\t            data-title=\"D\u00f6rfer, Ritterg\u00fcter &amp; Vorwerke\" \r\n\t            data-home=\"https:\/\/heimatland-um.eu\"><\/div>","protected":false},"excerpt":{"rendered":"<p>Hier finden Sie 3 Linklisten zu Orten und Siedlungspl\u00e4tzen in der Region. Die Sortierung war sehr schwierig, da etliche Orte die Zugeh\u00f6rigkeit wechselten und sich z.B. der Rentamtbezirk Schwedt \u00fcber alle 3 Teilregionen erstreckte. Deshalb ist dieser auch in allen 3 Registern eingef\u00fcgt. Es soll auch keine vollst\u00e4ndige Liste sein sondern nur kleinere Orte im n\u00e4heren Umkreis erfassen. Selbst der <a class=\"read-more\" href=\"https:\/\/heimatland-um.eu\/?page_id=11803\">weiterlesen<\/a><\/p>\n","protected":false},"author":1,"featured_media":0,"parent":10,"menu_order":5,"comment_status":"closed","ping_status":"closed","template":"","meta":{"ngg_post_thumbnail":0,"footnotes":""},"folder":[],"class_list":["post-11803","page","type-page","status-publish","hentry"],"_links":{"self":[{"href":"https:\/\/heimatland-um.eu\/index.php?rest_route=\/wp\/v2\/pages\/11803","targetHints":{"allow":["GET"]}}],"collection":[{"href":"https:\/\/heimatland-um.eu\/index.php?rest_route=\/wp\/v2\/pages"}],"about":[{"href":"https:\/\/heimatland-um.eu\/index.php?rest_route=\/wp\/v2\/types\/page"}],"author":[{"embeddable":true,"href":"https:\/\/heimatland-um.eu\/index.php?rest_route=\/wp\/v2\/users\/1"}],"replies":[{"embeddable":true,"href":"https:\/\/heimatland-um.eu\/index.php?rest_route=%2Fwp%2Fv2%2Fcomments&post=11803"}],"version-history":[{"count":8,"href":"https:\/\/heimatland-um.eu\/index.php?rest_route=\/wp\/v2\/pages\/11803\/revisions"}],"predecessor-version":[{"id":11821,"href":"https:\/\/heimatland-um.eu\/index.php?rest_route=\/wp\/v2\/pages\/11803\/revisions\/11821"}],"up":[{"embeddable":true,"href":"https:\/\/heimatland-um.eu\/index.php?rest_route=\/wp\/v2\/pages\/10"}],"wp:attachment":[{"href":"https:\/\/heimatland-um.eu\/index.php?rest_route=%2Fwp%2Fv2%2Fmedia&parent=11803"}],"wp:term":[{"taxonomy":"folder","embeddable":true,"href":"https:\/\/heimatland-um.eu\/index.php?rest_route=%2Fwp%2Fv2%2Ffolder&post=11803"}],"curies":[{"name":"wp","href":"https:\/\/api.w.org\/{rel}","templated":true}]}}