{"id":12503,"date":"2020-12-09T20:56:27","date_gmt":"2020-12-09T19:56:27","guid":{"rendered":"https:\/\/heimatland-um.eu\/?page_id=12503"},"modified":"2026-02-23T14:25:38","modified_gmt":"2026-02-23T13:25:38","slug":"schwedter-heimatblaetter-1-jahrgang-1929-0-3","status":"publish","type":"page","link":"https:\/\/heimatland-um.eu\/?page_id=12503","title":{"rendered":"Jahrgang 1977-1978 BSG Chemie PCK Schwedt [0]"},"content":{"rendered":"<div class=\"su-tabs su-tabs-style-default su-tabs-mobile-stack\" data-active=\"2\" data-scroll-offset=\"0\" data-anchor-in-url=\"no\"><div class=\"su-tabs-nav\"><span class=\"\" data-url=\"https:\/\/heimatland-um.eu\/?page_id=12495\" data-target=\"self\" tabindex=\"0\" role=\"button\">Fu\u00dfball - Programmhefte<\/span><span class=\"\" data-url=\"https:\/\/heimatland-um.eu\/?page_id=12503\" data-target=\"\" tabindex=\"0\" role=\"button\">Jahrgang 1977-1978<\/span><\/div><div class=\"su-tabs-panes\"><div class=\"su-tabs-pane su-u-clearfix su-u-trim\" data-title=\"Fu\u00dfball - Programmhefte\">Wechseln zu &#8230;<\/div>\n<div class=\"su-tabs-pane su-u-clearfix su-u-trim\" data-title=\"Jahrgang 1977-1978\">Sie befinden sich hier!<\/div><\/div><\/div>\n\n\n\n<p>Programmhefte der BSG Chemie PCK Schwedt der Saison 1977-78 in der DDR-Liga Staffel B. Es fehlen lediglich das Heft zum 7. Spieltag gegen Dynamo F\u00fcrstenwalde und vom FDGB-Pokalspiel gegen Greifswald.<\/p>\n\n\n\n<!-- Page-list plugin v.5.9 wordpress.org\/plugins\/page-list\/ -->\n<div class=\"page-list page-list-ext \">\n<div class=\"page-list-ext-item\"><h3 class=\"page-list-ext-title\"><a href=\"https:\/\/heimatland-um.eu\/?page_id=12521\" title=\"02. ST Chemie PCK Schwedt - Motor Babelsberg  [0]\">02. ST Chemie PCK Schwedt - Motor Babelsberg  [0]<\/a><\/h3><div class=\"page-list-ext-item-content\">\nInhaltsverzeichnis:  \n\n\n\n- Gru\u00dfwort zum Spiel, Aufstellungen, Tabellen, weitere Ansetzungen- aus der Sektion: Zweite Mannschaft, Hinweis Jahresprogramm, Hinweis Sonderbusse zum n\u00e4chsten Spiel, FDGB-Pokal, Testspiel Fortschritt Bischofswerd, Verletzte K\u00e4ppler, Masch, Mundt, Sammlung (WH) \n\n\n\n\n\n\n<\/div><\/div>\n<div class=\"page-list-ext-item\"><h3 class=\"page-list-ext-title\"><a href=\"https:\/\/heimatland-um.eu\/?page_id=12587\" title=\"04. ST Chemie PCK Schwedt - Rotation Berlin  [0]\">04. ST Chemie PCK Schwedt - Rotation Berlin  [0]<\/a><\/h3><div class=\"page-list-ext-item-content\">\nInhaltsverzeichnis:  \n\n\n\n- Gru\u00dfwort zum Spiel, Aufstellungen, Tabellen, weitere Ansetzungen- aus der Sektion: Testspiel Fortschritt Bischofswerda, Verletzte Spieler Bogs, Mundt, Ludwig, K\u00e4ppler Probetraining. Bezirksklasse Chemie 2 - Dynamo Angerm\u00fcnde, Nachwuchsligen, Ank\u00fcndigung Hallenturnier u.a. mit BFC Dynamo, Union Berlin, Vorw\u00e4rts Frankfurt, Geburtstage Lademann, Engelmann, Sammlung (WH) \n\n\n\n\n\n\n<\/div><\/div>\n<div class=\"page-list-ext-item\"><h3 class=\"page-list-ext-title\"><a href=\"https:\/\/heimatland-um.eu\/?page_id=12590\" title=\"09. ST Chemie PCK Schwedt - Bergmann Borsig Berlin  [0]\">09. ST Chemie PCK Schwedt - Bergmann Borsig Berlin  [0]<\/a><\/h3><div class=\"page-list-ext-item-content\">\nInhaltsverzeichnis:  \n\n\n\n- Gru\u00dfwort zum Spiel, Aufstellungen, Tabellen, weitere Ansetzungen- aus der Sektion: Abschlu\u00df Kooperationsvertrag mit dem FC Vorw\u00e4rts Frankfurt, Sammlung (WH) \n\n\n\n\n\n\n<\/div><\/div>\n<div class=\"page-list-ext-item\"><h3 class=\"page-list-ext-title\"><a href=\"https:\/\/heimatland-um.eu\/?page_id=12598\" title=\"11. ST Chemie PCK Schwedt - Motor Eberswalde  [0]\">11. ST Chemie PCK Schwedt - Motor Eberswalde  [0]<\/a><\/h3><div class=\"page-list-ext-item-content\">\nInhaltsverzeichnis:  \n\n\n\n- Gru\u00dfwort zum Spiel, Aufstellungen, Tabellen, weitere Ansetzungen- aus der Sektion: Bezirksauswahl Frankfurt AK 12 Spartakiadesieger mit Herrmann, Schr\u00f6ter, Tr\u00f6tschel, Junioren erreichen HF Junge Welt-Pokal, Plazierungen Nachwuchsmannschaften, Sammlung (WH) \n\n\n\n\n\n\n<\/div><\/div>\n<div class=\"page-list-ext-item\"><h3 class=\"page-list-ext-title\"><a href=\"https:\/\/heimatland-um.eu\/?page_id=12603\" title=\"12. ST Chemie PCK Schwedt - Traktor Gro\u00df-Lindow  [0]\">12. ST Chemie PCK Schwedt - Traktor Gro\u00df-Lindow  [0]<\/a><\/h3><div class=\"page-list-ext-item-content\">\nInhaltsverzeichnis:  \n\n\n\n- Gru\u00dfwort zum Spiel, Aufstellungen, Tabellen, weitere Ansetzungen- aus der Sektion: Verletzte Stoll, Mundt im Aufbautraining, Bliefert Elektro-Ingenieur, Alte Herren spielen in Frankfurt und gegen Rotation Schwedt, Ank\u00fcndigung Wahlberichtsversammlung, Bezirksklasse Chemie 2, Informationen \u00fcber Presse, Betriebsfunk PCK, Betriebszeitung \"Junger Erbauer &amp; Hefte der \"Schwedt-Information\", Sammlung (WH) \n\n\n\n\n\n\n<\/div><\/div>\n<div class=\"page-list-ext-item\"><h3 class=\"page-list-ext-title\"><a href=\"https:\/\/heimatland-um.eu\/?page_id=12610\" title=\"14. ST Chemie PCK Schwedt - Post Neubrandenburg  [0]\">14. ST Chemie PCK Schwedt - Post Neubrandenburg  [0]<\/a><\/h3><div class=\"page-list-ext-item-content\">\nInhaltsverzeichnis:  \n\n\n\n- Gru\u00dfwort zum Spiel, Aufstellungen, Tabellen, weitere Ansetzungen- aus der Sektion: Ank\u00fcndigung Freundschaftsspiel Schwarze Pumpe, Absage des geplanten Hallenturnieres, Testspielansetzungen im Februar, Ank\u00fcndigung Neujahrsturnier Nachwuchs, Sch\u00fcler turnier AK 12\/13, Beschl\u00fcsse Wahlberichtsversammlung, Sammlung (WH) \n\n\n\n\n\n\n<\/div><\/div>\n<div class=\"page-list-ext-item\"><h3 class=\"page-list-ext-title\"><a href=\"https:\/\/heimatland-um.eu\/?page_id=12612\" title=\"16. ST Chemie PCK Schwedt - Motor Hennigsdorf  [0]\">16. ST Chemie PCK Schwedt - Motor Hennigsdorf  [0]<\/a><\/h3><div class=\"page-list-ext-item-content\">\nInhaltsverzeichnis:  \n\n\n\n- Gru\u00dfwort zum Spiel, Aufstellungen, Tabellen, weitere Ansetzungen- aus der Sektion: Auszeichnung Wurl &amp; Krumholz mit DFV-Ehrennadel, Schiesrichter Nerger neues Mitglied im BFA, Bezirksklasse Chemie 2 tr\u00e4gt Spiele nun auf Sportplatz K\u00fclzviertel aus, Junioren Sieger Bezirkspokal \"Junge Welt\", Bezirkshallenmeisterschaften Knaben Sieger, Kinder Zweiter, Sch\u00fcler Dritter, Platzierungen der Nachwuchsmannschaften in den Bezirksligen, AK 7 Wettkampfstart beim Hallenturnier in Neubrandenburg, Sammlung (WH) \n\n\n\n\n\n\n<\/div><\/div>\n<div class=\"page-list-ext-item\"><h3 class=\"page-list-ext-title\"><a href=\"https:\/\/heimatland-um.eu\/?page_id=12614\" title=\"17. ST Chemie PCK Schwedt - Vorw\u00e4rts Neubrandenburg  [0]\">17. ST Chemie PCK Schwedt - Vorw\u00e4rts Neubrandenburg  [0]<\/a><\/h3><div class=\"page-list-ext-item-content\">\nInhaltsverzeichnis:  \n\n\n\n- Gru\u00dfwort zum Spiel, Aufstellungen, Tabellen, weitere Ansetzungen- aus der Sektion: Erd\u00f6lpokal der Freundschaft in Schwedt, Info's und Ansetzungen, Sammlung (WH) \n\n\n\n\n\n\n<\/div><\/div>\n<div class=\"page-list-ext-item\"><h3 class=\"page-list-ext-title\"><a href=\"https:\/\/heimatland-um.eu\/?page_id=12616\" title=\"19. ST Chemie PCK Schwedt - Stahl Eisenh\u00fcttenstadt  [0]\">19. ST Chemie PCK Schwedt - Stahl Eisenh\u00fcttenstadt  [0]<\/a><\/h3><div class=\"page-list-ext-item-content\">\nInhaltsverzeichnis:  \n\n\n\n- Gru\u00dfwort zum Spiel, Aufstellungen, Tabellen, weitere Ansetzungen- aus der Sektion: R\u00fcckblick auf den Erd\u00f6lpokal der Freundschaft mit Platzierungen, Ansetzungen Freundschaftsspiele in der Sommerpause, BFA plant Pokalrunde mit deutschen und polnischen Mannschaften, Freizeit- und Erholungssport f\u00fcr Betriebsmannschaften u.a. auf dem neuen Hartplatz am Jugend- &amp; Sportpark, Bezirksklasse Rotation Schwedt - Chemie 2 auf der Waldsportanlage, Sammlung (WH) \n\n\n\n\n\n\n<\/div><\/div>\n<div class=\"page-list-ext-item\"><h3 class=\"page-list-ext-title\"><a href=\"https:\/\/heimatland-um.eu\/?page_id=12619\" title=\"21. ST Chemie PCK Schwedt - Stahl Hennigsdorf  [0]\">21. ST Chemie PCK Schwedt - Stahl Hennigsdorf  [0]<\/a><\/h3><div class=\"page-list-ext-item-content\">\nInhaltsverzeichnis:  \n\n\n\n- Gru\u00dfwort zum Spiel, Aufstellungen, Tabellen, weitere Ansetzungen- aus der Sektion: Gru\u00dfwort zum Erd\u00f6lpokal der Freundschaft, Verlauf, Zeiten, System f\u00fcr Fu\u00dfball, Handball, Tischtennis u.m., Sammlung (WH) \n\n\n\n\n\n\n<\/div><\/div>\n<div class=\"page-list-ext-item\"><h3 class=\"page-list-ext-title\"><a href=\"https:\/\/heimatland-um.eu\/?page_id=12512\" title=\"Jahresprogramm 1977-78  [0]\">Jahresprogramm 1977-78  [0]<\/a><\/h3><div class=\"page-list-ext-item-content\">\nInhaltsverzeichnis:  \n\n\n\n- Vorstellung der Mannschaft und der Betreuer- Vorstellung und Ziele der SektionSammlung (DS) \n\n\n\n\n\n\n<\/div><\/div>\n\n<\/div>\n<div class=\"gsp_post_data\" \r\n\t            data-post_type=\"page\" \r\n\t            data-cat=\"\" \r\n\t            data-modified=\"120\"\r\n\t            data-created=\"1607547387\"\r\n\t            data-title=\"Jahrgang 1977-1978 BSG Chemie PCK Schwedt [0]\" \r\n\t            data-home=\"https:\/\/heimatland-um.eu\"><\/div>","protected":false},"excerpt":{"rendered":"<p>Programmhefte der BSG Chemie PCK Schwedt der Saison 1977-78 in der DDR-Liga Staffel B. Es fehlen lediglich das Heft zum 7. Spieltag gegen Dynamo F\u00fcrstenwalde und vom FDGB-Pokalspiel gegen Greifswald.<\/p>\n","protected":false},"author":1,"featured_media":0,"parent":12495,"menu_order":0,"comment_status":"closed","ping_status":"closed","template":"","meta":{"ngg_post_thumbnail":0,"footnotes":""},"folder":[],"class_list":["post-12503","page","type-page","status-publish","hentry"],"_links":{"self":[{"href":"https:\/\/heimatland-um.eu\/index.php?rest_route=\/wp\/v2\/pages\/12503","targetHints":{"allow":["GET"]}}],"collection":[{"href":"https:\/\/heimatland-um.eu\/index.php?rest_route=\/wp\/v2\/pages"}],"about":[{"href":"https:\/\/heimatland-um.eu\/index.php?rest_route=\/wp\/v2\/types\/page"}],"author":[{"embeddable":true,"href":"https:\/\/heimatland-um.eu\/index.php?rest_route=\/wp\/v2\/users\/1"}],"replies":[{"embeddable":true,"href":"https:\/\/heimatland-um.eu\/index.php?rest_route=%2Fwp%2Fv2%2Fcomments&post=12503"}],"version-history":[{"count":12,"href":"https:\/\/heimatland-um.eu\/index.php?rest_route=\/wp\/v2\/pages\/12503\/revisions"}],"predecessor-version":[{"id":13750,"href":"https:\/\/heimatland-um.eu\/index.php?rest_route=\/wp\/v2\/pages\/12503\/revisions\/13750"}],"up":[{"embeddable":true,"href":"https:\/\/heimatland-um.eu\/index.php?rest_route=\/wp\/v2\/pages\/12495"}],"wp:attachment":[{"href":"https:\/\/heimatland-um.eu\/index.php?rest_route=%2Fwp%2Fv2%2Fmedia&parent=12503"}],"wp:term":[{"taxonomy":"folder","embeddable":true,"href":"https:\/\/heimatland-um.eu\/index.php?rest_route=%2Fwp%2Fv2%2Ffolder&post=12503"}],"curies":[{"name":"wp","href":"https:\/\/api.w.org\/{rel}","templated":true}]}}