{"id":12637,"date":"2020-12-09T20:56:27","date_gmt":"2020-12-09T19:56:27","guid":{"rendered":"https:\/\/heimatland-um.eu\/?page_id=12637"},"modified":"2026-02-23T14:26:04","modified_gmt":"2026-02-23T13:26:04","slug":"schwedter-heimatblaetter-1-jahrgang-1929-0-3-2","status":"publish","type":"page","link":"https:\/\/heimatland-um.eu\/?page_id=12637","title":{"rendered":"Jahrgang 1978-1979 BSG Chemie PCK Schwedt [0]"},"content":{"rendered":"<div class=\"su-tabs su-tabs-style-default su-tabs-mobile-stack\" data-active=\"2\" data-scroll-offset=\"0\" data-anchor-in-url=\"no\"><div class=\"su-tabs-nav\"><span class=\"\" data-url=\"https:\/\/heimatland-um.eu\/?page_id=12495\" data-target=\"self\" tabindex=\"0\" role=\"button\">Fu\u00dfball - Programmhefte<\/span><span class=\"\" data-url=\"https:\/\/heimatland-um.eu\/?page_id=12637\" data-target=\"\" tabindex=\"0\" role=\"button\">Jahrgang 1978-1979<\/span><\/div><div class=\"su-tabs-panes\"><div class=\"su-tabs-pane su-u-clearfix su-u-trim\" data-title=\"Fu\u00dfball - Programmhefte\">Wechseln zu &#8230;<\/div>\n<div class=\"su-tabs-pane su-u-clearfix su-u-trim\" data-title=\"Jahrgang 1978-1979\">Sie befinden sich hier!<\/div><\/div><\/div>\n\n\n\n<p>Programmhefte der BSG Chemie PCK Schwedt der Saison 1978-79 in der DDR-Liga Staffel B komplett. <\/p>\n\n\n\n<!-- Page-list plugin v.5.9 wordpress.org\/plugins\/page-list\/ -->\n<div class=\"page-list page-list-ext \">\n<div class=\"page-list-ext-item\"><h3 class=\"page-list-ext-title\"><a href=\"https:\/\/heimatland-um.eu\/?page_id=12642\" title=\"02. ST Chemie PCK Schwedt - Halbleiterwerk Frankfurt  [0]\">02. ST Chemie PCK Schwedt - Halbleiterwerk Frankfurt  [0]<\/a><\/h3><div class=\"page-list-ext-item-content\">\nInhaltsverzeichnis:  \n\n\n\n- Gru\u00dfwort zum Spiel, Aufstellungen, Tabellen, weitere Ansetzungen- aus der Sektion: Interview mit dem Sektionsleiter Siegfried Kipp, Hinweis Infom\u00f6glichkeiten, Vorstellung Trainer Manfred Geisler, Ansetzungen der Hinrunde, Chemie 2 in der Bezirksliga, Mannschaftsaufstellung, Ansetzungen, Sammlung (WH) \n\n\n\n\n\n\n<\/div><\/div>\n<div class=\"page-list-ext-item\"><h3 class=\"page-list-ext-title\"><a href=\"https:\/\/heimatland-um.eu\/?page_id=12650\" title=\"05. ST Chemie PCK Schwedt - Motor Babelsberg  [0]\">05. ST Chemie PCK Schwedt - Motor Babelsberg  [0]<\/a><\/h3><div class=\"page-list-ext-item-content\">\nInhaltsverzeichnis:  \n\n\n\n- Gru\u00dfwort zum Spiel, Aufstellungen, Tabellen, weitere Ansetzungen- aus der Sektion: Neuzugang Hartmut Voigt, Geburtstagsgr\u00fc\u00dfe Voigt &amp; Engelmann, FDGB-Pokal R\u00fcckblick und Ausblick, Sieg in Stralsund, Bezirksliga Chemie 2, Bezirksligastart Nachwuchs, Sammlung (WH) \n\n\n\n\n\n\n<\/div><\/div>\n<div class=\"page-list-ext-item\"><h3 class=\"page-list-ext-title\"><a href=\"https:\/\/heimatland-um.eu\/?page_id=12656\" title=\"07. ST Chemie PCK Schwedt - Chemie Premnitz  [0]\">07. ST Chemie PCK Schwedt - Chemie Premnitz  [0]<\/a><\/h3><div class=\"page-list-ext-item-content\">\nInhaltsverzeichnis:  \n\n\n\n- Gru\u00dfwort zum Spiel, Aufstellungen, Tabellen, weitere Ansetzungen- aus der Sektion: Sektion Fu\u00dfball in der Sportstaffette: 311 Mitglieder, 46 \u00dcbungsleiter, 11 Schiedsrichter, Sportabzeichen, 694 VMI-Stunden an Sportst\u00e4tten, Solimarken, Freizeit- und Erholungssport, internationale Begegnungen, Sammlung (WH) \n\n\n\n\n\n\n<\/div><\/div>\n<div class=\"page-list-ext-item\"><h3 class=\"page-list-ext-title\"><a href=\"https:\/\/heimatland-um.eu\/?page_id=12662\" title=\"09. ST Chemie PCK Schwedt - TSG Neustrelitz  [0]\">09. ST Chemie PCK Schwedt - TSG Neustrelitz  [0]<\/a><\/h3><div class=\"page-list-ext-item-content\">\nInhaltsverzeichnis:  \n\n\n\n- Gru\u00dfwort zum Spiel, Aufstellungen, Tabellen, weitere Ansetzungen- aus der Sektion: ausf\u00fchrlicher R\u00fcckblick auf Gegner und Spiele, Saison Nachwuchs, Patenschaftsvertrag mit Traktor Zichow &amp; Gemeindeverband Passow, Sammlung (WH) \n\n\n\n\n\n\n<\/div><\/div>\n<div class=\"page-list-ext-item\"><h3 class=\"page-list-ext-title\"><a href=\"https:\/\/heimatland-um.eu\/?page_id=12667\" title=\"11. ST Chemie PCK Schwedt - Motor Eberswalde  [0]\">11. ST Chemie PCK Schwedt - Motor Eberswalde  [0]<\/a><\/h3><div class=\"page-list-ext-item-content\">\nInhaltsverzeichnis:  \n\n\n\n- Gru\u00dfwort zum Spiel, Aufstellungen, Tabellen, weitere Ansetzungen- aus der Sektion: Schiedsrichterwerbung, Vorbereitungen Silvesterturnier Knaben, Alte Herren Siegen bei Vorw\u00e4rts L\u00f6cknitz mit 4:1, Chemie 2 siegt und ist Dritter, nun Derby gegen Rotation Schwedt, Sammlung (WH) \n\n\n\n\n\n\n<\/div><\/div>\n<div class=\"page-list-ext-item\"><h3 class=\"page-list-ext-title\"><a href=\"https:\/\/heimatland-um.eu\/?page_id=12672\" title=\"12. ST Chemie PCK Schwedt - Stahl Eisenh\u00fcttenstadt  [0]\">12. ST Chemie PCK Schwedt - Stahl Eisenh\u00fcttenstadt  [0]<\/a><\/h3><div class=\"page-list-ext-item-content\">\nInhaltsverzeichnis:  \n\n\n\n- Gru\u00dfwort zum Spiel, Aufstellungen, Tabellen, weitere Ansetzungen- aus der Sektion: Bilanz der Hinrunde, Eins\u00e4tze, Zuschauer, Torsch\u00fctzen, Sammlung (WH) \n\n\n\n\n\n\n<\/div><\/div>\n<div class=\"page-list-ext-item\"><h3 class=\"page-list-ext-title\"><a href=\"https:\/\/heimatland-um.eu\/?page_id=12676\" title=\"14. ST Chemie PCK Schwedt - Bergmann Borsig Berlin  [0]\">14. ST Chemie PCK Schwedt - Bergmann Borsig Berlin  [0]<\/a><\/h3><div class=\"page-list-ext-item-content\">\nInhaltsverzeichnis:  \n\n\n\n- Gru\u00dfwort zum Spiel, Aufstellungen, Tabellen, weitere Ansetzungen- aus der Sektion: Bilanz und Vorschau der Nachwuchsmannschaften, Ausblick 9. Neujahrturnier der Knaben (AK 10-11), Vorbereitungsspiele der Liga-Mannschaft, Sammlung (WH) \n\n\n\n\n\n\n<\/div><\/div>\n<div class=\"page-list-ext-item\"><h3 class=\"page-list-ext-title\"><a href=\"https:\/\/heimatland-um.eu\/?page_id=12681\" title=\"15. ST Chemie PCK Schwedt - FC Vorw\u00e4rts Frankfurt  [0]\">15. ST Chemie PCK Schwedt - FC Vorw\u00e4rts Frankfurt  [0]<\/a><\/h3><div class=\"page-list-ext-item-content\">\nInhaltsverzeichnis:  \n\n\n\n- Gru\u00dfwort zum Spiel, Aufstellungen, Tabellen, weitere Ansetzungen- aus der Sektion: Ausf\u00fchrlicher Bericht zum Spiel und Gegner mit Hinweis auf eine schwierige Wintervorbereitung und Bericht vom Hinspiel, Sammlung (WH) \n\n\n\n\n\n\n<\/div><\/div>\n<div class=\"page-list-ext-item\"><h3 class=\"page-list-ext-title\"><a href=\"https:\/\/heimatland-um.eu\/?page_id=12684\" title=\"17. ST Chemie PCK Schwedt - Stahl Hennigsdorf  [0]\">17. ST Chemie PCK Schwedt - Stahl Hennigsdorf  [0]<\/a><\/h3><div class=\"page-list-ext-item-content\">\nInhaltsverzeichnis:  \n\n\n\n- Gru\u00dfwort zum Spiel, Aufstellungen, Tabellen, weitere Ansetzungen- aus der Sektion: Vorstellung Trainer Pellert, Ank\u00fcndigung \"Erd\u00f6lpokal der Freundschaft\", Freundschaftsspiel gegen DDR-Meister Dynamo Dresden, Spendenaktion der Spieler, Sammlung (WH) \n\n\n\n\n\n\n<\/div><\/div>\n<div class=\"page-list-ext-item\"><h3 class=\"page-list-ext-title\"><a href=\"https:\/\/heimatland-um.eu\/?page_id=12689\" title=\"19. ST Chemie PCK Schwedt - Narva Berlin  [0]\">19. ST Chemie PCK Schwedt - Narva Berlin  [0]<\/a><\/h3><div class=\"page-list-ext-item-content\">\nInhaltsverzeichnis:  \n\n\n\n- Gru\u00dfwort zum Spiel, Aufstellungen, Tabellen, weitere Ansetzungen- aus der Sektion: Ausf\u00fchrlicher Bericht zum Spiel und R\u00fcckblick auf das Hinspiel, Sammlung (WH) \n\n\n\n\n\n\n<\/div><\/div>\n<div class=\"page-list-ext-item\"><h3 class=\"page-list-ext-title\"><a href=\"https:\/\/heimatland-um.eu\/?page_id=12694\" title=\"21. ST Chemie PCK Schwedt - Rotation Berlin  [0]\">21. ST Chemie PCK Schwedt - Rotation Berlin  [0]<\/a><\/h3><div class=\"page-list-ext-item-content\">\nInhaltsverzeichnis:  \n\n\n\n- Gru\u00dfwort zum Spiel, Aufstellungen, Tabellen, weitere Ansetzungen- aus der Sektion: Vorschau auf die Nachsaison, Vorbereitungsspiele, Bekanntgabe L\u00e4nderspiel der Olympiamannschaften der DDR gegen Rum\u00e4nien in Schwedt, Mannschaftsaufgebot. Hinweis: Rum\u00e4nien sagte ab und es sprang D\u00e4nemark ein, Sammlung (WH) \n\n\n\n\n\n\n<\/div><\/div>\n<div class=\"page-list-ext-item\"><h3 class=\"page-list-ext-title\"><a href=\"https:\/\/heimatland-um.eu\/?page_id=12698\" title=\"FDGB-Pokal Chemie PCK Schwedt - BFC Dynamo  [0]\">FDGB-Pokal Chemie PCK Schwedt - BFC Dynamo  [0]<\/a><\/h3><div class=\"page-list-ext-item-content\">\nInhaltsverzeichnis:  \n\n\n\n- Gru\u00dfwort zum Spiel, Aufstellungen, Tabellen, weitere Ansetzungen- aus der Sektion: umfangreiche Informationen zum Spiel und den Mannschaften, Pokalansetzungen, Sammlung (WH) \n\n\n\n\n\n\n<\/div><\/div>\n\n<\/div>\n<div class=\"gsp_post_data\" \r\n\t            data-post_type=\"page\" \r\n\t            data-cat=\"\" \r\n\t            data-modified=\"120\"\r\n\t            data-created=\"1607547387\"\r\n\t            data-title=\"Jahrgang 1978-1979 BSG Chemie PCK Schwedt [0]\" \r\n\t            data-home=\"https:\/\/heimatland-um.eu\"><\/div>","protected":false},"excerpt":{"rendered":"<p>Programmhefte der BSG Chemie PCK Schwedt der Saison 1978-79 in der DDR-Liga Staffel B komplett.<\/p>\n","protected":false},"author":1,"featured_media":0,"parent":12495,"menu_order":0,"comment_status":"closed","ping_status":"closed","template":"","meta":{"ngg_post_thumbnail":0,"footnotes":""},"folder":[],"class_list":["post-12637","page","type-page","status-publish","hentry"],"_links":{"self":[{"href":"https:\/\/heimatland-um.eu\/index.php?rest_route=\/wp\/v2\/pages\/12637","targetHints":{"allow":["GET"]}}],"collection":[{"href":"https:\/\/heimatland-um.eu\/index.php?rest_route=\/wp\/v2\/pages"}],"about":[{"href":"https:\/\/heimatland-um.eu\/index.php?rest_route=\/wp\/v2\/types\/page"}],"author":[{"embeddable":true,"href":"https:\/\/heimatland-um.eu\/index.php?rest_route=\/wp\/v2\/users\/1"}],"replies":[{"embeddable":true,"href":"https:\/\/heimatland-um.eu\/index.php?rest_route=%2Fwp%2Fv2%2Fcomments&post=12637"}],"version-history":[{"count":5,"href":"https:\/\/heimatland-um.eu\/index.php?rest_route=\/wp\/v2\/pages\/12637\/revisions"}],"predecessor-version":[{"id":13751,"href":"https:\/\/heimatland-um.eu\/index.php?rest_route=\/wp\/v2\/pages\/12637\/revisions\/13751"}],"up":[{"embeddable":true,"href":"https:\/\/heimatland-um.eu\/index.php?rest_route=\/wp\/v2\/pages\/12495"}],"wp:attachment":[{"href":"https:\/\/heimatland-um.eu\/index.php?rest_route=%2Fwp%2Fv2%2Fmedia&parent=12637"}],"wp:term":[{"taxonomy":"folder","embeddable":true,"href":"https:\/\/heimatland-um.eu\/index.php?rest_route=%2Fwp%2Fv2%2Ffolder&post=12637"}],"curies":[{"name":"wp","href":"https:\/\/api.w.org\/{rel}","templated":true}]}}