{"id":12703,"date":"2020-12-09T20:56:27","date_gmt":"2020-12-09T19:56:27","guid":{"rendered":"https:\/\/heimatland-um.eu\/?page_id=12703"},"modified":"2026-02-23T14:28:30","modified_gmt":"2026-02-23T13:28:30","slug":"schwedter-heimatblaetter-1-jahrgang-1929-0-3-2-2","status":"publish","type":"page","link":"https:\/\/heimatland-um.eu\/?page_id=12703","title":{"rendered":"Jahrgang 1986-1987 BSG Chemie PCK Schwedt [0]"},"content":{"rendered":"<div class=\"su-tabs su-tabs-style-default su-tabs-mobile-stack\" data-active=\"2\" data-scroll-offset=\"0\" data-anchor-in-url=\"no\"><div class=\"su-tabs-nav\"><span class=\"\" data-url=\"https:\/\/heimatland-um.eu\/?page_id=12495\" data-target=\"self\" tabindex=\"0\" role=\"button\">Fu\u00dfball - Programmhefte<\/span><span class=\"\" data-url=\"https:\/\/heimatland-um.eu\/?page_id=12703\" data-target=\"\" tabindex=\"0\" role=\"button\">Jahrgang 1986-1987<\/span><\/div><div class=\"su-tabs-panes\"><div class=\"su-tabs-pane su-u-clearfix su-u-trim\" data-title=\"Fu\u00dfball - Programmhefte\">Wechseln zu &#8230;<\/div>\n<div class=\"su-tabs-pane su-u-clearfix su-u-trim\" data-title=\"Jahrgang 1986-1987\">Sie befinden sich hier!<\/div><\/div><\/div>\n\n\n\n<p>Programmhefte der BSG Chemie PCK Schwedt der Saison 1986-87 in der Bezirksliga Frankfurt\/Oder. Es fehlen die Heimspiele gegen Dynamo F\u00fcrstenwalde II, Vorw\u00e4rts Strausberg. Die Bezirkspokalspiele waren alle ausw\u00e4rts. Ob es zum Finale gegen HLW Frankfurt ein Programmheft gab ist uns nicht bekannt.<\/p>\n\n\n\n<!-- Page-list plugin v.5.9 wordpress.org\/plugins\/page-list\/ -->\n<div class=\"page-list page-list-ext \">\n<div class=\"page-list-ext-item\"><h3 class=\"page-list-ext-title\"><a href=\"https:\/\/heimatland-um.eu\/?page_id=12705\" title=\"01. ST Chemie PCK Schwedt - Halbleiterwerk Frankfurt  [0]\">01. ST Chemie PCK Schwedt - Halbleiterwerk Frankfurt  [0]<\/a><\/h3><div class=\"page-list-ext-item-content\">\nInhaltsverzeichnis:  \n\n\n\n- Gru\u00dfwort zum Spiel, Aufstellungen, Tabellen, weitere Ansetzungen- aus der Sektion: Ergebnisse Nachwuchs der Vorsaison inkl. Trainer, Erfolge, Gedanken zum neuen Spieljahr, Vorstellung Sektionsleitung, Vorstellung neuer Trainer Rosenthal, Vorstellung neue Spieler, Bezirksligakollektiv Mannschaft, Leitung, Betreuer, Sammlung (JB) \n\n\n\n\n\n\n<\/div><\/div>\n<div class=\"page-list-ext-item\"><h3 class=\"page-list-ext-title\"><a href=\"https:\/\/heimatland-um.eu\/?page_id=12714\" title=\"03. ST Chemie PCK Schwedt - SG M\u00fcncheberg [0]\">03. ST Chemie PCK Schwedt - SG M\u00fcncheberg [0]<\/a><\/h3><div class=\"page-list-ext-item-content\">\nInhaltsverzeichnis:  \n\n\n\n- Gru\u00dfwort zum Spiel, Aufstellungen, Tabellen, weitere Ansetzungen- aus der Sektion: n\u00e4chste Spiele, FDJ-Pokal Nachwuchs, Junge Welt Pokal Nachwuchs, Saisonstart Nachwuchs mit Pokal, Spiele in den Bezirksligen gegen Rotation\/Vorw\u00e4rts Schwedt im Nachwuchs, Sammlung (JB) \n\n\n\n\n\n\n<\/div><\/div>\n<div class=\"page-list-ext-item\"><h3 class=\"page-list-ext-title\"><a href=\"https:\/\/heimatland-um.eu\/?page_id=12719\" title=\"05. ST Chemie PCK Schwedt - WGK Frankfurt [0]\">05. ST Chemie PCK Schwedt - WGK Frankfurt [0]<\/a><\/h3><div class=\"page-list-ext-item-content\">\nInhaltsverzeichnis:  \n\n\n\n- Gru\u00dfwort zum Spiel, Aufstellungen, Tabellen, weitere Ansetzungen- aus der Sektion: n\u00e4chste Spiele, OP Kapit\u00e4n Kalainski, Geburtstagsgr\u00fc\u00dfe an Hefter, Gaida, Engelmann, Hadamik, Kallfa\u00df, Junge Welt Pokal Junioren, Punktspiele Nachwuchs, Sammlung (JB) \n\n\n\n\n\n\n<\/div><\/div>\n<div class=\"page-list-ext-item\"><h3 class=\"page-list-ext-title\"><a href=\"https:\/\/heimatland-um.eu\/?page_id=12724\" title=\"07. ST Chemie PCK Schwedt - Lok Eberswalde [0]\">07. ST Chemie PCK Schwedt - Lok Eberswalde [0]<\/a><\/h3><div class=\"page-list-ext-item-content\">\nInhaltsverzeichnis:  \n\n\n\n- Gru\u00dfwort zum Spiel, Aufstellungen, Tabellen, weitere Ansetzungen- aus der Sektion: Spiele Chemie PCK II, Ank\u00fcndigung Wahlversammlung, Kapit\u00e4n Kalainski wieder im Training, Sammlung (JB) \n\n\n\n\n\n\n<\/div><\/div>\n<div class=\"page-list-ext-item\"><h3 class=\"page-list-ext-title\"><a href=\"https:\/\/heimatland-um.eu\/?page_id=12730\" title=\"11. ST Chemie PCK Schwedt - Vorw\u00e4rts Bernau [0]\">11. ST Chemie PCK Schwedt - Vorw\u00e4rts Bernau [0]<\/a><\/h3><div class=\"page-list-ext-item-content\">\nInhaltsverzeichnis:  \n\n\n\n- Gru\u00dfwort zum Spiel, Aufstellungen, Tabellen, weitere Ansetzungen- aus der Sektion: bisherige Spiele im Vergleich zu den Vorjahren, Pokalauslosungen, Ank\u00fcndigung 4. Hallenturnier um den Pokal des Generaldirektors des PCK Schwedt, Sammlung (JB) \n\n\n\n\n\n\n<\/div><\/div>\n<div class=\"page-list-ext-item\"><h3 class=\"page-list-ext-title\"><a href=\"https:\/\/heimatland-um.eu\/?page_id=12737\" title=\"13. ST Chemie PCK Schwedt - Pneumant F\u00fcrstenwalde [0]\">13. ST Chemie PCK Schwedt - Pneumant F\u00fcrstenwalde [0]<\/a><\/h3><div class=\"page-list-ext-item-content\">\nInhaltsverzeichnis:  \n\n\n\n- Gru\u00dfwort zum Spiel, Aufstellungen, Tabellen, weitere Ansetzungen- aus der Sektion: Spielbetrieb, Ergebnisse, Tabellen im Nachwuchsbereich Sammlung (JB) \n\n\n\n\n\n\n<\/div><\/div>\n<div class=\"page-list-ext-item\"><h3 class=\"page-list-ext-title\"><a href=\"https:\/\/heimatland-um.eu\/?page_id=12768\" title=\"15. ST Chemie PCK Schwedt - Traktor Gro\u00df-Lindow [0]\">15. ST Chemie PCK Schwedt - Traktor Gro\u00df-Lindow [0]<\/a><\/h3><div class=\"page-list-ext-item-content\">\nInhaltsverzeichnis:  \n\n\n\n- Gru\u00dfwort zum Spiel, Aufstellungen, Tabellen, weitere Ansetzungen- aus der Sektion: Sammlung (JB) \n\n\n\n\n\n\n<\/div><\/div>\n<div class=\"page-list-ext-item\"><h3 class=\"page-list-ext-title\"><a href=\"https:\/\/heimatland-um.eu\/?page_id=12770\" title=\"19. ST Chemie PCK Schwedt - SPW Beeskow [0]\">19. ST Chemie PCK Schwedt - SPW Beeskow [0]<\/a><\/h3><div class=\"page-list-ext-item-content\">\nInhaltsverzeichnis:  \n\n\n\n- Gru\u00dfwort zum Spiel, Aufstellungen, Tabellen, weitere Ansetzungen- aus der Sektion: Sammlung (JB) \n\n\n\n\n\n\n<\/div><\/div>\n<div class=\"page-list-ext-item\"><h3 class=\"page-list-ext-title\"><a href=\"https:\/\/heimatland-um.eu\/?page_id=12772\" title=\"21. ST Chemie PCK Schwedt - Vorw\u00e4rts Seelow [0]\">21. ST Chemie PCK Schwedt - Vorw\u00e4rts Seelow [0]<\/a><\/h3><div class=\"page-list-ext-item-content\">\nInhaltsverzeichnis:  \n\n\n\n- Gru\u00dfwort zum Spiel, Aufstellungen, Tabellen, weitere Ansetzungen- aus der Sektion: Sammlung (JB) \n\n\n\n\n\n\n<\/div><\/div>\n<div class=\"page-list-ext-item\"><h3 class=\"page-list-ext-title\"><a href=\"https:\/\/heimatland-um.eu\/?page_id=12774\" title=\"23. ST Chemie PCK Schwedt - Stahl Eisenh\u00fcttenstadt 2 [0]\">23. ST Chemie PCK Schwedt - Stahl Eisenh\u00fcttenstadt 2 [0]<\/a><\/h3><div class=\"page-list-ext-item-content\">\nInhaltsverzeichnis:  \n\n\n\n- Gru\u00dfwort zum Spiel, Aufstellungen, Tabellen, weitere Ansetzungen- aus der Sektion: Sammlung (JB) \n\n\n\n\n\n\n<\/div><\/div>\n<div class=\"page-list-ext-item\"><h3 class=\"page-list-ext-title\"><a href=\"https:\/\/heimatland-um.eu\/?page_id=12776\" title=\"25. ST Chemie PCK Schwedt - KIM Lichterfelde [0]\">25. ST Chemie PCK Schwedt - KIM Lichterfelde [0]<\/a><\/h3><div class=\"page-list-ext-item-content\">\nInhaltsverzeichnis:  \n\n\n\n- Gru\u00dfwort zum Spiel, Aufstellungen, Tabellen, weitere Ansetzungen- aus der Sektion: Sammlung (JB) \n\n\n\n\n\n\n<\/div><\/div>\n<div class=\"page-list-ext-item\"><h3 class=\"page-list-ext-title\"><a href=\"https:\/\/heimatland-um.eu\/?page_id=12778\" title=\"29. ST Chemie PCK Schwedt - Motor Eberswalde [0]\">29. ST Chemie PCK Schwedt - Motor Eberswalde [0]<\/a><\/h3><div class=\"page-list-ext-item-content\">\nInhaltsverzeichnis:  \n\n\n\n- Gru\u00dfwort zum Spiel, Aufstellungen, Tabellen, weitere Ansetzungen- aus der Sektion: Sammlung (JB) \n\n\n\n\n\n\n<\/div><\/div>\n\n<\/div>\n<div class=\"gsp_post_data\" \r\n\t            data-post_type=\"page\" \r\n\t            data-cat=\"\" \r\n\t            data-modified=\"120\"\r\n\t            data-created=\"1607547387\"\r\n\t            data-title=\"Jahrgang 1986-1987 BSG Chemie PCK Schwedt [0]\" \r\n\t            data-home=\"https:\/\/heimatland-um.eu\"><\/div>","protected":false},"excerpt":{"rendered":"<p>Programmhefte der BSG Chemie PCK Schwedt der Saison 1986-87 in der Bezirksliga Frankfurt\/Oder. Es fehlen die Heimspiele gegen Dynamo F\u00fcrstenwalde II, Vorw\u00e4rts Strausberg. Die Bezirkspokalspiele waren alle ausw\u00e4rts. Ob es zum Finale gegen HLW Frankfurt ein Programmheft gab ist uns nicht bekannt.<\/p>\n","protected":false},"author":1,"featured_media":0,"parent":12495,"menu_order":0,"comment_status":"closed","ping_status":"closed","template":"","meta":{"ngg_post_thumbnail":0,"footnotes":""},"folder":[],"class_list":["post-12703","page","type-page","status-publish","hentry"],"_links":{"self":[{"href":"https:\/\/heimatland-um.eu\/index.php?rest_route=\/wp\/v2\/pages\/12703","targetHints":{"allow":["GET"]}}],"collection":[{"href":"https:\/\/heimatland-um.eu\/index.php?rest_route=\/wp\/v2\/pages"}],"about":[{"href":"https:\/\/heimatland-um.eu\/index.php?rest_route=\/wp\/v2\/types\/page"}],"author":[{"embeddable":true,"href":"https:\/\/heimatland-um.eu\/index.php?rest_route=\/wp\/v2\/users\/1"}],"replies":[{"embeddable":true,"href":"https:\/\/heimatland-um.eu\/index.php?rest_route=%2Fwp%2Fv2%2Fcomments&post=12703"}],"version-history":[{"count":4,"href":"https:\/\/heimatland-um.eu\/index.php?rest_route=\/wp\/v2\/pages\/12703\/revisions"}],"predecessor-version":[{"id":13757,"href":"https:\/\/heimatland-um.eu\/index.php?rest_route=\/wp\/v2\/pages\/12703\/revisions\/13757"}],"up":[{"embeddable":true,"href":"https:\/\/heimatland-um.eu\/index.php?rest_route=\/wp\/v2\/pages\/12495"}],"wp:attachment":[{"href":"https:\/\/heimatland-um.eu\/index.php?rest_route=%2Fwp%2Fv2%2Fmedia&parent=12703"}],"wp:term":[{"taxonomy":"folder","embeddable":true,"href":"https:\/\/heimatland-um.eu\/index.php?rest_route=%2Fwp%2Fv2%2Ffolder&post=12703"}],"curies":[{"name":"wp","href":"https:\/\/api.w.org\/{rel}","templated":true}]}}