{"id":15,"date":"2019-09-19T12:58:50","date_gmt":"2019-09-19T12:58:50","guid":{"rendered":"http:\/\/onlinearchiv.portal-schwedt.de\/?page_id=15"},"modified":"2025-04-09T17:51:29","modified_gmt":"2025-04-09T15:51:29","slug":"15-2","status":"publish","type":"page","link":"https:\/\/heimatland-um.eu\/?page_id=15","title":{"rendered":"\u00dcber uns &#038; Wir sagen Danke"},"content":{"rendered":"<div class=\"su-spacer\" style=\"height:15px\"><\/div>\n\n\n\n<p class=\"has-small-font-size\"> <strong>Dirk Sill<\/strong> (Schwedt), Jahrgang 1967, geboren in Schwedt <br><br>Verfasser und Herausgeber von: Burg Vierraden &#8211; Grenzfeste zwischen Pommern und Brandenburg, Mysterien der Schwedter Heimatgeschichte (5 Ausgaben), Die Schwedter Fu\u00dfballhistorie (Teil 1), Betreiber der Homepages ww.fussballarchiv-schwedt.de und www.portal-schwedt.de<\/p>\n\n\n\n<p class=\"has-small-font-size\"> <br><strong>Interessengebiete:<\/strong> Geschichte von Schwedt, Sport in Schwedt: speziell Fu\u00dfball, Fotografie  <strong>Archivalien<\/strong>: diverse Zeitungen, Zeitschriften, B\u00fccher, Dokumente &amp;  Fotos sowie Sportmemorabilia, einzelne themenbezogene Zeitungsartikel<br><strong>Archivkennung:<\/strong> DS<\/p>\n\n\n\n<p class=\"has-small-font-size\"><br><strong>Thomas Krause<\/strong> (Schwedt), Jahrgang 1964 , geboren in Altd\u00f6bern<br>Archivalien: diverse Chroniken, B\u00fccher, Ansichtskarten, M\u00fcnzen, Medaillen, Aktien u.a. Wirtschaftsdokumente, Betreiber der Homepage www.numismatik-schwedt.de<br><strong>Archivkennung:<\/strong> TK<\/p>\n\n\n\n<p class=\"has-small-font-size\"><br><strong>Eckhard Bendig<\/strong> (Schwedt, verstorben 2024) &#8211; stellte seine Ansichtskartensammlung zur Verf\u00fcgung. Ihm verdanken wir das Gros der historischen Ansichtskarten vor 1945.<br><strong>Archivkennung:<\/strong> EB<\/p>\n\n\n\n<p class=\"has-small-font-size\"><br><strong>J\u00f6rg Stegemann<\/strong> (Schwedt) &#8211; hat uns ebenfalls eine gro\u00dfe Sammlung von Ansichtskarten aus allen Zeitr\u00e4umen zur Verf\u00fcgung gestellt, verf\u00fcgt \u00fcber weitere Souvenier- bzw Memorabiliagegenst\u00e4nde von Schwedt, die wir in der Folge aufarbeiten werden.<br><strong>Archivkennung:<\/strong> JS<\/p>\n\n\n\n<p class=\"has-small-font-size\"><br><strong>Harry Lorenz<\/strong> (Schwedt) &#8211; verf\u00fcgt \u00fcber einen enormen Fundus von M\u00fcnzen, Medaillen und weiterer Memorabilia zur Stadt Schwedt, lieferte auch einige Ansichtskarten.<br><strong>Archivkennung:<\/strong> HL<\/p>\n\n\n\n<p class=\"has-small-font-size\"><br><strong>Grit Wittkopf<\/strong> (Schwedt) &#8211; stellte uns 2 Festzeitungen der HO Schwedt aus den 70-er Jahren zur Verf\u00fcgung<br><strong>Archivkennung:<\/strong> GW<\/p>\n\n\n\n<p class=\"has-small-font-size\"><br><strong>Michael Dreydorff<\/strong> (Schwedt) &#8211; \u00fcberlie\u00df uns zahlreiche historische Ansichtskarten aus seiner Sammlung<br>A<strong>rchivkennung:<\/strong> MD<\/p>\n\n\n\n<p class=\"has-small-font-size\"><br><strong>Joachim Fischer<\/strong> (Berlin) &#8211; aus seiner ver\u00f6ffentlichten Sammlung \u00fcbernahmen wir einzelne Karten von Vierraden<br><strong>Archivkennung:<\/strong> JF<\/p>\n\n\n\n<p class=\"has-small-font-size\"><br><strong>Jochen Drawe<\/strong> (Vierraden) &#8211; wundersch\u00f6ne und seltene historische u.a. Ansichtskarten aus der Region<br><strong>Archivkennung:<\/strong> JD<\/p>\n\n\n\n<p class=\"has-small-font-size\"><br><strong>Renate Wehrmann<\/strong> (Berlin) &#8211; lie\u00df uns einige Fotos, Ansichtskarten und Zeitungsartikel zukommen<br><strong>Archivkennung:<\/strong> RW<\/p>\n\n\n\n<p><\/p>\n<div class=\"gsp_post_data\" \r\n\t            data-post_type=\"page\" \r\n\t            data-cat=\"\" \r\n\t            data-modified=\"120\"\r\n\t            data-created=\"1568897930\"\r\n\t            data-title=\"\u00dcber uns &#038; Wir sagen Danke\" \r\n\t            data-home=\"https:\/\/heimatland-um.eu\"><\/div>","protected":false},"excerpt":{"rendered":"<p>Dirk Sill (Schwedt), Jahrgang 1967, geboren in Schwedt Verfasser und Herausgeber von: Burg Vierraden &#8211; Grenzfeste zwischen Pommern und Brandenburg, Mysterien der Schwedter Heimatgeschichte (5 Ausgaben), Die Schwedter Fu\u00dfballhistorie (Teil 1), Betreiber der Homepages ww.fussballarchiv-schwedt.de und www.portal-schwedt.de Interessengebiete: Geschichte von Schwedt, Sport in Schwedt: speziell Fu\u00dfball, Fotografie Archivalien: diverse Zeitungen, Zeitschriften, B\u00fccher, Dokumente &amp; Fotos sowie Sportmemorabilia, einzelne themenbezogene ZeitungsartikelArchivkennung: <a class=\"read-more\" href=\"https:\/\/heimatland-um.eu\/?page_id=15\">weiterlesen<\/a><\/p>\n","protected":false},"author":1,"featured_media":0,"parent":12,"menu_order":0,"comment_status":"closed","ping_status":"closed","template":"","meta":{"ngg_post_thumbnail":0,"footnotes":""},"folder":[],"class_list":["post-15","page","type-page","status-publish","hentry"],"_links":{"self":[{"href":"https:\/\/heimatland-um.eu\/index.php?rest_route=\/wp\/v2\/pages\/15","targetHints":{"allow":["GET"]}}],"collection":[{"href":"https:\/\/heimatland-um.eu\/index.php?rest_route=\/wp\/v2\/pages"}],"about":[{"href":"https:\/\/heimatland-um.eu\/index.php?rest_route=\/wp\/v2\/types\/page"}],"author":[{"embeddable":true,"href":"https:\/\/heimatland-um.eu\/index.php?rest_route=\/wp\/v2\/users\/1"}],"replies":[{"embeddable":true,"href":"https:\/\/heimatland-um.eu\/index.php?rest_route=%2Fwp%2Fv2%2Fcomments&post=15"}],"version-history":[{"count":40,"href":"https:\/\/heimatland-um.eu\/index.php?rest_route=\/wp\/v2\/pages\/15\/revisions"}],"predecessor-version":[{"id":11450,"href":"https:\/\/heimatland-um.eu\/index.php?rest_route=\/wp\/v2\/pages\/15\/revisions\/11450"}],"up":[{"embeddable":true,"href":"https:\/\/heimatland-um.eu\/index.php?rest_route=\/wp\/v2\/pages\/12"}],"wp:attachment":[{"href":"https:\/\/heimatland-um.eu\/index.php?rest_route=%2Fwp%2Fv2%2Fmedia&parent=15"}],"wp:term":[{"taxonomy":"folder","embeddable":true,"href":"https:\/\/heimatland-um.eu\/index.php?rest_route=%2Fwp%2Fv2%2Ffolder&post=15"}],"curies":[{"name":"wp","href":"https:\/\/api.w.org\/{rel}","templated":true}]}}