{"id":166,"date":"2019-09-24T13:16:33","date_gmt":"2019-09-24T11:16:33","guid":{"rendered":"http:\/\/onlinearchiv.portal-schwedt.de\/?page_id=166"},"modified":"2023-08-10T19:10:38","modified_gmt":"2023-08-10T17:10:38","slug":"historische-ansichten","status":"publish","type":"page","link":"https:\/\/heimatland-um.eu\/?page_id=166","title":{"rendered":"Schwedt\/Oder"},"content":{"rendered":"<div class=\"su-spacer\" style=\"height:15px\"><\/div>\n\n\n\n<p>Schwedt auf <strong><em><a rel=\"noreferrer noopener\" href=\"https:\/\/de.wikipedia.org\/wiki\/Schwedt\/Oder\" target=\"_blank\">Wikipedia<\/a><\/em><\/strong> und der offiziellen <strong><em><a rel=\"noreferrer noopener\" href=\"https:\/\/www.schwedt.eu\" target=\"_blank\">Internetpr\u00e4sentation der Stadt<\/a><\/em><\/strong> oser auf unserem eigenen <strong><em><a href=\"http:\/\/schwedt-wiki.portal-schwedt.de\/\" target=\"_blank\" rel=\"noreferrer noopener\">Schwedt-Wiki<\/a><\/em><\/strong> .<\/p>\n\n\n<div class=\"su-spacer\" style=\"height:15px\"><\/div>\n\n\n\n<!-- Page-list plugin v.5.9 wordpress.org\/plugins\/page-list\/ -->\n<ul class=\"page-list \">\n<li class=\"page_item page-item-74 page_item_has_children\"><a href=\"https:\/\/heimatland-um.eu\/?page_id=74\">Schwedt &#8211; Sachthemen<\/a>\n<ul class='children'>\n\t<li class=\"page_item page-item-2324 page_item_has_children\"><a href=\"https:\/\/heimatland-um.eu\/?page_id=2324\">Beschreibungen<\/a><\/li>\n\t<li class=\"page_item page-item-2349 page_item_has_children\"><a href=\"https:\/\/heimatland-um.eu\/?page_id=2349\">Betriebe \/ Firmen \/ Gewerbe<\/a><\/li>\n\t<li class=\"page_item page-item-2333 page_item_has_children\"><a href=\"https:\/\/heimatland-um.eu\/?page_id=2333\">J\u00fcdisches Leben<\/a><\/li>\n\t<li class=\"page_item page-item-6321 page_item_has_children\"><a href=\"https:\/\/heimatland-um.eu\/?page_id=6321\">Milit\u00e4r &#038; Krieg<\/a><\/li>\n\t<li class=\"page_item page-item-3589 page_item_has_children\"><a href=\"https:\/\/heimatland-um.eu\/?page_id=3589\">Personen<\/a><\/li>\n\t<li class=\"page_item page-item-12486 page_item_has_children\"><a href=\"https:\/\/heimatland-um.eu\/?page_id=12486\">Sport<\/a><\/li>\n\t<li class=\"page_item page-item-2379 page_item_has_children\"><a href=\"https:\/\/heimatland-um.eu\/?page_id=2379\">Stadtgeschichte<\/a><\/li>\n<\/ul>\n<\/li>\n<li class=\"page_item page-item-1967 page_item_has_children\"><a href=\"https:\/\/heimatland-um.eu\/?page_id=1967\">Schwedt &#8211; Bilder<\/a>\n<ul class='children'>\n\t<li class=\"page_item page-item-2092 page_item_has_children\"><a href=\"https:\/\/heimatland-um.eu\/?page_id=2092\">Schwedt &#8211; Ereignisse, Veranstaltungen, Feste [0]<\/a><\/li>\n<\/ul>\n<\/li>\n<li class=\"page_item page-item-2470 page_item_has_children\"><a href=\"https:\/\/heimatland-um.eu\/?page_id=2470\">Schwedt &#8211; Dokumente<\/a>\n<ul class='children'>\n\t<li class=\"page_item page-item-9244\"><a href=\"https:\/\/heimatland-um.eu\/?page_id=9244\">Amtsgericht Schwedt &#8211; Grundbuch Band 22\/ 1942 [0]<\/a><\/li>\n\t<li class=\"page_item page-item-4505\"><a href=\"https:\/\/heimatland-um.eu\/?page_id=4505\">Bericht zur radioaktiven Strahlenbelastung in der DDR nach dem Reaktorungl\u00fcck in Tschernobyl \/ 1986 [0]<\/a><\/li>\n\t<li class=\"page_item page-item-2474\"><a href=\"https:\/\/heimatland-um.eu\/?page_id=2474\">CIA &#8211; Berichte von 1950 bis 1954 [1]<\/a><\/li>\n\t<li class=\"page_item page-item-9610\"><a href=\"https:\/\/heimatland-um.eu\/?page_id=9610\">Pfingsttreffen der FDJ in Schwedt &#8211; Teilnehmerheft mit Programmablauf\/ 1968 [0]<\/a><\/li>\n\t<li class=\"page_item page-item-10529 page_item_has_children\"><a href=\"https:\/\/heimatland-um.eu\/?page_id=10529\">Preu\u00dfische Ges\u00e4tzbl\u00e4tter \/ diverse [0]<\/a><\/li>\n\t<li class=\"page_item page-item-7944\"><a href=\"https:\/\/heimatland-um.eu\/?page_id=7944\">Sparkassenkalender &#8211; Auswahl [0]<\/a><\/li>\n\t<li class=\"page_item page-item-2592\"><a href=\"https:\/\/heimatland-um.eu\/?page_id=2592\">Stadt Schwedt &#8211; Ballett Soiree: Berliner Staatsoper in Schwedt \/ 1979 [0]<\/a><\/li>\n\t<li class=\"page_item page-item-4712 page_item_has_children\"><a href=\"https:\/\/heimatland-um.eu\/?page_id=4712\">Stadtverwaltung &#038; st\u00e4dtische Veranstaltungen<\/a><\/li>\n\t<li class=\"page_item page-item-11412\"><a href=\"https:\/\/heimatland-um.eu\/?page_id=11412\">Zielstellung zur Gestaltung des Zentrums der Stadt Schwedt\/ k.A. [0]<\/a><\/li>\n<\/ul>\n<\/li>\n<li class=\"page_item page-item-10638 page_item_has_children\"><a href=\"https:\/\/heimatland-um.eu\/?page_id=10638\">Schwedt &#8211; Historische Videos<\/a>\n<ul class='children'>\n\t<li class=\"page_item page-item-10677\"><a href=\"https:\/\/heimatland-um.eu\/?page_id=10677\">Abzug des Reiterregimentes 1937 \/ [0]<\/a><\/li>\n\t<li class=\"page_item page-item-10702\"><a href=\"https:\/\/heimatland-um.eu\/?page_id=10702\">Gro\u00dfe Schwimm\u00fcbung 1935 [0]<\/a><\/li>\n\t<li class=\"page_item page-item-10640\"><a href=\"https:\/\/heimatland-um.eu\/?page_id=10640\">Mein Regiment &#8211; meine Schwadron 1937 \/ Ausschnitt [0]<\/a><\/li>\n\t<li class=\"page_item page-item-10696\"><a href=\"https:\/\/heimatland-um.eu\/?page_id=10696\">Mein Regiment &#8211; meine Schwadron 1937 \/ Reiterlied [0]<\/a><\/li>\n\t<li class=\"page_item page-item-10707\"><a href=\"https:\/\/heimatland-um.eu\/?page_id=10707\">Reiterlied Studiofassung [0]<\/a><\/li>\n\t<li class=\"page_item page-item-10659\"><a href=\"https:\/\/heimatland-um.eu\/?page_id=10659\">Schiffe Klettern 1934 \/ Ausschnitt [0]<\/a><\/li>\n<\/ul>\n<\/li>\n\n<\/ul>\n\n\n<div class=\"su-divider su-divider-style-default\" style=\"margin:0px 0;border-width:1px;border-color:#999999\"><a href=\"#\" style=\"color:#999999\">Nach oben<\/a><\/div>\n<div class=\"gsp_post_data\" \r\n\t            data-post_type=\"page\" \r\n\t            data-cat=\"\" \r\n\t            data-modified=\"120\"\r\n\t            data-created=\"1569330993\"\r\n\t            data-title=\"Schwedt\/Oder\" \r\n\t            data-home=\"https:\/\/heimatland-um.eu\"><\/div>","protected":false},"excerpt":{"rendered":"<p>Schwedt auf Wikipedia und der offiziellen Internetpr\u00e4sentation der Stadt oser auf unserem eigenen Schwedt-Wiki .<\/p>\n","protected":false},"author":1,"featured_media":32,"parent":10,"menu_order":2,"comment_status":"closed","ping_status":"closed","template":"","meta":{"ngg_post_thumbnail":0,"footnotes":""},"folder":[],"class_list":["post-166","page","type-page","status-publish","has-post-thumbnail","hentry"],"_links":{"self":[{"href":"https:\/\/heimatland-um.eu\/index.php?rest_route=\/wp\/v2\/pages\/166","targetHints":{"allow":["GET"]}}],"collection":[{"href":"https:\/\/heimatland-um.eu\/index.php?rest_route=\/wp\/v2\/pages"}],"about":[{"href":"https:\/\/heimatland-um.eu\/index.php?rest_route=\/wp\/v2\/types\/page"}],"author":[{"embeddable":true,"href":"https:\/\/heimatland-um.eu\/index.php?rest_route=\/wp\/v2\/users\/1"}],"replies":[{"embeddable":true,"href":"https:\/\/heimatland-um.eu\/index.php?rest_route=%2Fwp%2Fv2%2Fcomments&post=166"}],"version-history":[{"count":57,"href":"https:\/\/heimatland-um.eu\/index.php?rest_route=\/wp\/v2\/pages\/166\/revisions"}],"predecessor-version":[{"id":10950,"href":"https:\/\/heimatland-um.eu\/index.php?rest_route=\/wp\/v2\/pages\/166\/revisions\/10950"}],"up":[{"embeddable":true,"href":"https:\/\/heimatland-um.eu\/index.php?rest_route=\/wp\/v2\/pages\/10"}],"wp:featuredmedia":[{"embeddable":true,"href":"https:\/\/heimatland-um.eu\/index.php?rest_route=\/wp\/v2\/media\/32"}],"wp:attachment":[{"href":"https:\/\/heimatland-um.eu\/index.php?rest_route=%2Fwp%2Fv2%2Fmedia&parent=166"}],"wp:term":[{"taxonomy":"folder","embeddable":true,"href":"https:\/\/heimatland-um.eu\/index.php?rest_route=%2Fwp%2Fv2%2Ffolder&post=166"}],"curies":[{"name":"wp","href":"https:\/\/api.w.org\/{rel}","templated":true}]}}