{"id":2448,"date":"2020-02-23T17:56:15","date_gmt":"2020-02-23T16:56:15","guid":{"rendered":"http:\/\/onlinearchiv.portal-schwedt.de\/?page_id=2448"},"modified":"2023-05-10T14:45:43","modified_gmt":"2023-05-10T12:45:43","slug":"kehrberg-erleuterter-historisch-chronologischer-abriss-der-stadt-koenigsberg-in-der-neu-marck-1724-1725-0","status":"publish","type":"page","link":"https:\/\/heimatland-um.eu\/?page_id=2448","title":{"rendered":"Kehrberg &#8211; Erleuterter Historisch-Chronologischer Abri\u00df, Der Stadt K\u00f6nigsberg in der Neu-Marck \/ 1724 &#038; 1725 [0]"},"content":{"rendered":"\n<p> August Kehrberg, in mehreren erg\u00e4nzenden Ausgaben von 1724 (2. Ausgabe) und 1725 (3. Ausgabe) &#8211; 1. Ausgabe ist bereits von 1714<br><br>digitale Ausgabe lesen bei:<br><br><strong><em><a rel=\"noreferrer noopener\" aria-label=\"Google Books: 1724 (\u00f6ffnet in neuem Tab)\" href=\"https:\/\/books.google.de\/books?id=9Qc_AAAAcAAJ&amp;hl=de&amp;pg=PP9#v=onepage&amp;q&amp;f=false\" target=\"_blank\">Google Books: 1724<\/a><\/em><\/strong><br><strong><em><a rel=\"noreferrer noopener\" aria-label=\"Bayerische Staatsbibliothek: 1724 (\u00f6ffnet in neuem Tab)\" href=\"https:\/\/reader.digitale-sammlungen.de\/de\/fs1\/object\/display\/bsb10000884_00009.html\" target=\"_blank\">Bayerische Staatsbibliothek MDZ: 1724<\/a><\/em><\/strong><br><strong><em><a rel=\"noreferrer noopener\" aria-label=\"Staats- und Universit\u00e4tsbibliothek G\u00f6ttingen: 1725 (\u00f6ffnet in neuem Tab)\" href=\"http:\/\/resolver.sub.uni-goettingen.de\/purl?PPN657558907\" target=\"_blank\">Staats- und Universit\u00e4tsbibliothek G\u00f6ttingen: 1725<\/a><\/em><\/strong><br><br>oder direkt hier: Ausgabe von 1724<\/p>\n\n\n\n<iframe loading=\"lazy\" scrolling=\"no\" style=\"border:0px\" src=\"https:\/\/books.google.de\/books?id=9Qc_AAAAcAAJ&amp;hl=de&amp;pg=PP5&amp;output=embed\" width=\"100%\" frameborder=\"0\" height=\"1000\"><\/iframe>\n<div class=\"gsp_post_data\" \r\n\t            data-post_type=\"page\" \r\n\t            data-cat=\"\" \r\n\t            data-modified=\"120\"\r\n\t            data-created=\"1582480575\"\r\n\t            data-title=\"Kehrberg &#8211; Erleuterter Historisch-Chronologischer Abri\u00df, Der Stadt K\u00f6nigsberg in der Neu-Marck \/ 1724 &#038; 1725 [0]\" \r\n\t            data-home=\"https:\/\/heimatland-um.eu\"><\/div>","protected":false},"excerpt":{"rendered":"<p>August Kehrberg, in mehreren erg\u00e4nzenden Ausgaben von 1724 (2. Ausgabe) und 1725 (3. Ausgabe) &#8211; 1. Ausgabe ist bereits von 1714 digitale Ausgabe lesen bei: Google Books: 1724Bayerische Staatsbibliothek MDZ: 1724Staats- und Universit\u00e4tsbibliothek G\u00f6ttingen: 1725 oder direkt hier: Ausgabe von 1724<\/p>\n","protected":false},"author":1,"featured_media":0,"parent":3855,"menu_order":0,"comment_status":"open","ping_status":"closed","template":"","meta":{"ngg_post_thumbnail":0,"footnotes":""},"folder":[],"class_list":["post-2448","page","type-page","status-publish","hentry"],"_links":{"self":[{"href":"https:\/\/heimatland-um.eu\/index.php?rest_route=\/wp\/v2\/pages\/2448","targetHints":{"allow":["GET"]}}],"collection":[{"href":"https:\/\/heimatland-um.eu\/index.php?rest_route=\/wp\/v2\/pages"}],"about":[{"href":"https:\/\/heimatland-um.eu\/index.php?rest_route=\/wp\/v2\/types\/page"}],"author":[{"embeddable":true,"href":"https:\/\/heimatland-um.eu\/index.php?rest_route=\/wp\/v2\/users\/1"}],"replies":[{"embeddable":true,"href":"https:\/\/heimatland-um.eu\/index.php?rest_route=%2Fwp%2Fv2%2Fcomments&post=2448"}],"version-history":[{"count":9,"href":"https:\/\/heimatland-um.eu\/index.php?rest_route=\/wp\/v2\/pages\/2448\/revisions"}],"predecessor-version":[{"id":10486,"href":"https:\/\/heimatland-um.eu\/index.php?rest_route=\/wp\/v2\/pages\/2448\/revisions\/10486"}],"up":[{"embeddable":true,"href":"https:\/\/heimatland-um.eu\/index.php?rest_route=\/wp\/v2\/pages\/3855"}],"wp:attachment":[{"href":"https:\/\/heimatland-um.eu\/index.php?rest_route=%2Fwp%2Fv2%2Fmedia&parent=2448"}],"wp:term":[{"taxonomy":"folder","embeddable":true,"href":"https:\/\/heimatland-um.eu\/index.php?rest_route=%2Fwp%2Fv2%2Ffolder&post=2448"}],"curies":[{"name":"wp","href":"https:\/\/api.w.org\/{rel}","templated":true}]}}