{"id":307,"date":"2020-01-21T12:48:19","date_gmt":"2020-01-21T12:48:19","guid":{"rendered":"http:\/\/onlinearchiv.portal-schwedt.de\/?page_id=307"},"modified":"2025-09-05T12:42:40","modified_gmt":"2025-09-05T10:42:40","slug":"externe-onlinearchive","status":"publish","type":"page","link":"https:\/\/heimatland-um.eu\/?page_id=307","title":{"rendered":"Externe Onlinearchive"},"content":{"rendered":"\n<p>Hier finden Sie Links zu externen Archiven und Sammlungen:<br><br><strong><font color=\"\t\n#8B2323\">Archiv, Museen &amp; Verlage<\/font><\/strong><br><br><strong><em><a href=\"https:\/\/gsta.preussischer-kulturbesitz.de\/\" target=\"_blank\" rel=\"noreferrer noopener\">Geheimes Staatsarchiv Berlin<\/a><\/em><\/strong> &#8211; Archiv<br><strong><a aria-label=\"Landeshauptarchiv Brandenburg (\u00f6ffnet in neuem Tab)\" href=\"https:\/\/blha.brandenburg.de\" target=\"_blank\" rel=\"noreferrer noopener\"><em>Landeshauptarchiv Brandenburg<\/em><\/a><\/strong> &#8211; Archiv<br><strong><em><a aria-label=\"Stadt- unb Landesbibliothek Potsdam (\u00f6ffnet in neuem Tab)\" href=\"https:\/\/www.bibliothek.potsdam.de\/\" target=\"_blank\" rel=\"noreferrer noopener\">Stadt- und Landesbibliothek Potsdam<\/a><\/em><\/strong> &#8211; Archiv und Bibliothek<br><em><a aria-label=\"Arch\u00e4ologisches Landesmuseum Brandenburg (\u00f6ffnet in neuem Tab)\" href=\"https:\/\/www.landesmuseum-brandenburg.de\" target=\"_blank\" rel=\"noreferrer noopener\"><strong>Arch\u00e4ologisches Landesmuseum Brandenburg<\/strong><\/a><\/em> &#8211; Archiv und Museum<br><strong><em><a label=\"Deutsche Staatsbibliothek Berlin (\u00f6ffnet in neuem Tab)\" href=\"https:\/\/zefys.staatsbibliothek-berlin.de\/list\/\" target=\"_blank\" rel=\"noreferrer noopener\">Deutsche Staatsbibliothek Berlin<\/a><\/em><\/strong> &#8211; Historische Zeitungsausgaben u.a. mit dem Schwedter Tageblatt<br><strong><em><a aria-label=\" (\u00f6ffnet in neuem Tab)\" href=\"http:\/\/brandenburgikon.net\" target=\"_blank\" rel=\"noreferrer noopener\">Brandenburgikom Landesgeschichte online<\/a><\/em><\/strong> &#8211; Projekt der Uni Potsdam f\u00fcr Heimatforscher mit viel Literatur<br><strong><em><a aria-label=\"Landesgeschichtliche Vereinigung f\u00fcr die Mark Brandenburg (\u00f6ffnet in neuem Tab)\" href=\"http:\/\/geschichte-brandenburg.de\/lv-neu\/\" target=\"_blank\" rel=\"noreferrer noopener\">Landesgeschichtliche Vereinigung f\u00fcr die Mark Brandenburg<\/a><\/em><\/strong> &#8211; Bibliothek und Archiv<br><strong><em><a aria-label=\" (\u00f6ffnet in neuem Tab)\" href=\"https:\/\/www.uckermaerkischer-geschichtsverein.de\/\" target=\"_blank\" rel=\"noreferrer noopener\">Uckerm\u00e4rkischer Geschichtsverein<\/a><\/em><\/strong> &#8211; Homepage und Archiv des Vereins<br><strong><em><a href=\"https:\/\/www.schwedt.eu\/de\/stadtarchiv\/aktuelles\/herzlich-willkommen-im-stadtarchiv-schwedt-oder-\/32013\" target=\"_blank\" rel=\"noreferrer noopener\">Stadtarchiv Schwedt<\/a><\/em><\/strong> &#8211; Archiv<br><strong><a href=\"https:\/\/www.schwedt.eu\/de\/stadtarchiv\/kriegsopfer\/29076\" target=\"_blank\" rel=\"noreferrer noopener\"><em>Stadtarchiv Schwedt<\/em><\/a><\/strong> &#8211; Kriegsopferdatenbank online<br><strong><em><a href=\"https:\/\/www.schwedt.eu\/de\/stadtmuseum\/land_bb_boa_01.c.137781.de\" target=\"_blank\" rel=\"noreferrer noopener\">Stadtmuseum Schwedt<\/a><\/em><\/strong> &#8211; Ausstellungen und Archiv<br><strong><em><a aria-label=\"Tabakmuseum Vierraden (\u00f6ffnet in neuem Tab)\" href=\"https:\/\/www.schwedt.eu\/cms\/detail.php\/land_bb_boa_01.c.137846.de?_lang=de\" target=\"_blank\" rel=\"noreferrer noopener\">Tabakmuseum Vierraden<\/a><\/em><\/strong> &#8211; Ausstellung<br><strong><em><a aria-label=\"Uckerm\u00e4rkisches Feuerwehrmuseum Kunow (\u00f6ffnet in neuem Tab)\" href=\"https:\/\/www.feuerwehrhistorik-kunow.de\/\" target=\"_blank\" rel=\"noreferrer noopener\">Uckerm\u00e4rkisches Feuerwehrmuseum Kunow<\/a><\/em><\/strong> &#8211; Ausstellung<br><strong><em><a href=\"https:\/\/elibrary.bwv-verlag.de\/search?facet%5Bseries_path%5D=V%401%7CVer%C3%B6ffentlichungen+des+Brandenburgischen+Landeshauptarchivs%400&amp;page=1&amp;per-page=15\" target=\"_blank\" rel=\"noreferrer noopener\">Berliner Wissenschaftsverlag<\/a><\/em><\/strong> &#8211; \u00dcber 240 Open Acces Ebooks zur Landesgeschichte <br><br><strong><font color=\"\t\n#8B2323\">Homepages mit Archivcharakter<\/font><\/strong><br><br><strong><em><a aria-label=\"www.fussballarchiv-schwedt.de (\u00f6ffnet in neuem Tab)\" href=\"http:\/\/www.fussballarchiv-schwedt.de\" target=\"_blank\" rel=\"noreferrer noopener\">www.fussballarchiv-schwedt.de<\/a><\/em><\/strong> &#8211; Infos und Daten zum heimischen Fu\u00dfball<br><strong><em><a aria-label=\"www.denkmalprojekt.org (\u00f6ffnet in neuem Tab)\" href=\"http:\/\/www.denkmalprojekt.org\" target=\"_blank\" rel=\"noreferrer noopener\">www.denkmalprojekt.org<\/a><\/em><\/strong> &#8211; Gefallenenlisten nach St\u00e4dten in diversen Kriegen<br><strong><em><a aria-label=\"www.bggroteradler.de (\u00f6ffnet in neuem Tab)\" href=\"https:\/\/www.bggroteradler.de\" target=\"_blank\" rel=\"noreferrer noopener\">www.bggroteradler.de<\/a><\/em><\/strong> &#8211; B\u00fcrgerb\u00fccher verschiedener St\u00e4dte Brandenburg<br><strong><em><a aria-label=\"www.uni-potsdam.de (\u00f6ffnet in neuem Tab)\" href=\"http:\/\/www.uni-potsdam.de\" target=\"_blank\" rel=\"noreferrer noopener\">www.uni-potsdam.de<\/a><\/em><\/strong> &#8211; Umfangreiche Ausarbeitung der J\u00fcdischen Gemeinden in Brandenburg. <strong><em><a aria-label=\"Direktlink (\u00f6ffnet in neuem Tab)\" href=\"https:\/\/www.uni-potsdam.de\/de\/juedische-friedhoefe\/friedhof-schwedtoder\/\" target=\"_blank\" rel=\"noreferrer noopener\">Direktlink zur Stadt Schwedt<\/a><\/em><\/strong><br><br><strong><font color=\"\t\n#8B2323\">Urkundenb\u00fccher<\/font><\/strong><br><br><strong><em><a aria-label=\" Adolph Friedrich Riedel: Codex diplomaticus Brandenburgensis: Sammlung der Urkunden, Chroniken und sonstigen Quellschriften (\u00f6ffnet in neuem Tab)\" href=\"http:\/\/wiki-de.genealogy.net\/Brandenburg\/Codex#Adolph_Friedrich_Riedel:_Codex_diplomaticus_Brandenburgensis\" target=\"_blank\" rel=\"noreferrer noopener\"> Adolph Friedrich Riedel: Codex diplomaticus Brandenburgensis: Sammlung der Urkunden, Chroniken und sonstigen Quellschriften<\/a><\/em><\/strong> \/ 43 B\u00e4nde<br><strong><em><a aria-label=\"Georg Wilhelm von Raumer: Codex diplomaticus Brandenburgensis Continuatus: Sammlung ungedruckter Urkunden zur Brandenburgischen Geschichte (\u00f6ffnet in neuem Tab)\" href=\"http:\/\/wiki-de.genealogy.net\/Brandenburg\/Codex#Georg_Wilhelm_von_Raumer:_Codex_diplomaticus_Brandenburgensis_Continuatus:_Sammlung_ungedruckter_Urkunden_zur_Brandenburgischen_Geschichte\" target=\"_blank\" rel=\"noreferrer noopener\">Georg Wilhelm von Raumer: Codex diplomaticus Brandenburgensis Continuatus: Sammlung ungedruckter Urkunden zur Brandenburgischen Geschichte<\/a><\/em><\/strong> \/ 2 B\u00e4nde<br><em><a aria-label=\"Philipp Wilhelm Gercken: Codex diplomaticus Brandenburgensis (\u00f6ffnet in neuem Tab)\" href=\"http:\/\/wiki-de.genealogy.net\/Brandenburg\/Codex#Philipp_Wilhelm_Gercken:_Codex_diplomaticus_Brandenburgensis\" target=\"_blank\" rel=\"noreferrer noopener\"><strong>Philipp Wilhelm Gercken: Codex diplomaticus Brandenburgensis<\/strong><\/a><\/em> \/ mehrere B\u00e4nde<br><strong><em><a aria-label=\"Pommersches Urkundenbuch (\u00f6ffnet in neuem Tab)\" href=\"https:\/\/de.wikipedia.org\/wiki\/Pommersches_Urkundenbuch\" target=\"_blank\" rel=\"noreferrer noopener\">Pommersches Urkundenbuch<\/a><\/em><\/strong> \/ zahlreiche B\u00e4nde, aber leider nicht vollst\u00e4ndig<br><strong><em><a aria-label=\"Friderich von Dreger: Codex Pomerani\u00e6 vicinarumque terrarum diplomaticus oder Urkunden, so die pommersche, r\u00fcgische, caminische und die benachbarten L\u00e4nder angehen (\u00f6ffnet in neuem Tab)\" href=\"https:\/\/digitale-bibliothek-mv.de\/viewer\/resolver?urn=urn:nbn:de:gbv:9-g-3388491\" target=\"_blank\" rel=\"noreferrer noopener\">Friderich von Dreger: Codex Pomerani\u00e6 vicinarumque terrarum diplomaticus oder Urkunden, so die pommersche, r\u00fcgische, caminische und die benachbarten L\u00e4nder angehen<\/a><\/em><\/strong> \/ Teil 1 bis anno 1265 \/ Stettin 1748<br><strong><em><a aria-label=\"Friderich von Dreger: Codex Pomerani\u00e6 vicinarumque terrarum diplomaticus oder Urkunden, so die pommersche, r\u00fcgische, caminische und die benachbarten L\u00e4nder angehen (\u00f6ffnet in neuem Tab)\" href=\"https:\/\/books.google.de\/books?id=M0pfAAAAcAAJ&amp;dq=henricus%20de%20zwet&amp;hl=de&amp;pg=PP13#v=onepage&amp;q&amp;f=false\" target=\"_blank\" rel=\"noreferrer noopener\">Friderich von Dreger: Codex Pomerani\u00e6 vicinarumque terrarum diplomaticus oder Urkunden, so die pommersche, r\u00fcgische, caminische und die benachbarten L\u00e4nder angehen<\/a><\/em><\/strong> \/ Teil 1 bis anno 1265 inkl. Register \/ Berlin 1768<br><strong><em><a aria-label=\"Mecklenburgisches Urkundenbuch (\u00f6ffnet in neuem Tab)\" href=\"https:\/\/de.wikipedia.org\/wiki\/Mecklenburgisches_Urkundenbuch#Urkunden_des_MUB_in_der_Wikipedia\" target=\"_blank\" rel=\"noreferrer noopener\">Mecklenburgisches Urkundenbuch<\/a><\/em><\/strong> \/ wichtig in Teilbereichen der hiesigen Regionalgeschichte<br><br><strong><font color=\"\t\n#8B2323\">Webseiten zur Forschung innerhalb Brandenburgs<\/font><\/strong><br><br><strong><em><a href=\"http:\/\/numismatik-schwedt.de\/\" target=\"_blank\" rel=\"noreferrer noopener\">Schwedter M\u00fcnzverein e.V.<\/a><\/em><\/strong> &#8211; Homepage des Vereins zur M\u00fcnz- und Regionalgeschichte<br><strong><em><a aria-label=\"Treuetaler BARNI aus Eberswalde (\u00f6ffnet in neuem Tab)\" href=\"https:\/\/barni.info\/j3\/treuetaler\" target=\"_blank\" rel=\"noreferrer noopener\">Treuetaler BARNI aus Eberswalde<\/a><\/em><\/strong> &#8211; Alle erschienenen Motive im \u00dcberblick<br><strong><em><a aria-label=\"Emil Bahrfeldt (\u00f6ffnet in neuem Tab)\" href=\"https:\/\/edoc.hu-berlin.de\/bitstream\/handle\/18452\/1061\/h222_bahrfeldt_1882.pdf?sequence=1&amp;isAllowed=y\" target=\"_blank\" rel=\"noreferrer noopener\">Emil Bahrfeldt<\/a><\/em><\/strong> &#8211; Die Brandenburgischen St\u00e4dtem\u00fcnzen aus der Kipperzeit 1621-1623<br><strong><em><a aria-label=\"Der Briefmarken-Sammlerverein Schwedt e.V. (\u00f6ffnet in neuem Tab)\" href=\"http:\/\/www.briefmarkensammler-schwedt.de\" target=\"_blank\" rel=\"noreferrer noopener\">Der Briefmarken-Sammlerverein Schwedt e.V.<\/a><\/em><\/strong> &#8211; Vereinswebseite<br><strong><em><a aria-label=\"M\u00e4rkisches Glash\u00fcttenwesen (\u00f6ffnet in neuem Tab)\" href=\"https:\/\/www.pressglas-korrespondenz.de\/aktuelles\/pdf\/pk-2006-1w-20-friese-brandenburg-glashuetten.pdf\" target=\"_blank\" rel=\"noreferrer noopener\">M\u00e4rkisches Glash\u00fcttenwesen<\/a><\/em><\/strong> &#8211; Die Geschichte der Glash\u00fctten in Brandenburg<br><strong><em><a aria-label=\"Brandenburger S\u00fchnekreuze (\u00f6ffnet in neuem Tab)\" href=\"http:\/\/www.suehnekreuz.de\/info\/brandenburg.htm\" target=\"_blank\" rel=\"noreferrer noopener\">Brandenburger S\u00fchnekreuze<\/a><\/em><\/strong> &#8211; S\u00fchnekreuze\u00a0sind\u00a0Denkmale mittelalterlichen Rechts<br><strong><em><a aria-label=\"Brandenburger Ziegelstempel (\u00f6ffnet in neuem Tab)\" href=\"http:\/\/www.horsthartwig.de\/index.htm\" target=\"_blank\" rel=\"noreferrer noopener\">Brandenburger Ziegelstempel<\/a><\/em><\/strong> &#8211; Fotogalerie zum Thema Ziegelstempel &#8211; Ziegeleigeschichte Brandenburg &#8211; Dokumente<br><br><strong><font color=\"\t\n#8B2323\">Webseiten zur Forschung innerhalb der Neumark<\/font><\/strong><br><br><strong><em><a href=\"http:\/\/neumark.pl\/?lang=de\" target=\"_blank\" rel=\"noreferrer noopener\">Neumark.pl<\/a><\/em><\/strong> &#8211; private Homepage von Mateusz Atroszko aus Szczecin (Stettin) &amp; Frank Wassmuth aus Berlin<br><strong><em><a aria-label=\"Arnswalde\/Neumark (\u00f6ffnet in neuem Tab)\" href=\"http:\/\/www.heimatkreis-arnswalde.de\" target=\"_blank\" rel=\"noreferrer noopener\">Arnswalde\/Neumark<\/a><\/em><\/strong> &#8211; Heimatkreis und Heimatstube von Arnswalde<br><strong><em><a aria-label=\"Die Albert Heyde Stiftung (\u00f6ffnet in neuem Tab)\" href=\"http:\/\/www.albert-heyde-stiftung.de\" target=\"_blank\" rel=\"noreferrer noopener\">Die Albert Heyde Stiftung<\/a><\/em><\/strong> &#8211; Der Landkreis K\u00f6nisberg\/Neumark<br><strong><em><a aria-label=\"K\u00fcstrin\/Neumark (\u00f6ffnet in neuem Tab)\" href=\"http:\/\/www.cuestrin.de\/\" target=\"_blank\" rel=\"noreferrer noopener\">K\u00fcstrin\/Neumark<\/a><\/em><\/strong> &#8211; private Homepage von Andy Steinhauf<br><strong><em><a aria-label=\"Landsberg an der Warthe (\u00f6ffnet in neuem Tab)\" href=\"https:\/\/deutsche-schutzgebiete.de\/wordpress\/projekte\/kaiserreich\/koenigreich-preussen\/provinz-brandenburg\/landsberg\/\" target=\"_blank\" rel=\"noreferrer noopener\">Landsberg an der Warthe<\/a><\/em><\/strong> &#8211; Stadt und Stadtkreis im K\u00f6nigreich Preu\u00dfen, Provinz Brandenburg, Regierungsbezirk Frankfurt<br><strong><em><a aria-label=\"Neudamm\/Neumark (\u00f6ffnet in neuem Tab)\" href=\"http:\/\/www.neudamm-nm.de\/\" target=\"_blank\" rel=\"noreferrer noopener\">Neudamm\/Neumark<\/a><\/em><\/strong> &#8211; private Homepage von Eberhard Kunst<br><strong><em><a aria-label=\"Woldenberg\/Neumark (\u00f6ffnet in neuem Tab)\" href=\"http:\/\/www.woldenberg-neumark.eu\" target=\"_blank\" rel=\"noreferrer noopener\">Woldenberg\/Neumark<\/a><\/em><\/strong> &#8211; private Homepage von Dipl.-Ing. Karl-Heinz Dittberner<br><strong><em><a href=\"https:\/\/oststernberg.de\/\" target=\"_blank\" rel=\"noreferrer noopener\">Oststernberg.de<\/a><\/em><\/strong> &#8211; Homepage des Heimatkreises Oststernberg e.V. mit dem Heimatbrief-Archiv<br><br><\/p>\n\n\n\n<p class=\"has-vivid-red-color has-text-color\"><strong>Weitere Webseiten mit Informationen zur Region<\/strong><br><br><\/p>\n\n\n\n<p><strong><a href=\"https:\/\/odlinfo.bfs.de\/ODL\/DE\/themen\/wo-stehen-die-sonden\/karte\/_documents\/Messstelle.html;jsessionid=A948EA0F2E6AE6EF2F9FBB438269510D.2_cid374?id=120735321\" target=\"_blank\" rel=\"noreferrer noopener\"><em>Bundesamt f\u00fcr Strahlenschutz<\/em><\/a><\/strong> &#8211; radioaktive Me\u00dfwerte an verschiedenen Punkten in der Region<\/p>\n<div class=\"gsp_post_data\" \r\n\t            data-post_type=\"page\" \r\n\t            data-cat=\"\" \r\n\t            data-modified=\"120\"\r\n\t            data-created=\"1579610899\"\r\n\t            data-title=\"Externe Onlinearchive\" \r\n\t            data-home=\"https:\/\/heimatland-um.eu\"><\/div>","protected":false},"excerpt":{"rendered":"<p>Hier finden Sie Links zu externen Archiven und Sammlungen: Archiv, Museen &amp; Verlage Geheimes Staatsarchiv Berlin &#8211; ArchivLandeshauptarchiv Brandenburg &#8211; ArchivStadt- und Landesbibliothek Potsdam &#8211; Archiv und BibliothekArch\u00e4ologisches Landesmuseum Brandenburg &#8211; Archiv und MuseumDeutsche Staatsbibliothek Berlin &#8211; Historische Zeitungsausgaben u.a. mit dem Schwedter TageblattBrandenburgikom Landesgeschichte online &#8211; Projekt der Uni Potsdam f\u00fcr Heimatforscher mit viel LiteraturLandesgeschichtliche Vereinigung f\u00fcr die Mark <a class=\"read-more\" href=\"https:\/\/heimatland-um.eu\/?page_id=307\">weiterlesen<\/a><\/p>\n","protected":false},"author":1,"featured_media":1477,"parent":2195,"menu_order":2,"comment_status":"closed","ping_status":"closed","template":"","meta":{"ngg_post_thumbnail":0,"footnotes":""},"folder":[],"class_list":["post-307","page","type-page","status-publish","has-post-thumbnail","hentry"],"_links":{"self":[{"href":"https:\/\/heimatland-um.eu\/index.php?rest_route=\/wp\/v2\/pages\/307","targetHints":{"allow":["GET"]}}],"collection":[{"href":"https:\/\/heimatland-um.eu\/index.php?rest_route=\/wp\/v2\/pages"}],"about":[{"href":"https:\/\/heimatland-um.eu\/index.php?rest_route=\/wp\/v2\/types\/page"}],"author":[{"embeddable":true,"href":"https:\/\/heimatland-um.eu\/index.php?rest_route=\/wp\/v2\/users\/1"}],"replies":[{"embeddable":true,"href":"https:\/\/heimatland-um.eu\/index.php?rest_route=%2Fwp%2Fv2%2Fcomments&post=307"}],"version-history":[{"count":91,"href":"https:\/\/heimatland-um.eu\/index.php?rest_route=\/wp\/v2\/pages\/307\/revisions"}],"predecessor-version":[{"id":12240,"href":"https:\/\/heimatland-um.eu\/index.php?rest_route=\/wp\/v2\/pages\/307\/revisions\/12240"}],"up":[{"embeddable":true,"href":"https:\/\/heimatland-um.eu\/index.php?rest_route=\/wp\/v2\/pages\/2195"}],"wp:featuredmedia":[{"embeddable":true,"href":"https:\/\/heimatland-um.eu\/index.php?rest_route=\/wp\/v2\/media\/1477"}],"wp:attachment":[{"href":"https:\/\/heimatland-um.eu\/index.php?rest_route=%2Fwp%2Fv2%2Fmedia&parent=307"}],"wp:term":[{"taxonomy":"folder","embeddable":true,"href":"https:\/\/heimatland-um.eu\/index.php?rest_route=%2Fwp%2Fv2%2Ffolder&post=307"}],"curies":[{"name":"wp","href":"https:\/\/api.w.org\/{rel}","templated":true}]}}