{"id":3593,"date":"2020-03-06T19:47:14","date_gmt":"2020-03-06T18:47:14","guid":{"rendered":"http:\/\/onlinearchiv.portal-schwedt.de\/?page_id=3593"},"modified":"2024-11-29T12:49:41","modified_gmt":"2024-11-29T11:49:41","slug":"philipp-wilhelm-markgraf-zu-brandenburg-schwedt","status":"publish","type":"page","link":"https:\/\/heimatland-um.eu\/?page_id=3593","title":{"rendered":"Philipp Wilhelm Markgraf zu Brandenburg Schwedt [0]"},"content":{"rendered":"<div class=\"su-tabs su-tabs-style-default su-tabs-mobile-stack\" data-active=\"2\" data-scroll-offset=\"0\" data-anchor-in-url=\"no\"><div class=\"su-tabs-nav\"><span class=\"\" data-url=\"https:\/\/heimatland-um.eu\/?page_id=166\" data-target=\"self\" tabindex=\"0\" role=\"button\">Schwedt<\/span><span class=\"\" data-url=\"https:\/\/heimatland-um.eu\/?page_id=3589\" data-target=\"\" tabindex=\"0\" role=\"button\">Personen<\/span><\/div><div class=\"su-tabs-panes\"><div class=\"su-tabs-pane su-u-clearfix su-u-trim\" data-title=\"Schwedt\">Wechseln zu &#8230;<\/div>\n<div class=\"su-tabs-pane su-u-clearfix su-u-trim\" data-title=\"Personen\">Sie befinden sich hier!<\/div><\/div><\/div>\n\n\n\n<p>2 Schrifts\u00e4tze aus Anla\u00df des Todes von Markgraf Philipp Wilhelms am 19.12.1711<br><\/p>\n\n\n\n<p><br>Staatsbibliothek Berlin: <strong><em><a aria-label=\"Bittere Klage Bey der Tennen Atad, Als Der erbla\u00dfte Leichnam Sr. K\u00f6nigl.  Hoheit, Des ... F\u00fcrsten und Herrn, Herrn Philipp Wilhelms, Prinzen in  Preu\u00dfen, Marggrafen zu Brandenburg ... Nach einem sanfft- und seligen  Abschied von dieser Welt, So geschahe den 19. Decembr. 1711. In das  K\u00f6nigl. Grab zum Dohm, oder der Kirchen der Heil. Dreyfaltigkeit  gebracht zu werden, nach der K\u00f6nigl. Residenz ... geholtet ward, Und  einige Wochen auf dem K\u00f6nigl. Haus Malchau, unter Parade hoher Bedienten  und vieler tausend weissen Wachs-Lichter verzog, Am Sonntag Sexagesima  1712. nach Gelegenheit des Evangelii von Christi Opfferung, oder  Lichtme\u00df, gehalten, Durch M. Abraham Dieterici, Daselbst Dieners am  Worte Gottes (\u00f6ffnet in neuem Tab)\" href=\"https:\/\/digital.staatsbibliothek-berlin.de\/werkansicht\/?PPN=PPN86445967X\" target=\"_blank\" rel=\"noreferrer noopener\">Bittere Klage Bey der Tennen Atad, Als Der erbla\u00dfte Leichnam Sr. K\u00f6nigl.  Hoheit, Des &#8230; F\u00fcrsten und Herrn, Herrn Philipp Wilhelms, Prinzen in  Preu\u00dfen, Marggrafen zu Brandenburg &#8230; Nach einem sanfft- und seligen  Abschied von dieser Welt, So geschahe den 19. Decembr. 1711. In das  K\u00f6nigl. Grab zum Dohm, oder der Kirchen der Heil. Dreyfaltigkeit  gebracht zu werden, nach der K\u00f6nigl. Residenz &#8230; geholtet ward, Und  einige Wochen auf dem K\u00f6nigl. Haus Malchau, unter Parade hoher Bedienten  und vieler tausend weissen Wachs-Lichter verzog, Am Sonntag Sexagesima  1712. nach Gelegenheit des Evangelii von Christi Opfferung, oder  Lichtme\u00df, gehalten, Durch M. Abraham Dieterici, Daselbst Dieners am  Worte Gottes<\/a><\/em><\/strong> \/ 1712<br><br>Universit\u00e4ts- und Landesbibliothek Sachsen Anhalt: <strong><em><a href=\"https:\/\/opendata.uni-halle.de\/explore?bitstream_id=96b6ca3f-63e1-4920-abba-78692f5ed90f&amp;handle=1981185920\/58592&amp;provider=iiif-image\" target=\"_blank\" rel=\"noreferrer noopener\">Als Das Glorw\u00fcrdigste Ged\u00e4chtni\u00df Des weyland Durchlauchtigsten F\u00fcrsten  und Herrn, Herrn Philipp Wilhelms, Printzens in Preussen auch  Marggraffens zu Brandeburg &#8230; Wie auch Rectoris Magnificentissimi auff  der Welt-Ber\u00fchmten K\u00f6niglichen Friedrichs-Universit\u00e4t Den 21. Martii  MDCCXII. Jn einer Solennen Lob-Rede verewiget wurde, Ward dabey Folgende  Lob- und Trauer-Ode abgesungen<\/a> <\/em><\/strong><em>\/ 1712<\/em><\/p>\n\n\n\n<p><\/p>\n<div class=\"gsp_post_data\" \r\n\t            data-post_type=\"page\" \r\n\t            data-cat=\"\" \r\n\t            data-modified=\"120\"\r\n\t            data-created=\"1583524034\"\r\n\t            data-title=\"Philipp Wilhelm Markgraf zu Brandenburg Schwedt [0]\" \r\n\t            data-home=\"https:\/\/heimatland-um.eu\"><\/div>","protected":false},"excerpt":{"rendered":"<p>2 Schrifts\u00e4tze aus Anla\u00df des Todes von Markgraf Philipp Wilhelms am 19.12.1711 Staatsbibliothek Berlin: Bittere Klage Bey der Tennen Atad, Als Der erbla\u00dfte Leichnam Sr. K\u00f6nigl. Hoheit, Des &#8230; F\u00fcrsten und Herrn, Herrn Philipp Wilhelms, Prinzen in Preu\u00dfen, Marggrafen zu Brandenburg &#8230; Nach einem sanfft- und seligen Abschied von dieser Welt, So geschahe den 19. Decembr. 1711. In das K\u00f6nigl. <a class=\"read-more\" href=\"https:\/\/heimatland-um.eu\/?page_id=3593\">weiterlesen<\/a><\/p>\n","protected":false},"author":1,"featured_media":0,"parent":3589,"menu_order":0,"comment_status":"open","ping_status":"closed","template":"","meta":{"ngg_post_thumbnail":0,"footnotes":""},"folder":[],"class_list":["post-3593","page","type-page","status-publish","hentry"],"_links":{"self":[{"href":"https:\/\/heimatland-um.eu\/index.php?rest_route=\/wp\/v2\/pages\/3593","targetHints":{"allow":["GET"]}}],"collection":[{"href":"https:\/\/heimatland-um.eu\/index.php?rest_route=\/wp\/v2\/pages"}],"about":[{"href":"https:\/\/heimatland-um.eu\/index.php?rest_route=\/wp\/v2\/types\/page"}],"author":[{"embeddable":true,"href":"https:\/\/heimatland-um.eu\/index.php?rest_route=\/wp\/v2\/users\/1"}],"replies":[{"embeddable":true,"href":"https:\/\/heimatland-um.eu\/index.php?rest_route=%2Fwp%2Fv2%2Fcomments&post=3593"}],"version-history":[{"count":8,"href":"https:\/\/heimatland-um.eu\/index.php?rest_route=\/wp\/v2\/pages\/3593\/revisions"}],"predecessor-version":[{"id":11378,"href":"https:\/\/heimatland-um.eu\/index.php?rest_route=\/wp\/v2\/pages\/3593\/revisions\/11378"}],"up":[{"embeddable":true,"href":"https:\/\/heimatland-um.eu\/index.php?rest_route=\/wp\/v2\/pages\/3589"}],"wp:attachment":[{"href":"https:\/\/heimatland-um.eu\/index.php?rest_route=%2Fwp%2Fv2%2Fmedia&parent=3593"}],"wp:term":[{"taxonomy":"folder","embeddable":true,"href":"https:\/\/heimatland-um.eu\/index.php?rest_route=%2Fwp%2Fv2%2Ffolder&post=3593"}],"curies":[{"name":"wp","href":"https:\/\/api.w.org\/{rel}","templated":true}]}}