{"id":3748,"date":"2020-03-10T19:11:06","date_gmt":"2020-03-10T18:11:06","guid":{"rendered":"http:\/\/onlinearchiv.portal-schwedt.de\/?page_id=3748"},"modified":"2020-03-11T17:19:13","modified_gmt":"2020-03-11T16:19:13","slug":"pauli-die-einaescherung-der-stadt-gartz-durch-die-moskowiter-1-1713-0","status":"publish","type":"page","link":"https:\/\/heimatland-um.eu\/?page_id=3748","title":{"rendered":"1 &#8211; Pauli: Die Ein\u00e4scherung der Stadt Gartz durch die Moskowiter \/ 1713 [0]"},"content":{"rendered":"\n<p> Kurtze Relation Von Der erb\u00e4rmlichen Ein\u00e4scherung der Pommerischen St\u00e4dte Gartz und Wolgast,  Als dieselbe Respective am 16. und 27. Martii Anno 1713. von den Moscowitern kl\u00e4glich in die Asche geleget worden. <br><br> digitale Ausgabe hier lesen: <br><br><strong><em><a rel=\"noreferrer noopener\" aria-label=\"Google Books (\u00f6ffnet in neuem Tab)\" href=\"https:\/\/books.google.de\/books?id=ATVKMk2RrGAC&amp;lpg=PA1&amp;ots=xH0CxIwaIT&amp;dq=Kurtze%20Relation%20Von%20Der%20erb%C3%A4rmlichen%20Ein%C3%A4scherung%20der%20Pommerischen%20St%C3%A4dte%20Gartz%20und%20Wolgast%2C&amp;hl=de&amp;pg=PA1#v=onepage&amp;q&amp;f=false\" target=\"_blank\">Google Books<\/a><\/em><\/strong><br><strong><em><a rel=\"noreferrer noopener\" aria-label=\"S\u00e4chsische Landesbibliothek \u2013 Staats- und Universit\u00e4tsbibliothek Dresden (\u00f6ffnet in neuem Tab)\" href=\"https:\/\/digital.slub-dresden.de\/werkansicht\/dlf\/20828\/1\/0\/\" target=\"_blank\">S\u00e4chsische Landesbibliothek \u2013 Staats- und Universit\u00e4tsbibliothek Dresden<\/a><\/em><\/strong><br><strong><em><a rel=\"noreferrer noopener\" aria-label=\"Ludwig-Maximilians-Universit\u00e4t M\u00fcnchen (\u00f6ffnet in neuem Tab)\" href=\"https:\/\/epub.ub.uni-muenchen.de\/21362\/\" target=\"_blank\">Ludwig-Maximilians-Universit\u00e4t M\u00fcnchen<\/a><\/em><\/strong> <br><br>oder direkt hier:<\/p>\n\n\n\n<p> <\/p>\n\n\n\n<iframe loading=\"lazy\" scrolling=\"no\" style=\"border:0px\" src=\"https:\/\/books.google.de\/books?id=ATVKMk2RrGAC&amp;lpg=PA1&amp;ots=xH0CxIwaIT&amp;dq=Kurtze%20Relation%20Von%20Der%20erb%C3%A4rmlichen%20Ein%C3%A4scherung%20der%20Pommerischen%20St%C3%A4dte%20Gartz%20und%20Wolgast%2C&amp;hl=de&amp;pg=PA1&amp;output=embed\" width=\"100%\" frameborder=\"0\" height=\"750\"><\/iframe>\n<div class=\"gsp_post_data\" \r\n\t            data-post_type=\"page\" \r\n\t            data-cat=\"\" \r\n\t            data-modified=\"120\"\r\n\t            data-created=\"1583867466\"\r\n\t            data-title=\"1 &#8211; Pauli: Die Ein\u00e4scherung der Stadt Gartz durch die Moskowiter \/ 1713 [0]\" \r\n\t            data-home=\"https:\/\/heimatland-um.eu\"><\/div>","protected":false},"excerpt":{"rendered":"<p>Kurtze Relation Von Der erb\u00e4rmlichen Ein\u00e4scherung der Pommerischen St\u00e4dte Gartz und Wolgast, Als dieselbe Respective am 16. und 27. Martii Anno 1713. von den Moscowitern kl\u00e4glich in die Asche geleget worden. digitale Ausgabe hier lesen: Google BooksS\u00e4chsische Landesbibliothek \u2013 Staats- und Universit\u00e4tsbibliothek DresdenLudwig-Maximilians-Universit\u00e4t M\u00fcnchen oder direkt hier:<\/p>\n","protected":false},"author":1,"featured_media":0,"parent":1985,"menu_order":2,"comment_status":"open","ping_status":"closed","template":"","meta":{"ngg_post_thumbnail":0,"footnotes":""},"folder":[],"class_list":["post-3748","page","type-page","status-publish","hentry"],"_links":{"self":[{"href":"https:\/\/heimatland-um.eu\/index.php?rest_route=\/wp\/v2\/pages\/3748","targetHints":{"allow":["GET"]}}],"collection":[{"href":"https:\/\/heimatland-um.eu\/index.php?rest_route=\/wp\/v2\/pages"}],"about":[{"href":"https:\/\/heimatland-um.eu\/index.php?rest_route=\/wp\/v2\/types\/page"}],"author":[{"embeddable":true,"href":"https:\/\/heimatland-um.eu\/index.php?rest_route=\/wp\/v2\/users\/1"}],"replies":[{"embeddable":true,"href":"https:\/\/heimatland-um.eu\/index.php?rest_route=%2Fwp%2Fv2%2Fcomments&post=3748"}],"version-history":[{"count":8,"href":"https:\/\/heimatland-um.eu\/index.php?rest_route=\/wp\/v2\/pages\/3748\/revisions"}],"predecessor-version":[{"id":3788,"href":"https:\/\/heimatland-um.eu\/index.php?rest_route=\/wp\/v2\/pages\/3748\/revisions\/3788"}],"up":[{"embeddable":true,"href":"https:\/\/heimatland-um.eu\/index.php?rest_route=\/wp\/v2\/pages\/1985"}],"wp:attachment":[{"href":"https:\/\/heimatland-um.eu\/index.php?rest_route=%2Fwp%2Fv2%2Fmedia&parent=3748"}],"wp:term":[{"taxonomy":"folder","embeddable":true,"href":"https:\/\/heimatland-um.eu\/index.php?rest_route=%2Fwp%2Fv2%2Ffolder&post=3748"}],"curies":[{"name":"wp","href":"https:\/\/api.w.org\/{rel}","templated":true}]}}