{"id":4663,"date":"2020-04-23T19:25:33","date_gmt":"2020-04-23T17:25:33","guid":{"rendered":"http:\/\/onlinearchiv.portal-schwedt.de\/?page_id=4663"},"modified":"2021-10-07T19:24:44","modified_gmt":"2021-10-07T17:24:44","slug":"diverse-relatio-oder-gantz-aussfuehrliche-beschreibung-was-gestalt-ihr-koen-may-gustavus-adolphus-der-schweden-und-gothen-koenig-etc-die-zween-starcke-paess-greiffenhagen-und-goertz-mit-stuer","status":"publish","type":"page","link":"https:\/\/heimatland-um.eu\/?page_id=4663","title":{"rendered":"(2) &#8211; Eroberung der Oderp\u00e4sse Gartz und Greiffenhagen durch den Schwedischen K\u00f6nig Gustav Adolph\/ 1661 [0]"},"content":{"rendered":"\n<p>Warhafftiger Bericht, von der newlichen k\u00f6niglichen schwedischen Er\u00f6berung der vesten P\u00e4sse und Vestungen Gartz und Griffenhagen, etc. &#8230;<br><br>digitale Ausgabe hier lesen:<br><br><strong><em><a rel=\"noreferrer noopener\" href=\"http:\/\/digital.slub-dresden.de\/id381291669\" target=\"_blank\">S\u00e4chsische Landesbibliothek \u2014 Staats- und Universit\u00e4tsbibliothek Dresden<\/a><\/em><\/strong><br><\/p>\n\n\n\n<div class=\"wp-block-image\"><figure class=\"aligncenter size-large\"><img decoding=\"async\" src=\"https:\/\/heimatland-um.eu\/wp-content\/uploads\/2020\/04\/Gartz_1631_2.jpg\" alt=\"\"\/><\/figure><\/div>\n<div class=\"gsp_post_data\" \r\n\t            data-post_type=\"page\" \r\n\t            data-cat=\"\" \r\n\t            data-modified=\"120\"\r\n\t            data-created=\"1587669933\"\r\n\t            data-title=\"(2) &#8211; Eroberung der Oderp\u00e4sse Gartz und Greiffenhagen durch den Schwedischen K\u00f6nig Gustav Adolph\/ 1661 [0]\" \r\n\t            data-home=\"https:\/\/heimatland-um.eu\"><\/div>","protected":false},"excerpt":{"rendered":"<p>Warhafftiger Bericht, von der newlichen k\u00f6niglichen schwedischen Er\u00f6berung der vesten P\u00e4sse und Vestungen Gartz und Griffenhagen, etc. &#8230; digitale Ausgabe hier lesen: S\u00e4chsische Landesbibliothek \u2014 Staats- und Universit\u00e4tsbibliothek Dresden<\/p>\n","protected":false},"author":1,"featured_media":4664,"parent":1985,"menu_order":1,"comment_status":"open","ping_status":"closed","template":"","meta":{"ngg_post_thumbnail":0,"footnotes":""},"folder":[],"class_list":["post-4663","page","type-page","status-publish","has-post-thumbnail","hentry"],"_links":{"self":[{"href":"https:\/\/heimatland-um.eu\/index.php?rest_route=\/wp\/v2\/pages\/4663","targetHints":{"allow":["GET"]}}],"collection":[{"href":"https:\/\/heimatland-um.eu\/index.php?rest_route=\/wp\/v2\/pages"}],"about":[{"href":"https:\/\/heimatland-um.eu\/index.php?rest_route=\/wp\/v2\/types\/page"}],"author":[{"embeddable":true,"href":"https:\/\/heimatland-um.eu\/index.php?rest_route=\/wp\/v2\/users\/1"}],"replies":[{"embeddable":true,"href":"https:\/\/heimatland-um.eu\/index.php?rest_route=%2Fwp%2Fv2%2Fcomments&post=4663"}],"version-history":[{"count":6,"href":"https:\/\/heimatland-um.eu\/index.php?rest_route=\/wp\/v2\/pages\/4663\/revisions"}],"predecessor-version":[{"id":9312,"href":"https:\/\/heimatland-um.eu\/index.php?rest_route=\/wp\/v2\/pages\/4663\/revisions\/9312"}],"up":[{"embeddable":true,"href":"https:\/\/heimatland-um.eu\/index.php?rest_route=\/wp\/v2\/pages\/1985"}],"wp:featuredmedia":[{"embeddable":true,"href":"https:\/\/heimatland-um.eu\/index.php?rest_route=\/wp\/v2\/media\/4664"}],"wp:attachment":[{"href":"https:\/\/heimatland-um.eu\/index.php?rest_route=%2Fwp%2Fv2%2Fmedia&parent=4663"}],"wp:term":[{"taxonomy":"folder","embeddable":true,"href":"https:\/\/heimatland-um.eu\/index.php?rest_route=%2Fwp%2Fv2%2Ffolder&post=4663"}],"curies":[{"name":"wp","href":"https:\/\/api.w.org\/{rel}","templated":true}]}}