{"id":4676,"date":"2020-04-23T20:17:05","date_gmt":"2020-04-23T18:17:05","guid":{"rendered":"http:\/\/onlinearchiv.portal-schwedt.de\/?page_id=4676"},"modified":"2021-10-07T19:24:57","modified_gmt":"2021-10-07T17:24:57","slug":"diverse-eroberung-der-oderpaesse-gartz-und-greiffenhagen-durch-den-schwedischen-koenig-gustav-adolph-1631-0","status":"publish","type":"page","link":"https:\/\/heimatland-um.eu\/?page_id=4676","title":{"rendered":"(1) &#8211; Eroberung der Oderp\u00e4sse Gartz und Greiffenhagen durch den Schwedischen K\u00f6nig Gustav Adolph\/ 1631 [0]"},"content":{"rendered":"\n<p>Relatio, oder: gantz au\u00dff\u00fchrliche beschreibung was Gestalt Ihr K\u00f6n. May. Gustavus Adolphus der Schweden und Gothen K\u00f6nig [et]c. die zween starcke P\u00e4\u00df Greiffenhagen und G\u00f6rtz mit st\u00fcrmender Hand erobert \u2026<br><br>Digitale Ausgabe hier lesen:<br><br><strong><em><a rel=\"noreferrer noopener\" href=\"https:\/\/digital.slub-dresden.de\/werkansicht\/dlf\/86193\/1\/\" target=\"_blank\">S\u00e4chsische Landesbibliothek \u2014 Staats- und Universit\u00e4tsbibliothek Dresden<\/a><\/em><\/strong><\/p>\n\n\n\n<div class=\"wp-block-image\"><figure class=\"aligncenter size-large\"><img decoding=\"async\" src=\"https:\/\/heimatland-um.eu\/wp-content\/uploads\/2020\/04\/Gartz_1631_3.jpg\" alt=\"\"\/><\/figure><\/div>\n<div class=\"gsp_post_data\" \r\n\t            data-post_type=\"page\" \r\n\t            data-cat=\"\" \r\n\t            data-modified=\"120\"\r\n\t            data-created=\"1587673025\"\r\n\t            data-title=\"(1) &#8211; Eroberung der Oderp\u00e4sse Gartz und Greiffenhagen durch den Schwedischen K\u00f6nig Gustav Adolph\/ 1631 [0]\" \r\n\t            data-home=\"https:\/\/heimatland-um.eu\"><\/div>","protected":false},"excerpt":{"rendered":"<p>Relatio, oder: gantz au\u00dff\u00fchrliche beschreibung was Gestalt Ihr K\u00f6n. May. Gustavus Adolphus der Schweden und Gothen K\u00f6nig [et]c. die zween starcke P\u00e4\u00df Greiffenhagen und G\u00f6rtz mit st\u00fcrmender Hand erobert \u2026 Digitale Ausgabe hier lesen: S\u00e4chsische Landesbibliothek \u2014 Staats- und Universit\u00e4tsbibliothek Dresden<\/p>\n","protected":false},"author":1,"featured_media":4674,"parent":1985,"menu_order":1,"comment_status":"open","ping_status":"closed","template":"","meta":{"ngg_post_thumbnail":0,"footnotes":""},"folder":[],"class_list":["post-4676","page","type-page","status-publish","has-post-thumbnail","hentry"],"_links":{"self":[{"href":"https:\/\/heimatland-um.eu\/index.php?rest_route=\/wp\/v2\/pages\/4676","targetHints":{"allow":["GET"]}}],"collection":[{"href":"https:\/\/heimatland-um.eu\/index.php?rest_route=\/wp\/v2\/pages"}],"about":[{"href":"https:\/\/heimatland-um.eu\/index.php?rest_route=\/wp\/v2\/types\/page"}],"author":[{"embeddable":true,"href":"https:\/\/heimatland-um.eu\/index.php?rest_route=\/wp\/v2\/users\/1"}],"replies":[{"embeddable":true,"href":"https:\/\/heimatland-um.eu\/index.php?rest_route=%2Fwp%2Fv2%2Fcomments&post=4676"}],"version-history":[{"count":5,"href":"https:\/\/heimatland-um.eu\/index.php?rest_route=\/wp\/v2\/pages\/4676\/revisions"}],"predecessor-version":[{"id":9313,"href":"https:\/\/heimatland-um.eu\/index.php?rest_route=\/wp\/v2\/pages\/4676\/revisions\/9313"}],"up":[{"embeddable":true,"href":"https:\/\/heimatland-um.eu\/index.php?rest_route=\/wp\/v2\/pages\/1985"}],"wp:featuredmedia":[{"embeddable":true,"href":"https:\/\/heimatland-um.eu\/index.php?rest_route=\/wp\/v2\/media\/4674"}],"wp:attachment":[{"href":"https:\/\/heimatland-um.eu\/index.php?rest_route=%2Fwp%2Fv2%2Fmedia&parent=4676"}],"wp:term":[{"taxonomy":"folder","embeddable":true,"href":"https:\/\/heimatland-um.eu\/index.php?rest_route=%2Fwp%2Fv2%2Ffolder&post=4676"}],"curies":[{"name":"wp","href":"https:\/\/api.w.org\/{rel}","templated":true}]}}