{"id":6543,"date":"2021-01-12T20:03:01","date_gmt":"2021-01-12T19:03:01","guid":{"rendered":"https:\/\/heimatland-um.de\/?page_id=6543"},"modified":"2026-01-30T11:53:39","modified_gmt":"2026-01-30T10:53:39","slug":"mysterien-der-schwedter-heimatgeschichte","status":"publish","type":"page","link":"https:\/\/heimatland-um.eu\/?page_id=6543","title":{"rendered":"Mysterien der Schwedter Heimatgeschichte [0]"},"content":{"rendered":"<div class=\"su-tabs su-tabs-style-default su-tabs-mobile-stack\" data-active=\"2\" data-scroll-offset=\"0\" data-anchor-in-url=\"no\"><div class=\"su-tabs-nav\"><span class=\"\" data-url=\"https:\/\/heimatland-um.eu\/?page_id=166\" data-target=\"self\" tabindex=\"0\" role=\"button\">Schwedt<\/span><span class=\"\" data-url=\"https:\/\/heimatland-um.eu\/?page_id=2379\" data-target=\"\" tabindex=\"0\" role=\"button\">Stadtgeschichte<\/span><\/div><div class=\"su-tabs-panes\"><div class=\"su-tabs-pane su-u-clearfix su-u-trim\" data-title=\"Schwedt\">Wechseln zu &#8230;<\/div>\n<div class=\"su-tabs-pane su-u-clearfix su-u-trim\" data-title=\"Stadtgeschichte\">Sie befinden sich hier!<\/div><\/div><\/div>\n\n\n\n<p>In dieser Serie widmet sich der Autor solchen Themen, die aus seiner Sicht in den Publikationen zu falschen Schlu\u00dffolgerungen gef\u00fchrt haben oder \u00fcberhaupt noch nicht betrachtet wurden. Bisher sind 5 Ausgaben erschienen. Sie k\u00f6nnen diese in unserem Spenden-Shop als Druckerzeugnis erwerben.<\/p>\n\n\n<div class=\"su-spacer\" style=\"height:30px\"><\/div>\n\n\n\n<!-- Page-list plugin v.5.9 wordpress.org\/plugins\/page-list\/ -->\n<ul class=\"page-list \">\n<li class=\"page_item page-item-2370\"><a href=\"https:\/\/heimatland-um.eu\/?page_id=2370\">Sill &#8211; Die Schlo\u00dfgartenmauer im ehemaligen Schlo\u00dfpark zu Schwedt \/ 2014 [2]<\/a><\/li>\n<li class=\"page_item page-item-2382\"><a href=\"https:\/\/heimatland-um.eu\/?page_id=2382\">Sill &#8211; Wo stand die Schwedter Burg ? \/ 2015 [2]<\/a><\/li>\n<li class=\"page_item page-item-2390\"><a href=\"https:\/\/heimatland-um.eu\/?page_id=2390\">Sill &#8211; Kritik &#038; Berichtigung einer Chronik \/ 2017 [1]<\/a><\/li>\n\n<\/ul>\n<div class=\"gsp_post_data\" \r\n\t            data-post_type=\"page\" \r\n\t            data-cat=\"\" \r\n\t            data-modified=\"120\"\r\n\t            data-created=\"1610481781\"\r\n\t            data-title=\"Mysterien der Schwedter Heimatgeschichte [0]\" \r\n\t            data-home=\"https:\/\/heimatland-um.eu\"><\/div>","protected":false},"excerpt":{"rendered":"<p>In dieser Serie widmet sich der Autor solchen Themen, die aus seiner Sicht in den Publikationen zu falschen Schlu\u00dffolgerungen gef\u00fchrt haben oder \u00fcberhaupt noch nicht betrachtet wurden. Bisher sind 5 Ausgaben erschienen. Sie k\u00f6nnen diese in unserem Spenden-Shop als Druckerzeugnis erwerben.<\/p>\n","protected":false},"author":1,"featured_media":0,"parent":2379,"menu_order":0,"comment_status":"closed","ping_status":"closed","template":"","meta":{"ngg_post_thumbnail":0,"footnotes":""},"folder":[],"class_list":["post-6543","page","type-page","status-publish","hentry"],"_links":{"self":[{"href":"https:\/\/heimatland-um.eu\/index.php?rest_route=\/wp\/v2\/pages\/6543","targetHints":{"allow":["GET"]}}],"collection":[{"href":"https:\/\/heimatland-um.eu\/index.php?rest_route=\/wp\/v2\/pages"}],"about":[{"href":"https:\/\/heimatland-um.eu\/index.php?rest_route=\/wp\/v2\/types\/page"}],"author":[{"embeddable":true,"href":"https:\/\/heimatland-um.eu\/index.php?rest_route=\/wp\/v2\/users\/1"}],"replies":[{"embeddable":true,"href":"https:\/\/heimatland-um.eu\/index.php?rest_route=%2Fwp%2Fv2%2Fcomments&post=6543"}],"version-history":[{"count":8,"href":"https:\/\/heimatland-um.eu\/index.php?rest_route=\/wp\/v2\/pages\/6543\/revisions"}],"predecessor-version":[{"id":12511,"href":"https:\/\/heimatland-um.eu\/index.php?rest_route=\/wp\/v2\/pages\/6543\/revisions\/12511"}],"up":[{"embeddable":true,"href":"https:\/\/heimatland-um.eu\/index.php?rest_route=\/wp\/v2\/pages\/2379"}],"wp:attachment":[{"href":"https:\/\/heimatland-um.eu\/index.php?rest_route=%2Fwp%2Fv2%2Fmedia&parent=6543"}],"wp:term":[{"taxonomy":"folder","embeddable":true,"href":"https:\/\/heimatland-um.eu\/index.php?rest_route=%2Fwp%2Fv2%2Ffolder&post=6543"}],"curies":[{"name":"wp","href":"https:\/\/api.w.org\/{rel}","templated":true}]}}