{"id":7350,"date":"2021-01-28T17:39:45","date_gmt":"2021-01-28T16:39:45","guid":{"rendered":"https:\/\/heimatland-um.eu\/?page_id=7350"},"modified":"2021-06-09T19:57:04","modified_gmt":"2021-06-09T17:57:04","slug":"agb","status":"publish","type":"page","link":"https:\/\/heimatland-um.eu\/?page_id=7350","title":{"rendered":"AGB"},"content":{"rendered":"\n<p><strong>Allgemeine Gesch\u00e4ftsbedingungen f\u00fcr den Spendenshop von Heimatland Uckermark<\/strong><br><br><br><strong>1. Allgemeines<\/strong><br><br>Nachstehende Allgemeine Gesch\u00e4ftsbedingungen gelten f\u00fcr alle Spenden, Lieferungen und sonstige Leistungen, die \u00fcber unseren Spendenshop abgewickelt werden. Abweichenden Vorschriften des Vertragspartners widersprechen wir hiermit ausdr\u00fccklich. Alle Nebenabreden bed\u00fcrfen der schriftlichen Best\u00e4tigung unsererseits. Der Spendenshopbetreiber ist jederzeit berechtigt, diese Allgemeinen Gesch\u00e4ftsbedingungen einschlie\u00dflich aller eventuellen Anlagen mit einer angemessenen K\u00fcndigungsfrist zu \u00e4ndern oder zu erg\u00e4nzen. Vorher eingehende Auftr\u00e4ge werden nach den dann noch g\u00fcltigen alten Allgemeinen Gesch\u00e4ftsbedingungen bearbeitet.<\/p>\n\n\n\n<p><br><strong>2. Angebot<\/strong><br><br>Unsere Angebote sind unverbindlich. Kleine Abweichungen und \u00c4nderungen gegen\u00fcber unseren Abbildungen oder Beschreibungen sind m\u00f6glich.<\/p>\n\n\n\n<p><br><strong>3. Lieferung und Zahlung<\/strong><br><br>Momentan gibt es die M\u00f6glichkeit der Einzahlung \u00fcber den Bezahldienstleister Paypal oder per \u00dcberweisung per Vorkasse. Bei \u00dcberweisungen per Vorkasse kontaktieren Sie uns bitte per Mail. Erst nach einem Zahlungseingang erfolgt die Auslieferung. Es gibt keine Mindestbestellmenge. Alle unsere Spendenwerte enthalten die gesetzliche Mehrwertsteuer. Es bleibt uns vorbehalten, eine Teillieferung vorzunehmen, sofern dies f\u00fcr eine z\u00fcgige Abwicklung vorteilhaft erscheint. Von unseren Kunden gew\u00fcnschte Sonderversendungsformen werden mit orts\u00fcblichem Zuschlag berechnet.<\/p>\n\n\n\n<p><br><strong>4. Lieferzeiten<\/strong><br><br>Artikel, die am Lager sind (f\u00fcr Bef\u00f6rderungsprobleme haften wir nicht) kommen schnellst-m\u00f6glich b.z.w. innerhalb von 7 Tagen zum Versand. Wir bitten um Verst\u00e4ndnis, da wir das Projekt Heimatland Uckermark ehrenamtlich betreiben. Ist ein Artikel nicht vorr\u00e4tig, bem\u00fc-hen wir uns um schnellstm\u00f6gliche Nachlieferung. Falls die Nichteinhaltung einer Liefer-oder Leistungsfrist auf h\u00f6here Gewalt, Arbeitskampf, unvorhersehbare Hindernisse oder sonstige von uns nicht zu vertretende Umst\u00e4nde zur\u00fcckzuf\u00fchren ist, wird die Frist ange-messen verl\u00e4ngert. Bei Nichteinhaltung der Lieferfrist aus anderen als den o. g. Gr\u00fcnden ist der K\u00e4ufer berechtigt, schriftlich eine angemessene Nachfrist mit Ablehnungsandro-hung zu setzen und nach deren erfolglosem Ablauf hinsichtlich der im Vertrag befindlichen Lieferung oder Leistung vom Vertrag zur\u00fcckzutreten. Beruht die Unm\u00f6glichkeit der Liefe-rung auf Unverm\u00f6gen des Herstellers oder unseres Zulieferers, so k\u00f6nnen sowohl wir als auch der K\u00e4ufer vom Vertrag zur\u00fccktreten, sofern der vereinbarte Liefertermin um mehr als 3 Monate \u00fcberschritten ist.<br>Schadensersatzanspr\u00fcche wegen Verzug oder Unm\u00f6glichkeit bzw. Nichterf\u00fcllung, auch solche, die bis zum R\u00fccktritt von einer Spende entstanden sind, sind ausgeschlossen. Es sei denn, dass ein gesetzlicher Vertreter des Spendenshopbetreibers vors\u00e4tzlich oder grob fahrl\u00e4ssig gehandelt hat.<\/p>\n\n\n\n<p><br><strong>5. R\u00fcckgabe- und Widerrufsrecht<\/strong><br><br>Wir garantieren f\u00fcr nicht besch\u00e4digte\/benutzte Artikel ein R\u00fcckgaberecht innerhalb von 14 Tagen. Die Folie darf von B\u00fcchern nicht entfernt worden sein. Obwohl Sie sich vor einer Spende gut \u00fcberlegen sollten, was Sie als Dankesch\u00f6n ausw\u00e4hlen und eine Spende rechtlich keiner R\u00fcckgabe bedarf, bieten wir dies an. Die R\u00fcckgabefrist wird gewahrt durch das fristgerechte Absenden des Artikels (nach Rechnungsdatum). Die R\u00fccksendung wird von uns nur angenommen, wenn sie ausreichend frankiert wurde. Die Kosten f\u00fcr den R\u00fcckversand tr\u00e4gt der Spender\/Besteller.<\/p>\n\n\n\n<p><br><strong>6. Gefahr\u00fcbergang<\/strong><br><br>Die Gefahr geht mit Absendung der Ware durch den Betreiber des Spendenshops auf den K\u00e4ufer \u00fcber.<\/p>\n\n\n\n<p><br><strong>7. Gew\u00e4hrleistung<\/strong><br><br>Heimatland Uckermark gew\u00e4hrleistet, dass die verkaufte Ware zum Zeitpunkt des Gefahr-\u00fcberganges frei von Material- und Fabrikationsfehlern ist und die vertraglich zugesicherten Eigenschaften hat. Bei Eintreffen hat der Spender die Ware unverz\u00fcglich auf M\u00e4ngel und Beschaffenheit zu untersuchen. Im Falle offener M\u00e4ngel m\u00fcssen diese innerhalb von 10 Tagen nach Entdeckung schriftlich bei uns gemeldet werden, ebenso versteckte M\u00e4ngel. Anderenfalls entf\u00e4llt die Gew\u00e4hrleistung f\u00fcr diese M\u00e4ngel. Die Gew\u00e4hrleistung betr\u00e4gt 6 Monate ab Auslieferung. Bei Reklamationen muss das Kaufdatum mit einer Rechnung nachgewiesen werden. Der reklamierte Artikel muss zusammen mit einer Kopie der Rech-nung ausreichend frankiert eingeschickt werden.<br>Die Gew\u00e4hrleistung erstreckt sich nicht auf den normalen Verschlei\u00df oder die Abnutzung. Die Gew\u00e4hrleistung erlischt, wenn der Kunde die gelieferte Ware ver\u00e4ndert. Der Betreiber hat w\u00e4hrend der Gew\u00e4hrleistungspflicht das Recht auf kostenlose Nachbesserung. Ein teilweiser oder vollst\u00e4ndiger Austausch des Artikels ist zul\u00e4ssig. Werden M\u00e4ngel innerhalb angemessener Frist nicht behoben, so hat der Spender Anspruch auf Wandlung oder Minderung. Es gilt \u00a7 476a BGB.<\/p>\n\n\n\n<p><br><strong>8. Wiederverk\u00e4ufer (gewerblich)<\/strong><br><br>Gewerblicher Wiederverkauf von unseren Artikeln ist nur auf Anfrage und nach einer schriftlichen Genehmigung seitens Heimatland Uckermark gestattet. Preise und Bedingun-gen werden mit einer individuell ausgehandelten Spende gestattet. Der Weiterverkauf darf nur in einem Laden erfolgen. Onlinevertrieb ist generell nicht erlaubt.<\/p>\n\n\n\n<p><br><strong>9. Eigentumsvorbehalt<\/strong><br><br>Bis zum Spendeneingang bleiben die Artikel Eigentum des Spendenshopbetreibers.<\/p>\n\n\n\n<p><br><strong>10. Datenspeicherung<\/strong><br><br>Gem\u00e4\u00df \u00a7 28 des Bundesdatenschutzgesetzes (BDSG) machen wir darauf aufmerksam, dass die im Rahmen der Gesch\u00e4ftsabwicklung notwendigen Daten mittels einer EDV-Anla-ge gem\u00e4\u00df \u00a7 33 (BDSG) verarbeitet und gespeichert werden. Pers\u00f6nliche Daten werden selbstverst\u00e4ndlich vertraulich behandelt und nicht weitergegeben.<\/p>\n\n\n\n<p><br><strong>11. Gerichtsstand<\/strong><br><br>Erf\u00fcllungsort und Gerichtsstand f\u00fcr beide Teile ist der Sitz des Spendenshopbetreibers. Es gilt ausschlie\u00dflich das Recht der Bundesrepublik Deutschland.<br><br>G\u00fcltig ab den 28.01.2021<\/p>\n\n\n\n<p><\/p>\n<div class=\"gsp_post_data\" \r\n\t            data-post_type=\"page\" \r\n\t            data-cat=\"\" \r\n\t            data-modified=\"120\"\r\n\t            data-created=\"1611855585\"\r\n\t            data-title=\"AGB\" \r\n\t            data-home=\"https:\/\/heimatland-um.eu\"><\/div>","protected":false},"excerpt":{"rendered":"<p>Allgemeine Gesch\u00e4ftsbedingungen f\u00fcr den Spendenshop von Heimatland Uckermark 1. Allgemeines Nachstehende Allgemeine Gesch\u00e4ftsbedingungen gelten f\u00fcr alle Spenden, Lieferungen und sonstige Leistungen, die \u00fcber unseren Spendenshop abgewickelt werden. Abweichenden Vorschriften des Vertragspartners widersprechen wir hiermit ausdr\u00fccklich. Alle Nebenabreden bed\u00fcrfen der schriftlichen Best\u00e4tigung unsererseits. Der Spendenshopbetreiber ist jederzeit berechtigt, diese Allgemeinen Gesch\u00e4ftsbedingungen einschlie\u00dflich aller eventuellen Anlagen mit einer angemessenen K\u00fcndigungsfrist zu \u00e4ndern <a class=\"read-more\" href=\"https:\/\/heimatland-um.eu\/?page_id=7350\">weiterlesen<\/a><\/p>\n","protected":false},"author":1,"featured_media":0,"parent":17,"menu_order":0,"comment_status":"closed","ping_status":"closed","template":"","meta":{"ngg_post_thumbnail":0,"footnotes":""},"folder":[],"class_list":["post-7350","page","type-page","status-publish","hentry"],"_links":{"self":[{"href":"https:\/\/heimatland-um.eu\/index.php?rest_route=\/wp\/v2\/pages\/7350","targetHints":{"allow":["GET"]}}],"collection":[{"href":"https:\/\/heimatland-um.eu\/index.php?rest_route=\/wp\/v2\/pages"}],"about":[{"href":"https:\/\/heimatland-um.eu\/index.php?rest_route=\/wp\/v2\/types\/page"}],"author":[{"embeddable":true,"href":"https:\/\/heimatland-um.eu\/index.php?rest_route=\/wp\/v2\/users\/1"}],"replies":[{"embeddable":true,"href":"https:\/\/heimatland-um.eu\/index.php?rest_route=%2Fwp%2Fv2%2Fcomments&post=7350"}],"version-history":[{"count":9,"href":"https:\/\/heimatland-um.eu\/index.php?rest_route=\/wp\/v2\/pages\/7350\/revisions"}],"predecessor-version":[{"id":8865,"href":"https:\/\/heimatland-um.eu\/index.php?rest_route=\/wp\/v2\/pages\/7350\/revisions\/8865"}],"up":[{"embeddable":true,"href":"https:\/\/heimatland-um.eu\/index.php?rest_route=\/wp\/v2\/pages\/17"}],"wp:attachment":[{"href":"https:\/\/heimatland-um.eu\/index.php?rest_route=%2Fwp%2Fv2%2Fmedia&parent=7350"}],"wp:term":[{"taxonomy":"folder","embeddable":true,"href":"https:\/\/heimatland-um.eu\/index.php?rest_route=%2Fwp%2Fv2%2Ffolder&post=7350"}],"curies":[{"name":"wp","href":"https:\/\/api.w.org\/{rel}","templated":true}]}}