{"id":7944,"date":"2021-03-24T13:11:47","date_gmt":"2021-03-24T12:11:47","guid":{"rendered":"https:\/\/heimatland-um.eu\/?page_id=7944"},"modified":"2021-03-24T13:11:48","modified_gmt":"2021-03-24T12:11:48","slug":"sparkassenkalender-auswahl-0","status":"publish","type":"page","link":"https:\/\/heimatland-um.eu\/?page_id=7944","title":{"rendered":"Sparkassenkalender &#8211; Auswahl [0]"},"content":{"rendered":"\n<p>\u00dcber viele Jahre wurden von der Sparkasse Schwedt Kalender herausgegeben, die gegen eine beliebige Spende erworben werden konnten. Die Spenden gingen an die Musik- &amp; Kunstschule Schwedt. Hier finden Sie eine Auflistung von den Kalendern in unserem Archiv. Wenn Sie einen hier nicht aufgef\u00fchrten Kalender besitzen und diesen nicht mehr gebrauchen k\u00f6nnen, dann w\u00fcrden wir diese(n) gerne ins Archiv \u00fcbernehmen.<\/p>\n\n\n<div class=\"su-spacer\" style=\"height:15px\"><\/div>\n\n\n\n\t\t<div class=\"wppdfemb-frame-container-1\" style=\"-webkit-overflow-scrolling:auto;\">\n\t\t\t<iframe class=\"pdfembed-iframe nonfullscreen wppdf-emb-iframe-1\"\n\t\t\t\tsrc=\"https:\/\/heimatland-um.eu\/?pdfemb-data=eyJwZGZJRCI6Nzk0NiwiaW5kZXgiOjEsInBkZmVtYi1zZXJ2ZXVybCI6Imh0dHBzJTNBJTJGJTJGaGVpbWF0bGFuZC11bS5ldSUyRndwLWNvbnRlbnQlMkZ1cGxvYWRzJTJGc2VjdXJlcGRmcyUyRjIwMjElMkYwMyUyRkthbGVuZGVyX1NwYXJrYXNzZV9IVU0ucGRmIiwid21fdGV4dCI6ImQzZDNMbWhsYVcxaGRHeGhibVF0ZFcwdVpHVU5DZzBLZTNWelpYSnVZVzFsZlEwS0RRcDNkM2N1YUdWcGJXRjBiR0Z1WkMxMWJTNWtaUT09In0\"\n\t\t\t\t\t\t\t\tdata-pdf-id=\"7946\"\n\t\t\t\tdata-pdf-index=\"1\"\n\t\t\t\tstyle=\"border:none;width:100%;max-width:100%;height:100vh;\"\n\t\t\t\tscrolling=\"yes\">\n\t\t\t<\/iframe>\n\t\t<\/div>\n\n\t\t\n<p class=\"wp-block-pdfemb-pdf-embedder-viewer\"><\/p>\n\n\n<div class=\"su-divider su-divider-style-default\" style=\"margin:0px 0;border-width:1px;border-color:#999999\"><a href=\"#\" style=\"color:#999999\">Nach oben<\/a><\/div>\n<div class=\"gsp_post_data\" \r\n\t            data-post_type=\"page\" \r\n\t            data-cat=\"\" \r\n\t            data-modified=\"120\"\r\n\t            data-created=\"1616591507\"\r\n\t            data-title=\"Sparkassenkalender &#8211; Auswahl [0]\" \r\n\t            data-home=\"https:\/\/heimatland-um.eu\"><\/div>","protected":false},"excerpt":{"rendered":"<p>\u00dcber viele Jahre wurden von der Sparkasse Schwedt Kalender herausgegeben, die gegen eine beliebige Spende erworben werden konnten. Die Spenden gingen an die Musik- &amp; Kunstschule Schwedt. Hier finden Sie eine Auflistung von den Kalendern in unserem Archiv. Wenn Sie einen hier nicht aufgef\u00fchrten Kalender besitzen und diesen nicht mehr gebrauchen k\u00f6nnen, dann w\u00fcrden wir diese(n) gerne ins Archiv \u00fcbernehmen.<\/p>\n","protected":false},"author":1,"featured_media":0,"parent":2470,"menu_order":0,"comment_status":"open","ping_status":"closed","template":"","meta":{"ngg_post_thumbnail":0,"footnotes":""},"folder":[],"class_list":["post-7944","page","type-page","status-publish","hentry"],"_links":{"self":[{"href":"https:\/\/heimatland-um.eu\/index.php?rest_route=\/wp\/v2\/pages\/7944","targetHints":{"allow":["GET"]}}],"collection":[{"href":"https:\/\/heimatland-um.eu\/index.php?rest_route=\/wp\/v2\/pages"}],"about":[{"href":"https:\/\/heimatland-um.eu\/index.php?rest_route=\/wp\/v2\/types\/page"}],"author":[{"embeddable":true,"href":"https:\/\/heimatland-um.eu\/index.php?rest_route=\/wp\/v2\/users\/1"}],"replies":[{"embeddable":true,"href":"https:\/\/heimatland-um.eu\/index.php?rest_route=%2Fwp%2Fv2%2Fcomments&post=7944"}],"version-history":[{"count":3,"href":"https:\/\/heimatland-um.eu\/index.php?rest_route=\/wp\/v2\/pages\/7944\/revisions"}],"predecessor-version":[{"id":7948,"href":"https:\/\/heimatland-um.eu\/index.php?rest_route=\/wp\/v2\/pages\/7944\/revisions\/7948"}],"up":[{"embeddable":true,"href":"https:\/\/heimatland-um.eu\/index.php?rest_route=\/wp\/v2\/pages\/2470"}],"wp:attachment":[{"href":"https:\/\/heimatland-um.eu\/index.php?rest_route=%2Fwp%2Fv2%2Fmedia&parent=7944"}],"wp:term":[{"taxonomy":"folder","embeddable":true,"href":"https:\/\/heimatland-um.eu\/index.php?rest_route=%2Fwp%2Fv2%2Ffolder&post=7944"}],"curies":[{"name":"wp","href":"https:\/\/api.w.org\/{rel}","templated":true}]}}