{"id":7986,"date":"2020-03-06T09:49:36","date_gmt":"2020-03-06T08:49:36","guid":{"rendered":"https:\/\/heimatland-um.eu\/?page_id=7986"},"modified":"2021-03-30T10:05:26","modified_gmt":"2021-03-30T08:05:26","slug":"100-jahre-stadtsparkasse-schwedt-1930-1-2","status":"publish","type":"page","link":"https:\/\/heimatland-um.eu\/?page_id=7986","title":{"rendered":"Schwedt, das Potsdam der Uckermark \/ 1935 [0]"},"content":{"rendered":"\n<p> <\/p>\n\n\n<div class=\"su-tabs su-tabs-style-default su-tabs-mobile-stack\" data-active=\"2\" data-scroll-offset=\"0\" data-anchor-in-url=\"no\"><div class=\"su-tabs-nav\"><span class=\"\" data-url=\"https:\/\/heimatland-um.eu\/?page_id=166\" data-target=\"self\" tabindex=\"0\" role=\"button\">Schwedt<\/span><span class=\"\" data-url=\"https:\/\/heimatland-um.eu\/?page_id=74\" data-target=\"\" tabindex=\"0\" role=\"button\">Betriebschroniken\/Firmengeschichte<\/span><\/div><div class=\"su-tabs-panes\"><div class=\"su-tabs-pane su-u-clearfix su-u-trim\" data-title=\"Schwedt\">Wechseln zu &#8230;<\/div>\n<div class=\"su-tabs-pane su-u-clearfix su-u-trim\" data-title=\"Betriebschroniken\/Firmengeschichte\">Sie befinden sich hier!<\/div><\/div><\/div>\n\n\n\n<p>Hier eine Werbebrosch\u00fcre um 1935 f\u00fcr die neu erbaute Siedlung hinter dem Bahndamm (heute Bereich John-Schehr-Stra\u00dfe\/ Gustav-Rotkopf-Stra\u00dfe\/ Franz-Book-Stra\u00dfe\/ Jahnstra\u00dfe) mit kleiner Stadtbeschreibung, Mietpreisen, Ansprechpartner A. L\u00fcdtke &amp; Bildern. (RW)<\/p>\n\n\n<div class=\"su-spacer\" style=\"height:30px\"><\/div>\n\n\n\n\t\t<div class=\"wppdfemb-frame-container-1\" style=\"-webkit-overflow-scrolling:auto;\">\n\t\t\t<iframe class=\"pdfembed-iframe nonfullscreen wppdf-emb-iframe-1\"\n\t\t\t\tsrc=\"https:\/\/heimatland-um.eu\/?pdfemb-data=eyJwZGZJRCI6Nzk4OCwiaW5kZXgiOjEsInBkZmVtYi1zZXJ2ZXVybCI6Imh0dHBzJTNBJTJGJTJGaGVpbWF0bGFuZC11bS5ldSUyRndwLWNvbnRlbnQlMkZ1cGxvYWRzJTJGc2VjdXJlcGRmcyUyRjIwMjElMkYwMyUyRlNjaHdlZHRfU2llZGx1bmdfMTkzNV9IVU0ucGRmIiwid21fdGV4dCI6ImQzZDNMbWhsYVcxaGRHeGhibVF0ZFcwdVpHVU5DZzBLZTNWelpYSnVZVzFsZlEwS0RRcDNkM2N1YUdWcGJXRjBiR0Z1WkMxMWJTNWtaUT09In0\"\n\t\t\t\t\t\t\t\tdata-pdf-id=\"7988\"\n\t\t\t\tdata-pdf-index=\"1\"\n\t\t\t\tstyle=\"border:none;width:100%;max-width:100%;height:100vh;\"\n\t\t\t\tscrolling=\"yes\">\n\t\t\t<\/iframe>\n\t\t<\/div>\n\n\t\t\n<p class=\"wp-block-pdfemb-pdf-embedder-viewer\"><\/p>\n\n\n<div class=\"su-spacer\" style=\"height:15px\"><\/div>\n\n\n<div class=\"su-divider su-divider-style-default\" style=\"margin:0px 0;border-width:1px;border-color:#999999\"><a href=\"#\" style=\"color:#999999\">Nach oben<\/a><\/div>\n\n\n\n<iframe src=\"https:\/\/www.google.com\/maps\/embed?pb=!1m18!1m12!1m3!1d1198.8078425223139!2d14.293152416769237!3d53.063212498217545!2m3!1f0!2f0!3f0!3m2!1i1024!2i768!4f13.1!3m3!1m2!1s0x47a9fb4455e1197f%3A0x26535c4f4365c19c!2sJohn-Schehr-Stra%C3%9Fe%2C%2016303%20Schwedt%2FOder!5e0!3m2!1sde!2sde!4v1617089948510!5m2!1sde!2sde\" style=\"border:0;\" allowfullscreen=\"\" loading=\"lazy\" width=\"600\" height=\"450\"><\/iframe>\n<div class=\"gsp_post_data\" \r\n\t            data-post_type=\"page\" \r\n\t            data-cat=\"\" \r\n\t            data-modified=\"120\"\r\n\t            data-created=\"1583488176\"\r\n\t            data-title=\"Schwedt, das Potsdam der Uckermark \/ 1935 [0]\" \r\n\t            data-home=\"https:\/\/heimatland-um.eu\"><\/div>","protected":false},"excerpt":{"rendered":"<p>Hier eine Werbebrosch\u00fcre um 1935 f\u00fcr die neu erbaute Siedlung hinter dem Bahndamm (heute Bereich John-Schehr-Stra\u00dfe\/ Gustav-Rotkopf-Stra\u00dfe\/ Franz-Book-Stra\u00dfe\/ Jahnstra\u00dfe) mit kleiner Stadtbeschreibung, Mietpreisen, Ansprechpartner A. L\u00fcdtke &amp; Bildern. (RW)<\/p>\n","protected":false},"author":1,"featured_media":0,"parent":2349,"menu_order":0,"comment_status":"open","ping_status":"closed","template":"","meta":{"ngg_post_thumbnail":0,"footnotes":""},"folder":[],"class_list":["post-7986","page","type-page","status-publish","hentry"],"_links":{"self":[{"href":"https:\/\/heimatland-um.eu\/index.php?rest_route=\/wp\/v2\/pages\/7986","targetHints":{"allow":["GET"]}}],"collection":[{"href":"https:\/\/heimatland-um.eu\/index.php?rest_route=\/wp\/v2\/pages"}],"about":[{"href":"https:\/\/heimatland-um.eu\/index.php?rest_route=\/wp\/v2\/types\/page"}],"author":[{"embeddable":true,"href":"https:\/\/heimatland-um.eu\/index.php?rest_route=\/wp\/v2\/users\/1"}],"replies":[{"embeddable":true,"href":"https:\/\/heimatland-um.eu\/index.php?rest_route=%2Fwp%2Fv2%2Fcomments&post=7986"}],"version-history":[{"count":11,"href":"https:\/\/heimatland-um.eu\/index.php?rest_route=\/wp\/v2\/pages\/7986\/revisions"}],"predecessor-version":[{"id":8001,"href":"https:\/\/heimatland-um.eu\/index.php?rest_route=\/wp\/v2\/pages\/7986\/revisions\/8001"}],"up":[{"embeddable":true,"href":"https:\/\/heimatland-um.eu\/index.php?rest_route=\/wp\/v2\/pages\/2349"}],"wp:attachment":[{"href":"https:\/\/heimatland-um.eu\/index.php?rest_route=%2Fwp%2Fv2%2Fmedia&parent=7986"}],"wp:term":[{"taxonomy":"folder","embeddable":true,"href":"https:\/\/heimatland-um.eu\/index.php?rest_route=%2Fwp%2Fv2%2Ffolder&post=7986"}],"curies":[{"name":"wp","href":"https:\/\/api.w.org\/{rel}","templated":true}]}}