{"id":8170,"date":"2020-08-04T17:21:47","date_gmt":"2020-08-04T15:21:47","guid":{"rendered":"https:\/\/heimatland-um.eu\/?page_id=8170"},"modified":"2021-04-15T20:04:39","modified_gmt":"2021-04-15T18:04:39","slug":"kraatz-koschlau-geschichte-des-1-brandenburgischen-dragoner-regiments-nr-2-1878-0-3-2","status":"publish","type":"page","link":"https:\/\/heimatland-um.eu\/?page_id=8170","title":{"rendered":"Schwebel &#8211; Schwedt und die Schwedter Dragoner \/ 1889 [0]"},"content":{"rendered":"<div class=\"su-tabs su-tabs-style-default su-tabs-mobile-stack\" data-active=\"2\" data-scroll-offset=\"0\" data-anchor-in-url=\"no\"><div class=\"su-tabs-nav\"><span class=\"\" data-url=\"https:\/\/heimatland-um.eu\/?page_id=166\" data-target=\"self\" tabindex=\"0\" role=\"button\">Schwedt<\/span><span class=\"\" data-url=\"https:\/\/heimatland-um.eu\/?page_id=6321\" data-target=\"\" tabindex=\"0\" role=\"button\">Milit\u00e4r &amp; Krieg<\/span><\/div><div class=\"su-tabs-panes\"><div class=\"su-tabs-pane su-u-clearfix su-u-trim\" data-title=\"Schwedt\">Wechseln zu &#8230;<\/div>\n<div class=\"su-tabs-pane su-u-clearfix su-u-trim\" data-title=\"Milit\u00e4r &amp; Krieg\">Sie befinden sich hier!<\/div><\/div><\/div>\n\n\n\n<p>Zusammengestellt aus Der B\u00e4r &#8211; Illustrierte Wochenschrift f\u00fcr vaterl\u00e4ndische Geschichte, Jahrgang XV (10\/1888 bis 09\/1889). Verfa\u00dft wurde dieser Beitrag aus Anla\u00df des 200-j\u00e4hrigen Bestehens des Regiments. Quelle: <strong><em><a rel=\"noreferrer noopener\" href=\"http:\/\/nbn-resolving.de\/urn:nbn:de:kobv:109-1-14603994\" target=\"_blank\">Zentrale Landesbibliothek Berlin<\/a><\/em><\/strong><br><br><br><\/p>\n\n\n\n\t\t<div class=\"wppdfemb-frame-container-1\" style=\"-webkit-overflow-scrolling:auto;\">\n\t\t\t<iframe class=\"pdfembed-iframe nonfullscreen wppdf-emb-iframe-1\"\n\t\t\t\tsrc=\"https:\/\/heimatland-um.eu\/?pdfemb-data=eyJwZGZJRCI6ODE3MiwiaW5kZXgiOjEsInBkZmVtYi1zZXJ2ZXVybCI6Imh0dHBzJTNBJTJGJTJGaGVpbWF0bGFuZC11bS5ldSUyRndwLWNvbnRlbnQlMkZ1cGxvYWRzJTJGc2VjdXJlcGRmcyUyRjIwMjElMkYwNCUyRkJhZXItU2Nod2VkdF9EcmFnb25lcl8xODg5X0hVTS5wZGYiLCJ3bV90ZXh0IjoiZDNkM0xtaGxhVzFoZEd4aGJtUXRkVzB1WkdVTkNnMEtlM1Z6WlhKdVlXMWxmUTBLRFFwM2QzY3VhR1ZwYldGMGJHRnVaQzExYlM1a1pRPT0ifQ\"\n\t\t\t\t\t\t\t\tdata-pdf-id=\"8172\"\n\t\t\t\tdata-pdf-index=\"1\"\n\t\t\t\tstyle=\"border:none;width:100%;max-width:100%;height:100vh;\"\n\t\t\t\tscrolling=\"yes\">\n\t\t\t<\/iframe>\n\t\t<\/div>\n\n\t\t\n<p class=\"wp-block-pdfemb-pdf-embedder-viewer\"><\/p>\n\n\n<div class=\"su-divider su-divider-style-default\" style=\"margin:0px 0;border-width:1px;border-color:#999999\"><a href=\"#\" style=\"color:#999999\">Nach oben<\/a><\/div>\n<div class=\"gsp_post_data\" \r\n\t            data-post_type=\"page\" \r\n\t            data-cat=\"\" \r\n\t            data-modified=\"120\"\r\n\t            data-created=\"1596561707\"\r\n\t            data-title=\"Schwebel &#8211; Schwedt und die Schwedter Dragoner \/ 1889 [0]\" \r\n\t            data-home=\"https:\/\/heimatland-um.eu\"><\/div>","protected":false},"excerpt":{"rendered":"<p>Zusammengestellt aus Der B\u00e4r &#8211; Illustrierte Wochenschrift f\u00fcr vaterl\u00e4ndische Geschichte, Jahrgang XV (10\/1888 bis 09\/1889). Verfa\u00dft wurde dieser Beitrag aus Anla\u00df des 200-j\u00e4hrigen Bestehens des Regiments. Quelle: Zentrale Landesbibliothek Berlin<\/p>\n","protected":false},"author":1,"featured_media":7565,"parent":7796,"menu_order":1,"comment_status":"open","ping_status":"closed","template":"","meta":{"ngg_post_thumbnail":0,"footnotes":""},"folder":[],"class_list":["post-8170","page","type-page","status-publish","has-post-thumbnail","hentry"],"_links":{"self":[{"href":"https:\/\/heimatland-um.eu\/index.php?rest_route=\/wp\/v2\/pages\/8170","targetHints":{"allow":["GET"]}}],"collection":[{"href":"https:\/\/heimatland-um.eu\/index.php?rest_route=\/wp\/v2\/pages"}],"about":[{"href":"https:\/\/heimatland-um.eu\/index.php?rest_route=\/wp\/v2\/types\/page"}],"author":[{"embeddable":true,"href":"https:\/\/heimatland-um.eu\/index.php?rest_route=\/wp\/v2\/users\/1"}],"replies":[{"embeddable":true,"href":"https:\/\/heimatland-um.eu\/index.php?rest_route=%2Fwp%2Fv2%2Fcomments&post=8170"}],"version-history":[{"count":7,"href":"https:\/\/heimatland-um.eu\/index.php?rest_route=\/wp\/v2\/pages\/8170\/revisions"}],"predecessor-version":[{"id":8188,"href":"https:\/\/heimatland-um.eu\/index.php?rest_route=\/wp\/v2\/pages\/8170\/revisions\/8188"}],"up":[{"embeddable":true,"href":"https:\/\/heimatland-um.eu\/index.php?rest_route=\/wp\/v2\/pages\/7796"}],"wp:featuredmedia":[{"embeddable":true,"href":"https:\/\/heimatland-um.eu\/index.php?rest_route=\/wp\/v2\/media\/7565"}],"wp:attachment":[{"href":"https:\/\/heimatland-um.eu\/index.php?rest_route=%2Fwp%2Fv2%2Fmedia&parent=8170"}],"wp:term":[{"taxonomy":"folder","embeddable":true,"href":"https:\/\/heimatland-um.eu\/index.php?rest_route=%2Fwp%2Fv2%2Ffolder&post=8170"}],"curies":[{"name":"wp","href":"https:\/\/api.w.org\/{rel}","templated":true}]}}