{"id":8886,"date":"2021-06-22T18:38:35","date_gmt":"2021-06-22T16:38:35","guid":{"rendered":"https:\/\/heimatland-um.eu\/?page_id=8886"},"modified":"2023-08-10T13:44:29","modified_gmt":"2023-08-10T11:44:29","slug":"gaswerk","status":"publish","type":"page","link":"https:\/\/heimatland-um.eu\/?page_id=8886","title":{"rendered":"Gas- &#038; Elektrizit\u00e4tswerk [0]"},"content":{"rendered":"\n<p>Hier finden sie alte Akten, Dokumente und Pl\u00e4ne vom ehemaligen Gas- &amp; Elektrizit\u00e4tswerk der Stadt Schwedt an der Lindenallee zwischen Bahnhofstra\u00dfe und Karl-Marx-Stra\u00dfe. Dort befindet sich heute das Lindenquartier.<\/p>\n\n\n<div class=\"su-spacer\" style=\"height:15px\"><\/div>\n\n\n<div class=\"su-spacer\" style=\"height:15px\"><\/div>\n\n\n\n<!-- Page-list plugin v.5.9 wordpress.org\/plugins\/page-list\/ -->\n<ul class=\"page-list \">\n<li class=\"page_item page-item-8951\"><a href=\"https:\/\/heimatland-um.eu\/?page_id=8951\">Plan Gas- &#038; Elektrizit\u00e4tswerk 1916 [2]<\/a><\/li>\n<li class=\"page_item page-item-8913 page_item_has_children\"><a href=\"https:\/\/heimatland-um.eu\/?page_id=8913\">Projekt Gaslichtmotor 1914 &#8211; 1917 [0]<\/a>\n<ul class='children'>\n\t<li class=\"page_item page-item-8918\"><a href=\"https:\/\/heimatland-um.eu\/?page_id=8918\">Gaslichtmotor 1914 &#8211; 1916 Ausschreibung &#038; Angebote [1]<\/a><\/li>\n\t<li class=\"page_item page-item-8932\"><a href=\"https:\/\/heimatland-um.eu\/?page_id=8932\">Gaslichtmotor 1916 &#8211; 1917 Bericht &#038; Betriebserlaubnis [1]<\/a><\/li>\n\t<li class=\"page_item page-item-8944\"><a href=\"https:\/\/heimatland-um.eu\/?page_id=8944\">Gaslichtmotor 1916 Plan Anbau [2]<\/a><\/li>\n<\/ul>\n<\/li>\n\n<\/ul>\n\n\n<div class=\"su-spacer\" style=\"height:50px\"><\/div>\n\n\n\n<p class=\"has-text-align-center\"> <img loading=\"lazy\" decoding=\"async\" class=\"wp-image-8954\" src=\"https:\/\/heimatland-um.eu\/wp-content\/uploads\/2021\/07\/Gaswerk.jpg\" alt=\"\" height=\"400\" width=\"520\"><\/p>\n<div class=\"gsp_post_data\" \r\n\t            data-post_type=\"page\" \r\n\t            data-cat=\"\" \r\n\t            data-modified=\"120\"\r\n\t            data-created=\"1624387115\"\r\n\t            data-title=\"Gas- &#038; Elektrizit\u00e4tswerk [0]\" \r\n\t            data-home=\"https:\/\/heimatland-um.eu\"><\/div>","protected":false},"excerpt":{"rendered":"<p>Hier finden sie alte Akten, Dokumente und Pl\u00e4ne vom ehemaligen Gas- &amp; Elektrizit\u00e4tswerk der Stadt Schwedt an der Lindenallee zwischen Bahnhofstra\u00dfe und Karl-Marx-Stra\u00dfe. Dort befindet sich heute das Lindenquartier.<\/p>\n","protected":false},"author":1,"featured_media":0,"parent":2349,"menu_order":0,"comment_status":"closed","ping_status":"closed","template":"","meta":{"ngg_post_thumbnail":0,"footnotes":""},"folder":[],"class_list":["post-8886","page","type-page","status-publish","hentry"],"_links":{"self":[{"href":"https:\/\/heimatland-um.eu\/index.php?rest_route=\/wp\/v2\/pages\/8886","targetHints":{"allow":["GET"]}}],"collection":[{"href":"https:\/\/heimatland-um.eu\/index.php?rest_route=\/wp\/v2\/pages"}],"about":[{"href":"https:\/\/heimatland-um.eu\/index.php?rest_route=\/wp\/v2\/types\/page"}],"author":[{"embeddable":true,"href":"https:\/\/heimatland-um.eu\/index.php?rest_route=\/wp\/v2\/users\/1"}],"replies":[{"embeddable":true,"href":"https:\/\/heimatland-um.eu\/index.php?rest_route=%2Fwp%2Fv2%2Fcomments&post=8886"}],"version-history":[{"count":17,"href":"https:\/\/heimatland-um.eu\/index.php?rest_route=\/wp\/v2\/pages\/8886\/revisions"}],"predecessor-version":[{"id":10944,"href":"https:\/\/heimatland-um.eu\/index.php?rest_route=\/wp\/v2\/pages\/8886\/revisions\/10944"}],"up":[{"embeddable":true,"href":"https:\/\/heimatland-um.eu\/index.php?rest_route=\/wp\/v2\/pages\/2349"}],"wp:attachment":[{"href":"https:\/\/heimatland-um.eu\/index.php?rest_route=%2Fwp%2Fv2%2Fmedia&parent=8886"}],"wp:term":[{"taxonomy":"folder","embeddable":true,"href":"https:\/\/heimatland-um.eu\/index.php?rest_route=%2Fwp%2Fv2%2Ffolder&post=8886"}],"curies":[{"name":"wp","href":"https:\/\/api.w.org\/{rel}","templated":true}]}}