{"id":9154,"date":"2021-09-23T10:40:41","date_gmt":"2021-09-23T08:40:41","guid":{"rendered":"https:\/\/heimatland-um.eu\/?page_id=9154"},"modified":"2021-09-23T12:10:36","modified_gmt":"2021-09-23T10:10:36","slug":"friedeberg-neumark-strzelce-krajenskie","status":"publish","type":"page","link":"https:\/\/heimatland-um.eu\/?page_id=9154","title":{"rendered":"Friedeberg \/ Neumark (Strzelce Krajenskie)"},"content":{"rendered":"\n<p>Friedeberg auf <strong><em><a rel=\"noreferrer noopener\" href=\"https:\/\/de.wikipedia.org\/wiki\/Strzelce_Kraje%C5%84skie\" target=\"_blank\">Wikipedia<\/a><\/em><\/strong> und der offiziellen <strong><em><a rel=\"noreferrer noopener\" href=\"https:\/\/strzelce.pl\/\" target=\"_blank\">Internetpr\u00e4sentation der Stadt<\/a><\/em><\/strong> (polnisch).<\/p>\n\n\n<div class=\"su-spacer\" style=\"height:15px\"><\/div>\n\n\n\n<p>Grzegorz Grali\u0144ski STRZELCE KRAJE\u0143SKIE &#8211; FRIEDEBERG IN DER NEUMARK &#8211; GESCHICHTE EINER STADT Strzelce Kraje\u0144skie 2005 Quelle: <strong><em><a href=\"https:\/\/docplayer.org\/20075667-Strzelce-krajenskie-friedeberg-in-der-neumark-geschichte-einer-stadt.html\" data-type=\"URL\" data-id=\"https:\/\/docplayer.org\/20075667-Strzelce-krajenskie-friedeberg-in-der-neumark-geschichte-einer-stadt.html\" target=\"_blank\" rel=\"noreferrer noopener\">www.docplayer.org<\/a><\/em><\/strong> <br><br>oder lesen Sie hier:<\/p>\n\n\n<div class=\"su-spacer\" style=\"height:15px\"><\/div>\n\n\n\n<iframe loading=\"lazy\" src=\"https:\/\/www.yumpu.com\/de\/embed\/view\/IOaeW0wTEAJlPNmo\" allowfullscreen=\"true\" allowtransparency=\"true\" width=\"100%\" height=\"1000px\" frameborder=\"0\"><\/iframe><br><a href=\"https:\/\/www.yumpu.com\/de\/document\/view\/4454683\/strzelce-krajenskie-friedeberg-in-der-neumark\" title=\"strzelce kraje\u0144skie - friedeberg in der neumark\" target=\"_blank\" rel=\"noopener\">strzelce kraje\u0144skie &#8211; friedeberg in der neumark<\/a>\n<div class=\"gsp_post_data\" \r\n\t            data-post_type=\"page\" \r\n\t            data-cat=\"\" \r\n\t            data-modified=\"120\"\r\n\t            data-created=\"1632393641\"\r\n\t            data-title=\"Friedeberg \/ Neumark (Strzelce Krajenskie)\" \r\n\t            data-home=\"https:\/\/heimatland-um.eu\"><\/div>","protected":false},"excerpt":{"rendered":"<p>Friedeberg auf Wikipedia und der offiziellen Internetpr\u00e4sentation der Stadt (polnisch). Grzegorz Grali\u0144ski STRZELCE KRAJE\u0143SKIE &#8211; FRIEDEBERG IN DER NEUMARK &#8211; GESCHICHTE EINER STADT Strzelce Kraje\u0144skie 2005 Quelle: www.docplayer.org oder lesen Sie hier: strzelce kraje\u0144skie &#8211; friedeberg in der neumark<\/p>\n","protected":false},"author":1,"featured_media":0,"parent":10,"menu_order":2,"comment_status":"closed","ping_status":"closed","template":"","meta":{"ngg_post_thumbnail":0,"footnotes":""},"folder":[],"class_list":["post-9154","page","type-page","status-publish","hentry"],"_links":{"self":[{"href":"https:\/\/heimatland-um.eu\/index.php?rest_route=\/wp\/v2\/pages\/9154","targetHints":{"allow":["GET"]}}],"collection":[{"href":"https:\/\/heimatland-um.eu\/index.php?rest_route=\/wp\/v2\/pages"}],"about":[{"href":"https:\/\/heimatland-um.eu\/index.php?rest_route=\/wp\/v2\/types\/page"}],"author":[{"embeddable":true,"href":"https:\/\/heimatland-um.eu\/index.php?rest_route=\/wp\/v2\/users\/1"}],"replies":[{"embeddable":true,"href":"https:\/\/heimatland-um.eu\/index.php?rest_route=%2Fwp%2Fv2%2Fcomments&post=9154"}],"version-history":[{"count":11,"href":"https:\/\/heimatland-um.eu\/index.php?rest_route=\/wp\/v2\/pages\/9154\/revisions"}],"predecessor-version":[{"id":9177,"href":"https:\/\/heimatland-um.eu\/index.php?rest_route=\/wp\/v2\/pages\/9154\/revisions\/9177"}],"up":[{"embeddable":true,"href":"https:\/\/heimatland-um.eu\/index.php?rest_route=\/wp\/v2\/pages\/10"}],"wp:attachment":[{"href":"https:\/\/heimatland-um.eu\/index.php?rest_route=%2Fwp%2Fv2%2Fmedia&parent=9154"}],"wp:term":[{"taxonomy":"folder","embeddable":true,"href":"https:\/\/heimatland-um.eu\/index.php?rest_route=%2Fwp%2Fv2%2Ffolder&post=9154"}],"curies":[{"name":"wp","href":"https:\/\/api.w.org\/{rel}","templated":true}]}}