{"id":9527,"date":"2022-01-04T17:46:27","date_gmt":"2022-01-04T16:46:27","guid":{"rendered":"https:\/\/heimatland-um.eu\/?page_id=9527"},"modified":"2026-01-30T11:52:12","modified_gmt":"2026-01-30T10:52:12","slug":"schwedter-heimatblaetter-2","status":"publish","type":"page","link":"https:\/\/heimatland-um.eu\/?page_id=9527","title":{"rendered":"Neue Schwedter Heimatbl\u00e4tter (ab 2021) [0]"},"content":{"rendered":"<div class=\"su-tabs su-tabs-style-default su-tabs-mobile-stack\" data-active=\"2\" data-scroll-offset=\"0\" data-anchor-in-url=\"no\"><div class=\"su-tabs-nav\"><span class=\"\" data-url=\"https:\/\/heimatland-um.eu\/?page_id=166\" data-target=\"self\" tabindex=\"0\" role=\"button\">Schwedt<\/span><span class=\"\" data-url=\"https:\/\/heimatland-um.eu\/?page_id=2379\" data-target=\"\" tabindex=\"0\" role=\"button\">Stadtgeschichte<\/span><\/div><div class=\"su-tabs-panes\"><div class=\"su-tabs-pane su-u-clearfix su-u-trim\" data-title=\"Schwedt\">Wechseln zu &#8230;<\/div>\n<div class=\"su-tabs-pane su-u-clearfix su-u-trim\" data-title=\"Stadtgeschichte\">Sie befinden sich hier!<\/div><\/div><\/div>\n\n\n\n<p>Die <strong>Neuen Schwedter Heimatbl\u00e4tter<\/strong> werden unregelm\u00e4\u00dfig von Heimatland Uckermark herausgegeben. Wir suchen daf\u00fcr immer Hinweise und Fragen von Interessierten. Die Artikel sind alle sorf\u00e4ltig recherchiert. F\u00fcr Meinungen und Hinweise sind wir immer offen.<br>Eine Printausgabe kann bei uns f\u00fcr 1,50 \u20ac in s\/w erworben werden. Wir arbeiten an einer Auslage in einem Schwedter Ladengesch\u00e4ft.<br><br>Ihr Team von Heimatland Uckermark<br><br><\/p>\n\n\n\n<!-- Page-list plugin v.5.9 wordpress.org\/plugins\/page-list\/ -->\n<div class=\"page-list page-list-ext \">\n<div class=\"page-list-ext-item\"><h3 class=\"page-list-ext-title\"><a href=\"https:\/\/heimatland-um.eu\/?page_id=9533\" title=\"Ausgabe Nr. 01 \/ 2021-11-01  [0]\">Ausgabe Nr. 01 \/ 2021-11-01  [0]<\/a><\/h3><div class=\"page-list-ext-item-content\">\nInhaltsverzeichnis:  \n\n\n\n- Willkommen bei den Neuen Schwedter Heimatbl\u00e4ttern (HU)- Das Projekt Heimatland Uckermark (HU)- Kurze Geschichte der Stadt Schwedt \/ Teil 1 (D. Sill)- Der vergessene Armenfriedhof in Schwedt (D. Sill)- Schon gewu\u00dft ? (D. Sill)- Wir suchen (HU)Sammlung (HU) \n\n\n\n\n\n \n\n\n<\/div><\/div>\n<div class=\"page-list-ext-item\"><h3 class=\"page-list-ext-title\"><a href=\"https:\/\/heimatland-um.eu\/?page_id=10627\" title=\"Ausgabe Nr. 02 \/ 2023-06-29  [0]\">Ausgabe Nr. 02 \/ 2023-06-29  [0]<\/a><\/h3><div class=\"page-list-ext-item-content\">\nInhaltsverzeichnis:  \n\n\n\n- Kurze Geschichte der Stadt Schwedt \/ Teil 2 (D. Sill)- Ein Schwedendurchzug im Jahre 1627 (D. Sill)- Wir informieren (HU)Sammlung (HU) \n\n\n\n\n\n \n\n\n<\/div><\/div>\n<div class=\"page-list-ext-item\"><h3 class=\"page-list-ext-title\"><a href=\"https:\/\/heimatland-um.eu\/?page_id=11258\" title=\"Ausgabe Nr. 03 \/ 2024-02-05  [0]\">Ausgabe Nr. 03 \/ 2024-02-05  [0]<\/a><\/h3><div class=\"page-list-ext-item-content\">\nInhaltsverzeichnis:  \n\n\n\n- Kurze Geschichte der Stadt Schwedt \/ Teil 3 (D. Sill)- Urkunden der Jahre 1269, 1278, 1289 und 1334 bringen Licht ins Dunkel der regionalen Besitzverh\u00e4ltnisse (D. Sill)- Der Gro\u00dfe Kurf\u00fcrst in Schwedt im Jahre 1677- Wir informieren (HU)Sammlung (HU) \n\n\n\n\n\n \n\n\n<\/div><\/div>\n<div class=\"page-list-ext-item\"><h3 class=\"page-list-ext-title\"><a href=\"https:\/\/heimatland-um.eu\/?page_id=12332\" title=\"Ausgabe Nr. 04 \/ 2025-08-16  [0]\">Ausgabe Nr. 04 \/ 2025-08-16  [0]<\/a><\/h3><div class=\"page-list-ext-item-content\">\nInhaltsverzeichnis:  \n\n\n\n- Kurze Geschichte der Stadt Schwedt \/ Teil 4 (D. Sill)- Anton Engelhard - ein Zeugnis seiner Studienreise entlang der Oder (D. Sill)- Wie eine Kriegsbeute im Jahre 1917 Schwedt passierte (D. Sill)- \u00dcber das Onlinearchiv Heimatland Uckermark (HU)- Schon gewu\u00dft ? (D. Sill)- Wir informieren (HU)Sammlung (HU) \n\n\n\n\n\n\n<\/div><\/div>\n\n<\/div>\n<div class=\"gsp_post_data\" \r\n\t            data-post_type=\"page\" \r\n\t            data-cat=\"\" \r\n\t            data-modified=\"120\"\r\n\t            data-created=\"1641318387\"\r\n\t            data-title=\"Neue Schwedter Heimatbl\u00e4tter (ab 2021) [0]\" \r\n\t            data-home=\"https:\/\/heimatland-um.eu\"><\/div>","protected":false},"excerpt":{"rendered":"<p>Die Neuen Schwedter Heimatbl\u00e4tter werden unregelm\u00e4\u00dfig von Heimatland Uckermark herausgegeben. Wir suchen daf\u00fcr immer Hinweise und Fragen von Interessierten. Die Artikel sind alle sorf\u00e4ltig recherchiert. F\u00fcr Meinungen und Hinweise sind wir immer offen.Eine Printausgabe kann bei uns f\u00fcr 1,50 \u20ac in s\/w erworben werden. Wir arbeiten an einer Auslage in einem Schwedter Ladengesch\u00e4ft. Ihr Team von Heimatland Uckermark<\/p>\n","protected":false},"author":1,"featured_media":0,"parent":2379,"menu_order":0,"comment_status":"closed","ping_status":"closed","template":"","meta":{"ngg_post_thumbnail":0,"footnotes":""},"folder":[],"class_list":["post-9527","page","type-page","status-publish","hentry"],"_links":{"self":[{"href":"https:\/\/heimatland-um.eu\/index.php?rest_route=\/wp\/v2\/pages\/9527","targetHints":{"allow":["GET"]}}],"collection":[{"href":"https:\/\/heimatland-um.eu\/index.php?rest_route=\/wp\/v2\/pages"}],"about":[{"href":"https:\/\/heimatland-um.eu\/index.php?rest_route=\/wp\/v2\/types\/page"}],"author":[{"embeddable":true,"href":"https:\/\/heimatland-um.eu\/index.php?rest_route=\/wp\/v2\/users\/1"}],"replies":[{"embeddable":true,"href":"https:\/\/heimatland-um.eu\/index.php?rest_route=%2Fwp%2Fv2%2Fcomments&post=9527"}],"version-history":[{"count":8,"href":"https:\/\/heimatland-um.eu\/index.php?rest_route=\/wp\/v2\/pages\/9527\/revisions"}],"predecessor-version":[{"id":12510,"href":"https:\/\/heimatland-um.eu\/index.php?rest_route=\/wp\/v2\/pages\/9527\/revisions\/12510"}],"up":[{"embeddable":true,"href":"https:\/\/heimatland-um.eu\/index.php?rest_route=\/wp\/v2\/pages\/2379"}],"wp:attachment":[{"href":"https:\/\/heimatland-um.eu\/index.php?rest_route=%2Fwp%2Fv2%2Fmedia&parent=9527"}],"wp:term":[{"taxonomy":"folder","embeddable":true,"href":"https:\/\/heimatland-um.eu\/index.php?rest_route=%2Fwp%2Fv2%2Ffolder&post=9527"}],"curies":[{"name":"wp","href":"https:\/\/api.w.org\/{rel}","templated":true}]}}