{"id":9610,"date":"2022-01-31T18:42:44","date_gmt":"2022-01-31T17:42:44","guid":{"rendered":"https:\/\/heimatland-um.eu\/?page_id=9610"},"modified":"2022-01-31T18:42:44","modified_gmt":"2022-01-31T17:42:44","slug":"cia-berichte-von-1950-bis-1954-1-2-2","status":"publish","type":"page","link":"https:\/\/heimatland-um.eu\/?page_id=9610","title":{"rendered":"Pfingsttreffen der FDJ in Schwedt &#8211; Teilnehmerheft mit Programmablauf\/ 1968 [0]"},"content":{"rendered":"<div class=\"su-spacer\" style=\"height:15px\"><\/div>\n\n\n\n<p>Das Pfingsttreffen der FDJ, bzw Jugendtreffen der FDJ Pfingsten in Schwedt, fand vom 1. &#8211; 3. Juni 1968 in Schwedt statt. An dem Wochenende gab es 150 Veranstaltungen f\u00fcr die Einwohner, G\u00e4ste und Helfer. Der Sonnabend endete mit einem gro\u00dfen Feierwerk und etlichen Tanzveranstaltungen. (TK)<\/p>\n\n\n<div class=\"su-spacer\" style=\"height:15px\"><\/div>\n\n\n\n\t\t<div class=\"wppdfemb-frame-container-1\" style=\"-webkit-overflow-scrolling:auto;\">\n\t\t\t<iframe class=\"pdfembed-iframe nonfullscreen wppdf-emb-iframe-1\"\n\t\t\t\tsrc=\"https:\/\/heimatland-um.eu\/?pdfemb-data=eyJwZGZJRCI6OTYxMSwiaW5kZXgiOjEsInBkZmVtYi1zZXJ2ZXVybCI6Imh0dHBzJTNBJTJGJTJGaGVpbWF0bGFuZC11bS5ldSUyRndwLWNvbnRlbnQlMkZ1cGxvYWRzJTJGc2VjdXJlcGRmcyUyRjIwMjIlMkYwMSUyRlBmaW5nc3Rlbl8xOTY4X0hVTS5wZGYiLCJ3bV90ZXh0IjoiZDNkM0xtaGxhVzFoZEd4aGJtUXRkVzB1WkdVTkNnMEtlM1Z6WlhKdVlXMWxmUTBLRFFwM2QzY3VhR1ZwYldGMGJHRnVaQzExYlM1a1pRPT0ifQ\"\n\t\t\t\t\t\t\t\tdata-pdf-id=\"9611\"\n\t\t\t\tdata-pdf-index=\"1\"\n\t\t\t\tstyle=\"border:none;width:100%;max-width:100%;height:100vh;\"\n\t\t\t\tscrolling=\"yes\">\n\t\t\t<\/iframe>\n\t\t<\/div>\n\n\t\t\n<p class=\"wp-block-pdfemb-pdf-embedder-viewer\"><\/p>\n\n\n<div class=\"su-divider su-divider-style-default\" style=\"margin:0px 0;border-width:1px;border-color:#999999\"><a href=\"#\" style=\"color:#999999\">Nach oben<\/a><\/div>\n<div class=\"gsp_post_data\" \r\n\t            data-post_type=\"page\" \r\n\t            data-cat=\"\" \r\n\t            data-modified=\"120\"\r\n\t            data-created=\"1643654564\"\r\n\t            data-title=\"Pfingsttreffen der FDJ in Schwedt &#8211; Teilnehmerheft mit Programmablauf\/ 1968 [0]\" \r\n\t            data-home=\"https:\/\/heimatland-um.eu\"><\/div>","protected":false},"excerpt":{"rendered":"<p>Das Pfingsttreffen der FDJ, bzw Jugendtreffen der FDJ Pfingsten in Schwedt, fand vom 1. &#8211; 3. Juni 1968 in Schwedt statt. An dem Wochenende gab es 150 Veranstaltungen f\u00fcr die Einwohner, G\u00e4ste und Helfer. Der Sonnabend endete mit einem gro\u00dfen Feierwerk und etlichen Tanzveranstaltungen. (TK)<\/p>\n","protected":false},"author":1,"featured_media":0,"parent":2470,"menu_order":0,"comment_status":"closed","ping_status":"closed","template":"","meta":{"ngg_post_thumbnail":0,"footnotes":""},"folder":[],"class_list":["post-9610","page","type-page","status-publish","hentry"],"_links":{"self":[{"href":"https:\/\/heimatland-um.eu\/index.php?rest_route=\/wp\/v2\/pages\/9610","targetHints":{"allow":["GET"]}}],"collection":[{"href":"https:\/\/heimatland-um.eu\/index.php?rest_route=\/wp\/v2\/pages"}],"about":[{"href":"https:\/\/heimatland-um.eu\/index.php?rest_route=\/wp\/v2\/types\/page"}],"author":[{"embeddable":true,"href":"https:\/\/heimatland-um.eu\/index.php?rest_route=\/wp\/v2\/users\/1"}],"replies":[{"embeddable":true,"href":"https:\/\/heimatland-um.eu\/index.php?rest_route=%2Fwp%2Fv2%2Fcomments&post=9610"}],"version-history":[{"count":2,"href":"https:\/\/heimatland-um.eu\/index.php?rest_route=\/wp\/v2\/pages\/9610\/revisions"}],"predecessor-version":[{"id":9613,"href":"https:\/\/heimatland-um.eu\/index.php?rest_route=\/wp\/v2\/pages\/9610\/revisions\/9613"}],"up":[{"embeddable":true,"href":"https:\/\/heimatland-um.eu\/index.php?rest_route=\/wp\/v2\/pages\/2470"}],"wp:attachment":[{"href":"https:\/\/heimatland-um.eu\/index.php?rest_route=%2Fwp%2Fv2%2Fmedia&parent=9610"}],"wp:term":[{"taxonomy":"folder","embeddable":true,"href":"https:\/\/heimatland-um.eu\/index.php?rest_route=%2Fwp%2Fv2%2Ffolder&post=9610"}],"curies":[{"name":"wp","href":"https:\/\/api.w.org\/{rel}","templated":true}]}}