{"id":9802,"date":"2020-02-23T17:56:15","date_gmt":"2020-02-23T16:56:15","guid":{"rendered":"https:\/\/heimatland-um.eu\/?page_id=9802"},"modified":"2022-07-13T12:16:47","modified_gmt":"2022-07-13T10:16:47","slug":"kehrberg-erleuterter-historisch-chronologischer-abriss-der-stadt-koenigsberg-in-der-neu-marck-1724-1725-0-2","status":"publish","type":"page","link":"https:\/\/heimatland-um.eu\/?page_id=9802","title":{"rendered":"Reiche &#8211; Bausteine zur Geschichte der Stadt K\u00f6nigsberg in der Neumark w\u00e4hrend des Mittelalters \/ 1898 [0]"},"content":{"rendered":"\n<p> Professor Robert Reiche, Bausteine zur Geschichte der Stadt K\u00f6nigsberg in der Neumark w\u00e4hrend des Mittelalter, 159 S. (1889)<br><br>Public-Domain Dokument von <a rel=\"noreferrer noopener\" href=\"https:\/\/kpbc.umk.pl\/dlibra\/publication\/235938\/edition\/233871\" target=\"_blank\">Wojew\u00f3dzka Biblioteka Publiczna &#8211; Ksi\u0105\u017cnica Kopernika\u0144ska w Toruniu<\/a><\/p>\n\n\n<div class=\"su-spacer\" style=\"height:15px\"><\/div>\n\n\n\n\t\t<div class=\"wppdfemb-frame-container-1\" style=\"-webkit-overflow-scrolling:auto;\">\n\t\t\t<iframe class=\"pdfembed-iframe nonfullscreen wppdf-emb-iframe-1\"\n\t\t\t\tsrc=\"https:\/\/heimatland-um.eu\/?pdfemb-data=eyJwZGZJRCI6OTgwMywiaW5kZXgiOjEsInBkZmVtYi1zZXJ2ZXVybCI6Imh0dHBzJTNBJTJGJTJGaGVpbWF0bGFuZC11bS5ldSUyRndwLWNvbnRlbnQlMkZ1cGxvYWRzJTJGc2VjdXJlcGRmcyUyRjIwMjIlMkYwNyUyRjIzMzg3MV9CYXVzdGVpbmVfenVyX0dlc2NoaWNodGVfZGVyX1N0YWR0X0tvbmlnc2JlcmdfaW5fZC5wZGYiLCJ3bV90ZXh0IjoiZDNkM0xtaGxhVzFoZEd4aGJtUXRkVzB1WkdVTkNnMEtlM1Z6WlhKdVlXMWxmUTBLRFFwM2QzY3VhR1ZwYldGMGJHRnVaQzExYlM1a1pRPT0ifQ\"\n\t\t\t\t\t\t\t\tdata-pdf-id=\"9803\"\n\t\t\t\tdata-pdf-index=\"1\"\n\t\t\t\tstyle=\"border:none;width:100%;max-width:100%;height:100vh;\"\n\t\t\t\tscrolling=\"yes\">\n\t\t\t<\/iframe>\n\t\t<\/div>\n\n\t\t\n<p class=\"wp-block-pdfemb-pdf-embedder-viewer\"><\/p>\n<div class=\"gsp_post_data\" \r\n\t            data-post_type=\"page\" \r\n\t            data-cat=\"\" \r\n\t            data-modified=\"120\"\r\n\t            data-created=\"1582480575\"\r\n\t            data-title=\"Reiche &#8211; Bausteine zur Geschichte der Stadt K\u00f6nigsberg in der Neumark w\u00e4hrend des Mittelalters \/ 1898 [0]\" \r\n\t            data-home=\"https:\/\/heimatland-um.eu\"><\/div>","protected":false},"excerpt":{"rendered":"<p>Professor Robert Reiche, Bausteine zur Geschichte der Stadt K\u00f6nigsberg in der Neumark w\u00e4hrend des Mittelalter, 159 S. (1889) Public-Domain Dokument von Wojew\u00f3dzka Biblioteka Publiczna &#8211; Ksi\u0105\u017cnica Kopernika\u0144ska w Toruniu<\/p>\n","protected":false},"author":1,"featured_media":0,"parent":3855,"menu_order":0,"comment_status":"open","ping_status":"closed","template":"","meta":{"ngg_post_thumbnail":0,"footnotes":""},"folder":[],"class_list":["post-9802","page","type-page","status-publish","hentry"],"_links":{"self":[{"href":"https:\/\/heimatland-um.eu\/index.php?rest_route=\/wp\/v2\/pages\/9802","targetHints":{"allow":["GET"]}}],"collection":[{"href":"https:\/\/heimatland-um.eu\/index.php?rest_route=\/wp\/v2\/pages"}],"about":[{"href":"https:\/\/heimatland-um.eu\/index.php?rest_route=\/wp\/v2\/types\/page"}],"author":[{"embeddable":true,"href":"https:\/\/heimatland-um.eu\/index.php?rest_route=\/wp\/v2\/users\/1"}],"replies":[{"embeddable":true,"href":"https:\/\/heimatland-um.eu\/index.php?rest_route=%2Fwp%2Fv2%2Fcomments&post=9802"}],"version-history":[{"count":1,"href":"https:\/\/heimatland-um.eu\/index.php?rest_route=\/wp\/v2\/pages\/9802\/revisions"}],"predecessor-version":[{"id":9804,"href":"https:\/\/heimatland-um.eu\/index.php?rest_route=\/wp\/v2\/pages\/9802\/revisions\/9804"}],"up":[{"embeddable":true,"href":"https:\/\/heimatland-um.eu\/index.php?rest_route=\/wp\/v2\/pages\/3855"}],"wp:attachment":[{"href":"https:\/\/heimatland-um.eu\/index.php?rest_route=%2Fwp%2Fv2%2Fmedia&parent=9802"}],"wp:term":[{"taxonomy":"folder","embeddable":true,"href":"https:\/\/heimatland-um.eu\/index.php?rest_route=%2Fwp%2Fv2%2Ffolder&post=9802"}],"curies":[{"name":"wp","href":"https:\/\/api.w.org\/{rel}","templated":true}]}}